{"id":72679,"date":"2023-07-04T22:00:53","date_gmt":"2023-07-04T20:00:53","guid":{"rendered":"https:\/\/dogandfamily.com\/?post_type=product&#038;p=72679"},"modified":"2026-04-08T15:18:51","modified_gmt":"2026-04-08T13:18:51","slug":"50-restaurants-dog-friendly-de-catalunya-2","status":"publish","type":"product","link":"https:\/\/dogandfamily.com\/ca\/productes\/50-restaurants-dog-friendly-de-catalunya-2\/","title":{"rendered":"50 RESTAURANTS DOG FRIENDLY DE CATALUNYA 2025"},"content":{"rendered":"<p><strong>Guia online de 50 restaurants dog friendly en diferents comarques de Catalunya<\/strong><\/p>\n<p>M\u00e9s de 50 p\u00e0gines amb informaci\u00f3 detallada de cada restaurant: fotos, especialitats, opcions vegetarianes, veganes o sense gluten, preus carta i men\u00fa, horaris, si s\u00f3n adaptats per persones amb mobilitat redu\u00efda, si els deixen bevedores o donen <span class=\"ydpf01751ddhiddenGrammarError\">xuxes als gossos<\/span>&#8230;<\/p>\n<p>T&#8217;esperen 50 excel\u00b7lents restaurants dog friendly de Catalunya, repartits en bonics indrets de tota la geografia catalana, la Garrotxa, la Cerdanya, la Vall d&#8217;Aran, la Noguera, l&#8217;Alta Ribagor\u00e7a, el Priorat, el Pallars Juss\u00e0 i el Sobir\u00e0, el Solson\u00e8s, el Giron\u00e8s, el Vall\u00e8s Oriental i Occidental&#8230; fins a 25 comarques de tot Catalunya! Hi descobrir\u00e0s: restaurants especialitzats en cuina catalana, exquisits arrossos, de muntanya o de mar, \u2063 restaurants vegans o vegetarians\u2063, especialitats italianes: pasta, pizzes\u2063, tamb\u00e9 molts llocs amb opcions sense gluten<span class=\"hiddenGrammarError\">,\u2063<\/span>\u00a0especialitats en marisc, restaurants on fer cal\u00e7otades, cerveseries artesanes\u2063&#8230; I les millors postres, a tots!! \u2063<\/p>\n<p><strong>Idioma:<\/strong> catal\u00e0<\/p>\n<p><strong>P\u00e0gines<\/strong>: 58<\/p>\n<p><strong>Format:<\/strong> PDF<\/p>\n","protected":false},"excerpt":{"rendered":"<h3 class=\"elementor-heading-title elementor-size-default\">La gu\u00eda online imprescindible per a tota Dog &amp; Family!<\/h3>\n<p>&nbsp;<\/p>\n<p>Alguna vegada t&#8217;has hagut de conformar a menjar en una terrassa d&#8217;un restaurant de poble, amb calor, pluja o vent, perqu\u00e8 no sabies on anar a dinar amb el gos?<\/p>\n<p>Pensant\u00a0<span class=\"hiddenGrammarError\">en quan<\/span> fas una escapada amb el teu gos, hem fet la primera guia de restaurants dog <span class=\"hiddenSpellError\">friendly de<\/span> zones rurals i de comarques de tot Catalunya! En les seves p\u00e0gines hi descobrir\u00e0s alguns dels millors restaurants dog <span class=\"hiddenSpellError\">friendly<\/span> de Catalunya, on el teu gos ser\u00e0 un m\u00e9s de la fam\u00edlia i podreu dinar junts en el seu menjador. I el millor de tot, la podr\u00e0s portar sempre al m\u00f2bil!<\/p>\n<p>Afegeix a la teva cistella de compra i la rebr\u00e0s al moment al teu mail amb un enlla\u00e7 per descarregar-te-la!<\/p>\n<p>IMPORTANT! Si el teu gos encara no \u00e9s del Club Dog &amp; Family, fes-lo soci o s\u00f2cia i tindreu totes les nostres guies gratis! Estan valorades en m\u00e9s de 60 \u20ac i ara les pots aconseguir amb una promoci\u00f3 especial per a noves altes 2026! Aprofita, \u00e9s un estalvi molt important!<\/p>\n<p><strong>Clica damunt del logo i dona&#8217;l d&#8217;alta ara aprofitant la promoci\u00f3 per a noves altes 2026!<\/strong><\/p>\n<p>&nbsp;<\/p>\n<p><a href=\"https:\/\/dogandfamily.com\/ca\/socis-i-socies\/\"><img fetchpriority=\"high\" decoding=\"async\" class=\"size-full wp-image-59497 aligncenter\" src=\"https:\/\/dogandfamily.com\/wp-content\/uploads\/2023\/12\/flip-logo.png\" alt=\"\" width=\"280\" height=\"280\" srcset=\"https:\/\/ebo7dpuwy2d.exactdn.com\/wp-content\/uploads\/2023\/12\/flip-logo.png?strip=all 280w, https:\/\/ebo7dpuwy2d.exactdn.com\/wp-content\/uploads\/2023\/12\/flip-logo-150x150.png?strip=all 150w, https:\/\/ebo7dpuwy2d.exactdn.com\/wp-content\/uploads\/2023\/12\/flip-logo-100x100.png?strip=all 100w, https:\/\/ebo7dpuwy2d.exactdn.com\/wp-content\/uploads\/2023\/12\/flip-logo.png?strip=all&amp;w=224 224w\" sizes=\"(max-width: 280px) 100vw, 280px\" \/><\/a><\/p>\n<p>&nbsp;<\/p>\n<p>https:\/\/dogandfamily.com\/ca\/socis-i-socies\/<\/p>\n<p>&nbsp;<\/p>\n<p>&nbsp;<\/p>\n<p>&nbsp;<\/p>\n<p>&nbsp;<\/p>\n","protected":false},"featured_media":69974,"comment_status":"open","ping_status":"closed","template":"","meta":{"inline_featured_image":false,"site-sidebar-layout":"default","site-content-layout":"","ast-site-content-layout":"default","site-content-style":"default","site-sidebar-style":"default","ast-global-header-display":"","ast-banner-title-visibility":"","ast-main-header-display":"","ast-hfb-above-header-display":"","ast-hfb-below-header-display":"","ast-hfb-mobile-header-display":"","site-post-title":"","ast-breadcrumbs-content":"","ast-featured-img":"","footer-sml-layout":"","ast-disable-related-posts":"","theme-transparent-header-meta":"","adv-header-id-meta":"","stick-header-meta":"","header-above-stick-meta":"","header-main-stick-meta":"","header-below-stick-meta":"","astra-migrate-meta-layouts":"default","ast-page-background-enabled":"default","ast-page-background-meta":{"desktop":{"background-color":"","background-image":"","background-repeat":"repeat","background-position":"center center","background-size":"auto","background-attachment":"scroll","background-type":"","background-media":"","overlay-type":"","overlay-color":"","overlay-opacity":"","overlay-gradient":""},"tablet":{"background-color":"","background-image":"","background-repeat":"repeat","background-position":"center center","background-size":"auto","background-attachment":"scroll","background-type":"","background-media":"","overlay-type":"","overlay-color":"","overlay-opacity":"","overlay-gradient":""},"mobile":{"background-color":"","background-image":"","background-repeat":"repeat","background-position":"center center","background-size":"auto","background-attachment":"scroll","background-type":"","background-media":"","overlay-type":"","overlay-color":"","overlay-opacity":"","overlay-gradient":""}},"ast-content-background-meta":{"desktop":{"background-color":"var(--ast-global-color-5)","background-image":"","background-repeat":"repeat","background-position":"center center","background-size":"auto","background-attachment":"scroll","background-type":"","background-media":"","overlay-type":"","overlay-color":"","overlay-opacity":"","overlay-gradient":""},"tablet":{"background-color":"var(--ast-global-color-5)","background-image":"","background-repeat":"repeat","background-position":"center center","background-size":"auto","background-attachment":"scroll","background-type":"","background-media":"","overlay-type":"","overlay-color":"","overlay-opacity":"","overlay-gradient":""},"mobile":{"background-color":"var(--ast-global-color-5)","background-image":"","background-repeat":"repeat","background-position":"center center","background-size":"auto","background-attachment":"scroll","background-type":"","background-media":"","overlay-type":"","overlay-color":"","overlay-opacity":"","overlay-gradient":""}}},"product_brand":[],"product_cat":[302],"product_tag":[307],"class_list":{"0":"post-72679","1":"product","2":"type-product","3":"status-publish","4":"has-post-thumbnail","6":"product_cat-guies-ca","7":"product_tag-guias-ca","8":"desktop-align-center","9":"tablet-align-left","10":"mobile-align-left","12":"first","13":"instock","14":"sale","15":"downloadable","16":"virtual","17":"taxable","18":"purchasable","19":"product-type-simple"},"yoast_head":"<!-- This site is optimized with the Yoast SEO plugin v27.3 - https:\/\/yoast.com\/product\/yoast-seo-wordpress\/ -->\n<title>50 RESTAURANTS DOG FRIENDLY DE CATALUNYA 2025 - Dog &amp; Family<\/title>\n<meta name=\"description\" content=\"La guia imprescindible per a totes les fam\u00edlies amb gos! Els millors restaurants dog friendly de tot Catalunya per quan t&#039;escapes amb el teu millor amic.\" \/>\n<meta name=\"robots\" content=\"index, follow, max-snippet:-1, max-image-preview:large, max-video-preview:-1\" \/>\n<link rel=\"canonical\" href=\"https:\/\/dogandfamily.com\/ca\/productes\/50-restaurants-dog-friendly-de-catalunya-2\/\" \/>\n<meta property=\"og:locale\" content=\"ca_ES\" \/>\n<meta property=\"og:type\" content=\"article\" \/>\n<meta property=\"og:title\" content=\"50 RESTAURANTS DOG FRIENDLY DE CATALUNYA 2025 - Dog &amp; Family\" \/>\n<meta property=\"og:description\" content=\"La guia imprescindible per a totes les fam\u00edlies amb gos! Els millors restaurants dog friendly de tot Catalunya per quan t&#039;escapes amb el teu millor amic.\" \/>\n<meta property=\"og:url\" content=\"https:\/\/dogandfamily.com\/ca\/productes\/50-restaurants-dog-friendly-de-catalunya-2\/\" \/>\n<meta property=\"og:site_name\" content=\"Dog &amp; Family\" \/>\n<meta property=\"article:modified_time\" content=\"2026-04-08T13:18:51+00:00\" \/>\n<meta name=\"twitter:card\" content=\"summary_large_image\" \/>\n<meta name=\"twitter:label1\" content=\"Temps estimat de lectura\" \/>\n\t<meta name=\"twitter:data1\" content=\"1 minut\" \/>\n<script type=\"application\/ld+json\" class=\"yoast-schema-graph\">{\"@context\":\"https:\\\/\\\/schema.org\",\"@graph\":[{\"@type\":\"WebPage\",\"@id\":\"https:\\\/\\\/dogandfamily.com\\\/ca\\\/productes\\\/50-restaurants-dog-friendly-de-catalunya-2\\\/\",\"url\":\"https:\\\/\\\/dogandfamily.com\\\/ca\\\/productes\\\/50-restaurants-dog-friendly-de-catalunya-2\\\/\",\"name\":\"50 RESTAURANTS DOG FRIENDLY DE CATALUNYA 2025 - Dog &amp; Family\",\"isPartOf\":{\"@id\":\"https:\\\/\\\/dogandfamily.com\\\/ca\\\/#website\"},\"primaryImageOfPage\":{\"@id\":\"https:\\\/\\\/dogandfamily.com\\\/ca\\\/productes\\\/50-restaurants-dog-friendly-de-catalunya-2\\\/#primaryimage\"},\"image\":{\"@id\":\"https:\\\/\\\/dogandfamily.com\\\/ca\\\/productes\\\/50-restaurants-dog-friendly-de-catalunya-2\\\/#primaryimage\"},\"thumbnailUrl\":\"https:\\\/\\\/ebo7dpuwy2d.exactdn.com\\\/wp-content\\\/uploads\\\/2025\\\/09\\\/Portada-nova-guia-2025.jpg?strip=all\",\"datePublished\":\"2023-07-04T20:00:53+00:00\",\"dateModified\":\"2026-04-08T13:18:51+00:00\",\"description\":\"La guia imprescindible per a totes les fam\u00edlies amb gos! Els millors restaurants dog friendly de tot Catalunya per quan t'escapes amb el teu millor amic.\",\"breadcrumb\":{\"@id\":\"https:\\\/\\\/dogandfamily.com\\\/ca\\\/productes\\\/50-restaurants-dog-friendly-de-catalunya-2\\\/#breadcrumb\"},\"inLanguage\":\"ca\",\"potentialAction\":[{\"@type\":\"ReadAction\",\"target\":[\"https:\\\/\\\/dogandfamily.com\\\/ca\\\/productes\\\/50-restaurants-dog-friendly-de-catalunya-2\\\/\"]}]},{\"@type\":\"ImageObject\",\"inLanguage\":\"ca\",\"@id\":\"https:\\\/\\\/dogandfamily.com\\\/ca\\\/productes\\\/50-restaurants-dog-friendly-de-catalunya-2\\\/#primaryimage\",\"url\":\"https:\\\/\\\/ebo7dpuwy2d.exactdn.com\\\/wp-content\\\/uploads\\\/2025\\\/09\\\/Portada-nova-guia-2025.jpg?strip=all\",\"contentUrl\":\"https:\\\/\\\/ebo7dpuwy2d.exactdn.com\\\/wp-content\\\/uploads\\\/2025\\\/09\\\/Portada-nova-guia-2025.jpg?strip=all\",\"width\":1061,\"height\":1500},{\"@type\":\"BreadcrumbList\",\"@id\":\"https:\\\/\\\/dogandfamily.com\\\/ca\\\/productes\\\/50-restaurants-dog-friendly-de-catalunya-2\\\/#breadcrumb\",\"itemListElement\":[{\"@type\":\"ListItem\",\"position\":1,\"name\":\"Portada\",\"item\":\"https:\\\/\\\/dogandfamily.com\\\/ca\\\/\"},{\"@type\":\"ListItem\",\"position\":2,\"name\":\"Botiga\",\"item\":\"https:\\\/\\\/dogandfamily.com\\\/ca\\\/botiga\\\/\"},{\"@type\":\"ListItem\",\"position\":3,\"name\":\"50 RESTAURANTS DOG FRIENDLY DE CATALUNYA 2025\"}]},{\"@type\":\"WebSite\",\"@id\":\"https:\\\/\\\/dogandfamily.com\\\/ca\\\/#website\",\"url\":\"https:\\\/\\\/dogandfamily.com\\\/ca\\\/\",\"name\":\"Dog &amp; Family\",\"description\":\"Alojamientos con alma para disfrutar de la naturaleza con tu perro. Los alojamientos DOG &amp; FAMILY son sencillos y peque\u00f1os hoteles y casa rurales con encanto, ideales para personas que quieren hacer senderismo, descubrir nuevos lugares o simplemente desconectar. Y compartir estos buenos momentos con tu perro.\",\"publisher\":{\"@id\":\"https:\\\/\\\/dogandfamily.com\\\/ca\\\/#organization\"},\"potentialAction\":[{\"@type\":\"SearchAction\",\"target\":{\"@type\":\"EntryPoint\",\"urlTemplate\":\"https:\\\/\\\/dogandfamily.com\\\/ca\\\/?s={search_term_string}\"},\"query-input\":{\"@type\":\"PropertyValueSpecification\",\"valueRequired\":true,\"valueName\":\"search_term_string\"}}],\"inLanguage\":\"ca\"},{\"@type\":\"Organization\",\"@id\":\"https:\\\/\\\/dogandfamily.com\\\/ca\\\/#organization\",\"name\":\"Dog &amp; Family\",\"url\":\"https:\\\/\\\/dogandfamily.com\\\/ca\\\/\",\"logo\":{\"@type\":\"ImageObject\",\"inLanguage\":\"ca\",\"@id\":\"https:\\\/\\\/dogandfamily.com\\\/ca\\\/#\\\/schema\\\/logo\\\/image\\\/\",\"url\":\"https:\\\/\\\/ebo7dpuwy2d.exactdn.com\\\/wp-content\\\/uploads\\\/2020\\\/05\\\/Gos-family-logo-51a01eb83678f53ac09cf9dc5d7ec805.png?strip=all\",\"contentUrl\":\"https:\\\/\\\/ebo7dpuwy2d.exactdn.com\\\/wp-content\\\/uploads\\\/2020\\\/05\\\/Gos-family-logo-51a01eb83678f53ac09cf9dc5d7ec805.png?strip=all\",\"width\":313,\"height\":313,\"caption\":\"Dog &amp; Family\"},\"image\":{\"@id\":\"https:\\\/\\\/dogandfamily.com\\\/ca\\\/#\\\/schema\\\/logo\\\/image\\\/\"}}]}<\/script>\n<!-- \/ Yoast SEO plugin. -->","yoast_head_json":{"title":"50 RESTAURANTS DOG FRIENDLY DE CATALUNYA 2025 - Dog &amp; Family","description":"La guia imprescindible per a totes les fam\u00edlies amb gos! Els millors restaurants dog friendly de tot Catalunya per quan t'escapes amb el teu millor amic.","robots":{"index":"index","follow":"follow","max-snippet":"max-snippet:-1","max-image-preview":"max-image-preview:large","max-video-preview":"max-video-preview:-1"},"canonical":"https:\/\/dogandfamily.com\/ca\/productes\/50-restaurants-dog-friendly-de-catalunya-2\/","og_locale":"ca_ES","og_type":"article","og_title":"50 RESTAURANTS DOG FRIENDLY DE CATALUNYA 2025 - Dog &amp; Family","og_description":"La guia imprescindible per a totes les fam\u00edlies amb gos! Els millors restaurants dog friendly de tot Catalunya per quan t'escapes amb el teu millor amic.","og_url":"https:\/\/dogandfamily.com\/ca\/productes\/50-restaurants-dog-friendly-de-catalunya-2\/","og_site_name":"Dog &amp; Family","article_modified_time":"2026-04-08T13:18:51+00:00","twitter_card":"summary_large_image","twitter_misc":{"Temps estimat de lectura":"1 minut"},"schema":{"@context":"https:\/\/schema.org","@graph":[{"@type":"WebPage","@id":"https:\/\/dogandfamily.com\/ca\/productes\/50-restaurants-dog-friendly-de-catalunya-2\/","url":"https:\/\/dogandfamily.com\/ca\/productes\/50-restaurants-dog-friendly-de-catalunya-2\/","name":"50 RESTAURANTS DOG FRIENDLY DE CATALUNYA 2025 - Dog &amp; Family","isPartOf":{"@id":"https:\/\/dogandfamily.com\/ca\/#website"},"primaryImageOfPage":{"@id":"https:\/\/dogandfamily.com\/ca\/productes\/50-restaurants-dog-friendly-de-catalunya-2\/#primaryimage"},"image":{"@id":"https:\/\/dogandfamily.com\/ca\/productes\/50-restaurants-dog-friendly-de-catalunya-2\/#primaryimage"},"thumbnailUrl":"https:\/\/ebo7dpuwy2d.exactdn.com\/wp-content\/uploads\/2025\/09\/Portada-nova-guia-2025.jpg?strip=all","datePublished":"2023-07-04T20:00:53+00:00","dateModified":"2026-04-08T13:18:51+00:00","description":"La guia imprescindible per a totes les fam\u00edlies amb gos! Els millors restaurants dog friendly de tot Catalunya per quan t'escapes amb el teu millor amic.","breadcrumb":{"@id":"https:\/\/dogandfamily.com\/ca\/productes\/50-restaurants-dog-friendly-de-catalunya-2\/#breadcrumb"},"inLanguage":"ca","potentialAction":[{"@type":"ReadAction","target":["https:\/\/dogandfamily.com\/ca\/productes\/50-restaurants-dog-friendly-de-catalunya-2\/"]}]},{"@type":"ImageObject","inLanguage":"ca","@id":"https:\/\/dogandfamily.com\/ca\/productes\/50-restaurants-dog-friendly-de-catalunya-2\/#primaryimage","url":"https:\/\/ebo7dpuwy2d.exactdn.com\/wp-content\/uploads\/2025\/09\/Portada-nova-guia-2025.jpg?strip=all","contentUrl":"https:\/\/ebo7dpuwy2d.exactdn.com\/wp-content\/uploads\/2025\/09\/Portada-nova-guia-2025.jpg?strip=all","width":1061,"height":1500},{"@type":"BreadcrumbList","@id":"https:\/\/dogandfamily.com\/ca\/productes\/50-restaurants-dog-friendly-de-catalunya-2\/#breadcrumb","itemListElement":[{"@type":"ListItem","position":1,"name":"Portada","item":"https:\/\/dogandfamily.com\/ca\/"},{"@type":"ListItem","position":2,"name":"Botiga","item":"https:\/\/dogandfamily.com\/ca\/botiga\/"},{"@type":"ListItem","position":3,"name":"50 RESTAURANTS DOG FRIENDLY DE CATALUNYA 2025"}]},{"@type":"WebSite","@id":"https:\/\/dogandfamily.com\/ca\/#website","url":"https:\/\/dogandfamily.com\/ca\/","name":"Dog &amp; Family","description":"Alojamientos con alma para disfrutar de la naturaleza con tu perro. Los alojamientos DOG &amp; FAMILY son sencillos y peque\u00f1os hoteles y casa rurales con encanto, ideales para personas que quieren hacer senderismo, descubrir nuevos lugares o simplemente desconectar. Y compartir estos buenos momentos con tu perro.","publisher":{"@id":"https:\/\/dogandfamily.com\/ca\/#organization"},"potentialAction":[{"@type":"SearchAction","target":{"@type":"EntryPoint","urlTemplate":"https:\/\/dogandfamily.com\/ca\/?s={search_term_string}"},"query-input":{"@type":"PropertyValueSpecification","valueRequired":true,"valueName":"search_term_string"}}],"inLanguage":"ca"},{"@type":"Organization","@id":"https:\/\/dogandfamily.com\/ca\/#organization","name":"Dog &amp; Family","url":"https:\/\/dogandfamily.com\/ca\/","logo":{"@type":"ImageObject","inLanguage":"ca","@id":"https:\/\/dogandfamily.com\/ca\/#\/schema\/logo\/image\/","url":"https:\/\/ebo7dpuwy2d.exactdn.com\/wp-content\/uploads\/2020\/05\/Gos-family-logo-51a01eb83678f53ac09cf9dc5d7ec805.png?strip=all","contentUrl":"https:\/\/ebo7dpuwy2d.exactdn.com\/wp-content\/uploads\/2020\/05\/Gos-family-logo-51a01eb83678f53ac09cf9dc5d7ec805.png?strip=all","width":313,"height":313,"caption":"Dog &amp; Family"},"image":{"@id":"https:\/\/dogandfamily.com\/ca\/#\/schema\/logo\/image\/"}}]}},"_links":{"self":[{"href":"https:\/\/dogandfamily.com\/ca\/wp-json\/wp\/v2\/product\/72679","targetHints":{"allow":["GET"]}}],"collection":[{"href":"https:\/\/dogandfamily.com\/ca\/wp-json\/wp\/v2\/product"}],"about":[{"href":"https:\/\/dogandfamily.com\/ca\/wp-json\/wp\/v2\/types\/product"}],"replies":[{"embeddable":true,"href":"https:\/\/dogandfamily.com\/ca\/wp-json\/wp\/v2\/comments?post=72679"}],"wp:featuredmedia":[{"embeddable":true,"href":"https:\/\/dogandfamily.com\/ca\/wp-json\/wp\/v2\/media\/69974"}],"wp:attachment":[{"href":"https:\/\/dogandfamily.com\/ca\/wp-json\/wp\/v2\/media?parent=72679"}],"wp:term":[{"taxonomy":"product_brand","embeddable":true,"href":"https:\/\/dogandfamily.com\/ca\/wp-json\/wp\/v2\/product_brand?post=72679"},{"taxonomy":"product_cat","embeddable":true,"href":"https:\/\/dogandfamily.com\/ca\/wp-json\/wp\/v2\/product_cat?post=72679"},{"taxonomy":"product_tag","embeddable":true,"href":"https:\/\/dogandfamily.com\/ca\/wp-json\/wp\/v2\/product_tag?post=72679"}],"curies":[{"name":"wp","href":"https:\/\/api.w.org\/{rel}","templated":true}]}}