{"id":71322,"date":"2025-12-14T15:13:07","date_gmt":"2025-12-14T14:13:07","guid":{"rendered":"https:\/\/dogandfamily.com\/?post_type=product&#038;p=71322"},"modified":"2025-12-14T15:47:46","modified_gmt":"2025-12-14T14:47:46","slug":"targeta-regal-100-e-model-2-persones","status":"publish","type":"product","link":"https:\/\/dogandfamily.com\/ca\/productes\/targeta-regal-100-e-model-2-persones\/","title":{"rendered":"Targeta regal 100 \u20ac (model 2)"},"content":{"rendered":"<p>Targeta virtual per regalar i utilitzar en qualsevol dels allotjaments de Catalunya de la nostra web pr\u00e8via petici\u00f3 de reserva amb Dog &amp; Family. L&#8217;import es descomptar\u00e0 del total de l&#8217;estada i \u00e9s aplicable a una \u00fanica reserva. La resta de l&#8217;import s&#8217;haur\u00e0 d&#8217;abonar a l&#8217;allotjament amb el m\u00e8tode acordat amb el mateix.<\/p>\n<p>La targeta regal \u00e9s personal i intransferible i nom\u00e9s podr\u00e0 utilitzar-la la persona a nom de qui estigui registrada.<\/p>\n<p>Per activar la targeta, nom\u00e9s cal contactar amb Dog &amp; Family indicant l&#8217;allotjament escollit.<\/p>\n<p><strong>Com fer la reserva:<\/strong><\/p>\n<ol>\n<li>La persona titular de la targeta podr\u00e0 escollir un allotjament D &amp; F de Catalunya entre les diferents opcions<br \/>\nque apareixen a la nostra web<\/li>\n<li>Per reservar haur\u00e0 d&#8217;enviar un correu a hola@dogandfamily.com<br \/>\nindicant la refer\u00e8ncia de la seva targeta (que haurem facilitat per mail) i el<br \/>\nnom de la casa escollida (amb la data de la reserva)<\/li>\n<li>L&#8217;allotjament contactar\u00e0 amb la persona titular de la targeta per confirmar-li disponibilitat o per acordar unes altres dates<\/li>\n<li>L&#8217;import de la targeta ser\u00e0 descomptat del total de la reserva. La resta l&#8217;haur\u00e0 d&#8217;abonar a l&#8217;allotjament en les condicions acordades amb el mateix<\/li>\n<li>\u00a0I ja nom\u00e9s queda GAUDIR DE L&#8217;ESTADA!<\/li>\n<\/ol>\n<p><strong>IMPORTANT:<\/strong><\/p>\n<ul>\n<li>Validesa de la targeta: fins al 31\/12\/2026<\/li>\n<li>Les condicions de la reserva i forma de pagament de la resta de l&#8217;import, les estableix cada allotjament<\/li>\n<li>Una vegada escollit un allotjament no es pot canviar per un altre<\/li>\n<li>Reserva subjecta a disponibilitat, es recomana contactar amb<br \/>\nsuficient antelaci\u00f3<\/li>\n<li>Per a dubtes o consultes contacteu amb hola@dogandfamily.com<\/li>\n<\/ul>\n<p>Dog &amp; Family nom\u00e9s actua com a enlla\u00e7 entre el client i l&#8217;allotjament. <span class=\"a_GcMg font-feature-liga-off font-feature-clig-off font-feature-calt-off text-decoration-none text-strikethrough-none\">La data de la reserva es concertar\u00e0 entre el client i l&#8217;allotjament que ser\u00e0 qui la gestionar\u00e0, informar\u00e0 i resoldr\u00e0 els dubtes sobre l&#8217;estada.<\/span><\/p>\n<p>Aquestes festes, no cobrem les despeses de gesti\u00f3 ni de la personalitzaci\u00f3 de la targeta. Targetes a la venda limitades a 1o unitats<\/p>\n<p>A D &amp; F sempre utilitzem fotos de persones i gossos reals, facilitades volunt\u00e0riament per fam\u00edlies que han estat a alguna de les cases que recomanem, a restaurants o han fet rutes. (Excepcionalment, en les targetes pot haver-hi alguna imatge d&#8217;estocs fotogr\u00e0fics o generada amb IA)<\/p>\n","protected":false},"excerpt":{"rendered":"<h2><strong>Regala una targeta de 100 \u20ac per utilitzar en algun dels fant\u00e0stics allotjaments de la nostra web! <\/strong><\/h2>\n<p><strong>Targeta regal online de 100 \u20ac<\/strong> per utilitzar en un qualsevol dels allotjaments Dog &amp; Family de Catalunya.<\/p>\n<p>Personalitzem la targeta a nom de la persona i gos a qui va dirigida i de part de qui la regala. I te l&#8217;enviem al mail en 24\/48 h perqu\u00e8 la puguis regalar aquestes\u00a0 festes a una persona amb gos amant del turisme rural.<\/p>\n<p>Te validesa fins al 31\/12\/2026<\/p>\n<p>(Aquestes festes, no cobrem les despeses de gesti\u00f3 ni de la personalitzaci\u00f3 de la targeta. Targetes a la venda limitades a 1o unitats)<\/p>\n<p>&nbsp;<\/p>\n<p>&nbsp;<\/p>\n","protected":false},"featured_media":71208,"comment_status":"closed","ping_status":"closed","template":"","meta":{"inline_featured_image":false,"site-sidebar-layout":"default","site-content-layout":"","ast-site-content-layout":"default","site-content-style":"default","site-sidebar-style":"default","ast-global-header-display":"","ast-banner-title-visibility":"","ast-main-header-display":"","ast-hfb-above-header-display":"","ast-hfb-below-header-display":"","ast-hfb-mobile-header-display":"","site-post-title":"","ast-breadcrumbs-content":"","ast-featured-img":"","footer-sml-layout":"","ast-disable-related-posts":"","theme-transparent-header-meta":"default","adv-header-id-meta":"","stick-header-meta":"","header-above-stick-meta":"","header-main-stick-meta":"","header-below-stick-meta":"","astra-migrate-meta-layouts":"set","ast-page-background-enabled":"default","ast-page-background-meta":{"desktop":{"background-color":"","background-image":"","background-repeat":"repeat","background-position":"center center","background-size":"auto","background-attachment":"scroll","background-type":"","background-media":"","overlay-type":"","overlay-color":"","overlay-opacity":"","overlay-gradient":""},"tablet":{"background-color":"","background-image":"","background-repeat":"repeat","background-position":"center center","background-size":"auto","background-attachment":"scroll","background-type":"","background-media":"","overlay-type":"","overlay-color":"","overlay-opacity":"","overlay-gradient":""},"mobile":{"background-color":"","background-image":"","background-repeat":"repeat","background-position":"center center","background-size":"auto","background-attachment":"scroll","background-type":"","background-media":"","overlay-type":"","overlay-color":"","overlay-opacity":"","overlay-gradient":""}},"ast-content-background-meta":{"desktop":{"background-color":"var(--ast-global-color-5)","background-image":"","background-repeat":"repeat","background-position":"center center","background-size":"auto","background-attachment":"scroll","background-type":"","background-media":"","overlay-type":"","overlay-color":"","overlay-opacity":"","overlay-gradient":""},"tablet":{"background-color":"var(--ast-global-color-5)","background-image":"","background-repeat":"repeat","background-position":"center center","background-size":"auto","background-attachment":"scroll","background-type":"","background-media":"","overlay-type":"","overlay-color":"","overlay-opacity":"","overlay-gradient":""},"mobile":{"background-color":"var(--ast-global-color-5)","background-image":"","background-repeat":"repeat","background-position":"center center","background-size":"auto","background-attachment":"scroll","background-type":"","background-media":"","overlay-type":"","overlay-color":"","overlay-opacity":"","overlay-gradient":""}}},"product_brand":[],"product_cat":[458],"product_tag":[],"class_list":{"0":"post-71322","1":"product","2":"type-product","3":"status-publish","4":"has-post-thumbnail","6":"product_cat-targetes","7":"desktop-align-center","8":"tablet-align-left","9":"mobile-align-left","11":"first","12":"instock","13":"virtual","14":"purchasable","15":"product-type-simple"},"yoast_head":"<!-- This site is optimized with the Yoast SEO plugin v27.3 - https:\/\/yoast.com\/product\/yoast-seo-wordpress\/ -->\n<title>Targeta regal 100 \u20ac (model 2) - Dog &amp; Family<\/title>\n<meta name=\"robots\" content=\"index, follow, max-snippet:-1, max-image-preview:large, max-video-preview:-1\" \/>\n<link rel=\"canonical\" href=\"https:\/\/dogandfamily.com\/ca\/productes\/targeta-regal-100-e-model-2-persones\/\" \/>\n<meta property=\"og:locale\" content=\"ca_ES\" \/>\n<meta property=\"og:type\" content=\"article\" \/>\n<meta property=\"og:title\" content=\"Targeta regal 100 \u20ac (model 2) - Dog &amp; Family\" \/>\n<meta property=\"og:description\" content=\"Regala una targeta de 100 \u20ac per utilitzar en algun dels fant\u00e0stics allotjaments de la nostra web!  Targeta regal online de 100 \u20ac per utilitzar en un qualsevol dels allotjaments Dog &amp; Family de Catalunya.  Personalitzem la targeta a nom de la persona i gos a qui va dirigida i de part de qui la regala. I te l&#039;enviem al mail en 24\/48 h perqu\u00e8 la puguis regalar aquestes\u00a0 festes a una persona amb gos amant del turisme rural.  Te validesa fins al 31\/12\/2026  (Aquestes festes, no cobrem les despeses de gesti\u00f3 ni de la personalitzaci\u00f3 de la targeta. Targetes a la venda limitades a 1o unitats)  &nbsp;  &nbsp;\" \/>\n<meta property=\"og:url\" content=\"https:\/\/dogandfamily.com\/ca\/productes\/targeta-regal-100-e-model-2-persones\/\" \/>\n<meta property=\"og:site_name\" content=\"Dog &amp; Family\" \/>\n<meta property=\"article:modified_time\" content=\"2025-12-14T14:47:46+00:00\" \/>\n<meta property=\"og:image\" content=\"https:\/\/dogandfamily.com\/wp-content\/uploads\/2025\/12\/VAL-100-2-PERSONES-web.jpg\" \/>\n\t<meta property=\"og:image:width\" content=\"1400\" \/>\n\t<meta property=\"og:image:height\" content=\"850\" \/>\n\t<meta property=\"og:image:type\" content=\"image\/jpeg\" \/>\n<meta name=\"twitter:card\" content=\"summary_large_image\" \/>\n<meta name=\"twitter:label1\" content=\"Temps estimat de lectura\" \/>\n\t<meta name=\"twitter:data1\" content=\"2 minuts\" \/>\n<script type=\"application\/ld+json\" class=\"yoast-schema-graph\">{\"@context\":\"https:\\\/\\\/schema.org\",\"@graph\":[{\"@type\":\"WebPage\",\"@id\":\"https:\\\/\\\/dogandfamily.com\\\/ca\\\/productes\\\/targeta-regal-100-e-model-2-persones\\\/\",\"url\":\"https:\\\/\\\/dogandfamily.com\\\/ca\\\/productes\\\/targeta-regal-100-e-model-2-persones\\\/\",\"name\":\"Targeta regal 100 \u20ac (model 2) - Dog &amp; Family\",\"isPartOf\":{\"@id\":\"https:\\\/\\\/dogandfamily.com\\\/ca\\\/#website\"},\"primaryImageOfPage\":{\"@id\":\"https:\\\/\\\/dogandfamily.com\\\/ca\\\/productes\\\/targeta-regal-100-e-model-2-persones\\\/#primaryimage\"},\"image\":{\"@id\":\"https:\\\/\\\/dogandfamily.com\\\/ca\\\/productes\\\/targeta-regal-100-e-model-2-persones\\\/#primaryimage\"},\"thumbnailUrl\":\"https:\\\/\\\/ebo7dpuwy2d.exactdn.com\\\/wp-content\\\/uploads\\\/2025\\\/12\\\/VAL-100-2-PERSONES-web.jpg?strip=all\",\"datePublished\":\"2025-12-14T14:13:07+00:00\",\"dateModified\":\"2025-12-14T14:47:46+00:00\",\"breadcrumb\":{\"@id\":\"https:\\\/\\\/dogandfamily.com\\\/ca\\\/productes\\\/targeta-regal-100-e-model-2-persones\\\/#breadcrumb\"},\"inLanguage\":\"ca\",\"potentialAction\":[{\"@type\":\"ReadAction\",\"target\":[\"https:\\\/\\\/dogandfamily.com\\\/ca\\\/productes\\\/targeta-regal-100-e-model-2-persones\\\/\"]}]},{\"@type\":\"ImageObject\",\"inLanguage\":\"ca\",\"@id\":\"https:\\\/\\\/dogandfamily.com\\\/ca\\\/productes\\\/targeta-regal-100-e-model-2-persones\\\/#primaryimage\",\"url\":\"https:\\\/\\\/ebo7dpuwy2d.exactdn.com\\\/wp-content\\\/uploads\\\/2025\\\/12\\\/VAL-100-2-PERSONES-web.jpg?strip=all\",\"contentUrl\":\"https:\\\/\\\/ebo7dpuwy2d.exactdn.com\\\/wp-content\\\/uploads\\\/2025\\\/12\\\/VAL-100-2-PERSONES-web.jpg?strip=all\",\"width\":1400,\"height\":850},{\"@type\":\"BreadcrumbList\",\"@id\":\"https:\\\/\\\/dogandfamily.com\\\/ca\\\/productes\\\/targeta-regal-100-e-model-2-persones\\\/#breadcrumb\",\"itemListElement\":[{\"@type\":\"ListItem\",\"position\":1,\"name\":\"Portada\",\"item\":\"https:\\\/\\\/dogandfamily.com\\\/ca\\\/\"},{\"@type\":\"ListItem\",\"position\":2,\"name\":\"Botiga\",\"item\":\"https:\\\/\\\/dogandfamily.com\\\/ca\\\/botiga\\\/\"},{\"@type\":\"ListItem\",\"position\":3,\"name\":\"Targeta regal 100 \u20ac (model 2)\"}]},{\"@type\":\"WebSite\",\"@id\":\"https:\\\/\\\/dogandfamily.com\\\/ca\\\/#website\",\"url\":\"https:\\\/\\\/dogandfamily.com\\\/ca\\\/\",\"name\":\"Dog &amp; Family\",\"description\":\"Alojamientos con alma para disfrutar de la naturaleza con tu perro. Los alojamientos DOG &amp; FAMILY son sencillos y peque\u00f1os hoteles y casa rurales con encanto, ideales para personas que quieren hacer senderismo, descubrir nuevos lugares o simplemente desconectar. Y compartir estos buenos momentos con tu perro.\",\"publisher\":{\"@id\":\"https:\\\/\\\/dogandfamily.com\\\/ca\\\/#organization\"},\"potentialAction\":[{\"@type\":\"SearchAction\",\"target\":{\"@type\":\"EntryPoint\",\"urlTemplate\":\"https:\\\/\\\/dogandfamily.com\\\/ca\\\/?s={search_term_string}\"},\"query-input\":{\"@type\":\"PropertyValueSpecification\",\"valueRequired\":true,\"valueName\":\"search_term_string\"}}],\"inLanguage\":\"ca\"},{\"@type\":\"Organization\",\"@id\":\"https:\\\/\\\/dogandfamily.com\\\/ca\\\/#organization\",\"name\":\"Dog &amp; Family\",\"url\":\"https:\\\/\\\/dogandfamily.com\\\/ca\\\/\",\"logo\":{\"@type\":\"ImageObject\",\"inLanguage\":\"ca\",\"@id\":\"https:\\\/\\\/dogandfamily.com\\\/ca\\\/#\\\/schema\\\/logo\\\/image\\\/\",\"url\":\"https:\\\/\\\/ebo7dpuwy2d.exactdn.com\\\/wp-content\\\/uploads\\\/2020\\\/05\\\/Gos-family-logo-51a01eb83678f53ac09cf9dc5d7ec805.png?strip=all\",\"contentUrl\":\"https:\\\/\\\/ebo7dpuwy2d.exactdn.com\\\/wp-content\\\/uploads\\\/2020\\\/05\\\/Gos-family-logo-51a01eb83678f53ac09cf9dc5d7ec805.png?strip=all\",\"width\":313,\"height\":313,\"caption\":\"Dog &amp; Family\"},\"image\":{\"@id\":\"https:\\\/\\\/dogandfamily.com\\\/ca\\\/#\\\/schema\\\/logo\\\/image\\\/\"}}]}<\/script>\n<!-- \/ Yoast SEO plugin. -->","yoast_head_json":{"title":"Targeta regal 100 \u20ac (model 2) - Dog &amp; Family","robots":{"index":"index","follow":"follow","max-snippet":"max-snippet:-1","max-image-preview":"max-image-preview:large","max-video-preview":"max-video-preview:-1"},"canonical":"https:\/\/dogandfamily.com\/ca\/productes\/targeta-regal-100-e-model-2-persones\/","og_locale":"ca_ES","og_type":"article","og_title":"Targeta regal 100 \u20ac (model 2) - Dog &amp; Family","og_description":"Regala una targeta de 100 \u20ac per utilitzar en algun dels fant\u00e0stics allotjaments de la nostra web!  Targeta regal online de 100 \u20ac per utilitzar en un qualsevol dels allotjaments Dog &amp; Family de Catalunya.  Personalitzem la targeta a nom de la persona i gos a qui va dirigida i de part de qui la regala. I te l'enviem al mail en 24\/48 h perqu\u00e8 la puguis regalar aquestes\u00a0 festes a una persona amb gos amant del turisme rural.  Te validesa fins al 31\/12\/2026  (Aquestes festes, no cobrem les despeses de gesti\u00f3 ni de la personalitzaci\u00f3 de la targeta. Targetes a la venda limitades a 1o unitats)  &nbsp;  &nbsp;","og_url":"https:\/\/dogandfamily.com\/ca\/productes\/targeta-regal-100-e-model-2-persones\/","og_site_name":"Dog &amp; Family","article_modified_time":"2025-12-14T14:47:46+00:00","og_image":[{"width":1400,"height":850,"url":"https:\/\/dogandfamily.com\/wp-content\/uploads\/2025\/12\/VAL-100-2-PERSONES-web.jpg","type":"image\/jpeg"}],"twitter_card":"summary_large_image","twitter_misc":{"Temps estimat de lectura":"2 minuts"},"schema":{"@context":"https:\/\/schema.org","@graph":[{"@type":"WebPage","@id":"https:\/\/dogandfamily.com\/ca\/productes\/targeta-regal-100-e-model-2-persones\/","url":"https:\/\/dogandfamily.com\/ca\/productes\/targeta-regal-100-e-model-2-persones\/","name":"Targeta regal 100 \u20ac (model 2) - Dog &amp; Family","isPartOf":{"@id":"https:\/\/dogandfamily.com\/ca\/#website"},"primaryImageOfPage":{"@id":"https:\/\/dogandfamily.com\/ca\/productes\/targeta-regal-100-e-model-2-persones\/#primaryimage"},"image":{"@id":"https:\/\/dogandfamily.com\/ca\/productes\/targeta-regal-100-e-model-2-persones\/#primaryimage"},"thumbnailUrl":"https:\/\/ebo7dpuwy2d.exactdn.com\/wp-content\/uploads\/2025\/12\/VAL-100-2-PERSONES-web.jpg?strip=all","datePublished":"2025-12-14T14:13:07+00:00","dateModified":"2025-12-14T14:47:46+00:00","breadcrumb":{"@id":"https:\/\/dogandfamily.com\/ca\/productes\/targeta-regal-100-e-model-2-persones\/#breadcrumb"},"inLanguage":"ca","potentialAction":[{"@type":"ReadAction","target":["https:\/\/dogandfamily.com\/ca\/productes\/targeta-regal-100-e-model-2-persones\/"]}]},{"@type":"ImageObject","inLanguage":"ca","@id":"https:\/\/dogandfamily.com\/ca\/productes\/targeta-regal-100-e-model-2-persones\/#primaryimage","url":"https:\/\/ebo7dpuwy2d.exactdn.com\/wp-content\/uploads\/2025\/12\/VAL-100-2-PERSONES-web.jpg?strip=all","contentUrl":"https:\/\/ebo7dpuwy2d.exactdn.com\/wp-content\/uploads\/2025\/12\/VAL-100-2-PERSONES-web.jpg?strip=all","width":1400,"height":850},{"@type":"BreadcrumbList","@id":"https:\/\/dogandfamily.com\/ca\/productes\/targeta-regal-100-e-model-2-persones\/#breadcrumb","itemListElement":[{"@type":"ListItem","position":1,"name":"Portada","item":"https:\/\/dogandfamily.com\/ca\/"},{"@type":"ListItem","position":2,"name":"Botiga","item":"https:\/\/dogandfamily.com\/ca\/botiga\/"},{"@type":"ListItem","position":3,"name":"Targeta regal 100 \u20ac (model 2)"}]},{"@type":"WebSite","@id":"https:\/\/dogandfamily.com\/ca\/#website","url":"https:\/\/dogandfamily.com\/ca\/","name":"Dog &amp; Family","description":"Alojamientos con alma para disfrutar de la naturaleza con tu perro. Los alojamientos DOG &amp; FAMILY son sencillos y peque\u00f1os hoteles y casa rurales con encanto, ideales para personas que quieren hacer senderismo, descubrir nuevos lugares o simplemente desconectar. Y compartir estos buenos momentos con tu perro.","publisher":{"@id":"https:\/\/dogandfamily.com\/ca\/#organization"},"potentialAction":[{"@type":"SearchAction","target":{"@type":"EntryPoint","urlTemplate":"https:\/\/dogandfamily.com\/ca\/?s={search_term_string}"},"query-input":{"@type":"PropertyValueSpecification","valueRequired":true,"valueName":"search_term_string"}}],"inLanguage":"ca"},{"@type":"Organization","@id":"https:\/\/dogandfamily.com\/ca\/#organization","name":"Dog &amp; Family","url":"https:\/\/dogandfamily.com\/ca\/","logo":{"@type":"ImageObject","inLanguage":"ca","@id":"https:\/\/dogandfamily.com\/ca\/#\/schema\/logo\/image\/","url":"https:\/\/ebo7dpuwy2d.exactdn.com\/wp-content\/uploads\/2020\/05\/Gos-family-logo-51a01eb83678f53ac09cf9dc5d7ec805.png?strip=all","contentUrl":"https:\/\/ebo7dpuwy2d.exactdn.com\/wp-content\/uploads\/2020\/05\/Gos-family-logo-51a01eb83678f53ac09cf9dc5d7ec805.png?strip=all","width":313,"height":313,"caption":"Dog &amp; Family"},"image":{"@id":"https:\/\/dogandfamily.com\/ca\/#\/schema\/logo\/image\/"}}]}},"_links":{"self":[{"href":"https:\/\/dogandfamily.com\/ca\/wp-json\/wp\/v2\/product\/71322","targetHints":{"allow":["GET"]}}],"collection":[{"href":"https:\/\/dogandfamily.com\/ca\/wp-json\/wp\/v2\/product"}],"about":[{"href":"https:\/\/dogandfamily.com\/ca\/wp-json\/wp\/v2\/types\/product"}],"replies":[{"embeddable":true,"href":"https:\/\/dogandfamily.com\/ca\/wp-json\/wp\/v2\/comments?post=71322"}],"wp:featuredmedia":[{"embeddable":true,"href":"https:\/\/dogandfamily.com\/ca\/wp-json\/wp\/v2\/media\/71208"}],"wp:attachment":[{"href":"https:\/\/dogandfamily.com\/ca\/wp-json\/wp\/v2\/media?parent=71322"}],"wp:term":[{"taxonomy":"product_brand","embeddable":true,"href":"https:\/\/dogandfamily.com\/ca\/wp-json\/wp\/v2\/product_brand?post=71322"},{"taxonomy":"product_cat","embeddable":true,"href":"https:\/\/dogandfamily.com\/ca\/wp-json\/wp\/v2\/product_cat?post=71322"},{"taxonomy":"product_tag","embeddable":true,"href":"https:\/\/dogandfamily.com\/ca\/wp-json\/wp\/v2\/product_tag?post=71322"}],"curies":[{"name":"wp","href":"https:\/\/api.w.org\/{rel}","templated":true}]}}