{"id":55586,"date":"2023-07-07T19:51:42","date_gmt":"2023-07-07T17:51:42","guid":{"rendered":"https:\/\/dogandfamily.com\/productes\/15-combos-dog-family\/"},"modified":"2026-04-09T11:19:38","modified_gmt":"2026-04-09T09:19:38","slug":"15-combos-dog-family-2","status":"publish","type":"product","link":"https:\/\/dogandfamily.com\/ca\/producto\/15-combos-dog-family-2\/","title":{"rendered":"15 COMBOS DOG &#038; FAMILY, guia digital rutes f\u00e0cils + restaurants (Primer volum)"},"content":{"rendered":"<p>Guia online amb 15 rutes f\u00e0cils i ben senyalitzades per fer en fam\u00edlia combinades amb un restaurant dog friendly a prop.<\/p>\n<p>M\u00e9s de 50 p\u00e0gines que combinen, 15 rutes, unes curtes, altres m\u00e9s llargues per\u00f2 ben senyalitzades i sense dificultat t\u00e8cnica amb un restaurant dog friendly a la mateixa zona.<\/p>\n<p>A la guia tamb\u00e9 hi trobar\u00e0s: zones de p\u00edcnic per si vols menjar a l&#8217;aire lliure, enlla\u00e7os molt \u00fatils per poder planificar millor la ruta, com un link al punt d&#8217;inici de l&#8217;itinerari per saber on est\u00e0 ubicat i com arribar-hi.<\/p>\n<p>I tota la informaci\u00f3 detallada del restaurant, especialitats, preus de men\u00fa, carta, tel\u00e8fon&#8230; I tamb\u00e9 uns pictogrames per veure de forma molt visual les opcions que ofereixen (si s\u00f3n vegetarians o vegans, tenen opcions sense gluten, s\u00f3n adaptats per a persones amb mobilitat redu\u00efda, disposen d&#8217;aparcament, etc.)<\/p>\n<p><strong>Idioma:<\/strong> catal\u00e0<\/p>\n<p><strong>P\u00e0gines:<\/strong> 53<\/p>\n<p><strong>Format:<\/strong> PDF<\/p>\n","protected":false},"excerpt":{"rendered":"<h3 class=\"elementor-heading-title elementor-size-default\">El millor pla per una escapada d&#8217;un dia!<\/h3>\n<p>&nbsp;<\/p>\n<p>Primer volum de la guia online de <strong>15 COMBOS DOG &amp; FAMILY, rutes f\u00e0cils + restaurants<\/strong>, \u00e9s ideal per a totes les fam\u00edlies que voleu fer una escapada d&#8217;un dia, o de nom\u00e9s unes hores&#8230; I acabar-la amb un bon dinar!<\/p>\n<p>Desconnecta i gaudeix de la natura sense complicacions amb itineraris f\u00e0cils, sense dificultat t\u00e8cnica i ben senyalitzats. Per completar la jornada, a prop de la ruta et proposem un restaurant on poder amb el gos.<\/p>\n","protected":false},"featured_media":51747,"comment_status":"open","ping_status":"closed","template":"","meta":{"_acf_changed":false,"site-sidebar-layout":"default","site-content-layout":"default","ast-site-content-layout":"default","site-content-style":"default","site-sidebar-style":"default","ast-global-header-display":"","ast-banner-title-visibility":"","ast-main-header-display":"","ast-hfb-above-header-display":"","ast-hfb-below-header-display":"","ast-hfb-mobile-header-display":"","site-post-title":"","ast-breadcrumbs-content":"","ast-featured-img":"","footer-sml-layout":"","ast-disable-related-posts":"","theme-transparent-header-meta":"default","adv-header-id-meta":"","stick-header-meta":"","header-above-stick-meta":"","header-main-stick-meta":"","header-below-stick-meta":"","astra-migrate-meta-layouts":"set","ast-page-background-enabled":"default","ast-page-background-meta":{"desktop":{"background-color":"var(--ast-global-color-4)","background-image":"","background-repeat":"repeat","background-position":"center center","background-size":"auto","background-attachment":"scroll","background-type":"","background-media":"","overlay-type":"","overlay-color":"","overlay-opacity":"","overlay-gradient":""},"tablet":{"background-color":"","background-image":"","background-repeat":"repeat","background-position":"center center","background-size":"auto","background-attachment":"scroll","background-type":"","background-media":"","overlay-type":"","overlay-color":"","overlay-opacity":"","overlay-gradient":""},"mobile":{"background-color":"","background-image":"","background-repeat":"repeat","background-position":"center center","background-size":"auto","background-attachment":"scroll","background-type":"","background-media":"","overlay-type":"","overlay-color":"","overlay-opacity":"","overlay-gradient":""}},"ast-content-background-meta":{"desktop":{"background-color":"var(--ast-global-color-5)","background-image":"","background-repeat":"repeat","background-position":"center center","background-size":"auto","background-attachment":"scroll","background-type":"","background-media":"","overlay-type":"","overlay-color":"","overlay-opacity":"","overlay-gradient":""},"tablet":{"background-color":"var(--ast-global-color-5)","background-image":"","background-repeat":"repeat","background-position":"center center","background-size":"auto","background-attachment":"scroll","background-type":"","background-media":"","overlay-type":"","overlay-color":"","overlay-opacity":"","overlay-gradient":""},"mobile":{"background-color":"var(--ast-global-color-5)","background-image":"","background-repeat":"repeat","background-position":"center center","background-size":"auto","background-attachment":"scroll","background-type":"","background-media":"","overlay-type":"","overlay-color":"","overlay-opacity":"","overlay-gradient":""}}},"product_brand":[],"product_cat":[186],"product_tag":[185],"class_list":{"0":"post-55586","1":"product","2":"type-product","3":"status-publish","4":"has-post-thumbnail","6":"product_cat-guies-ca","7":"product_tag-guies-ca","8":"desktop-align-center","9":"tablet-align-left","10":"mobile-align-left","12":"first","13":"instock","14":"taxable","15":"shipping-taxable","16":"purchasable","17":"product-type-variable"},"acf":[],"yoast_head":"<!-- This site is optimized with the Yoast SEO plugin v27.4 - https:\/\/yoast.com\/product\/yoast-seo-wordpress\/ -->\n<title>15 COMBOS DOG &amp; FAMILY, guia digital rutes f\u00e0cils + restaurants (Primer volum) - Dog &amp; Family<\/title>\n<meta name=\"description\" content=\"La millor guia online per una escapada d&#039;un dia amb el teu gos! Rutes f\u00e0cils + dinar a un restaurant dog friendly. Desconnecta amb el teu millor amic!\" \/>\n<meta name=\"robots\" content=\"index, follow, max-snippet:-1, max-image-preview:large, max-video-preview:-1\" \/>\n<link rel=\"canonical\" href=\"https:\/\/dogandfamily.com\/ca\/producto\/15-combos-dog-family-2\/\" \/>\n<meta property=\"og:locale\" content=\"ca_ES\" \/>\n<meta property=\"og:type\" content=\"article\" \/>\n<meta property=\"og:title\" content=\"15 COMBOS DOG &amp; FAMILY, guia digital rutes f\u00e0cils + restaurants (Primer volum) - Dog &amp; Family\" \/>\n<meta property=\"og:description\" content=\"La millor guia online per una escapada d&#039;un dia amb el teu gos! Rutes f\u00e0cils + dinar a un restaurant dog friendly. Desconnecta amb el teu millor amic!\" \/>\n<meta property=\"og:url\" content=\"https:\/\/dogandfamily.com\/ca\/producto\/15-combos-dog-family-2\/\" \/>\n<meta property=\"og:site_name\" content=\"Dog &amp; Family\" \/>\n<meta property=\"article:modified_time\" content=\"2026-04-09T09:19:38+00:00\" \/>\n<meta property=\"og:image\" content=\"https:\/\/dogandfamily.com\/wp-content\/uploads\/2023\/04\/Combos-.jpg\" \/>\n\t<meta property=\"og:image:width\" content=\"1357\" \/>\n\t<meta property=\"og:image:height\" content=\"1920\" \/>\n\t<meta property=\"og:image:type\" content=\"image\/jpeg\" \/>\n<meta name=\"twitter:card\" content=\"summary_large_image\" \/>\n<meta name=\"twitter:label1\" content=\"Temps estimat de lectura\" \/>\n\t<meta name=\"twitter:data1\" content=\"1 minut\" \/>\n<script type=\"application\/ld+json\" class=\"yoast-schema-graph\">{\"@context\":\"https:\\\/\\\/schema.org\",\"@graph\":[{\"@type\":\"WebPage\",\"@id\":\"https:\\\/\\\/dogandfamily.com\\\/ca\\\/producto\\\/15-combos-dog-family-2\\\/\",\"url\":\"https:\\\/\\\/dogandfamily.com\\\/ca\\\/producto\\\/15-combos-dog-family-2\\\/\",\"name\":\"15 COMBOS DOG & FAMILY, guia digital rutes f\u00e0cils + restaurants (Primer volum) - Dog &amp; Family\",\"isPartOf\":{\"@id\":\"https:\\\/\\\/dogandfamily.com\\\/ca\\\/#website\"},\"primaryImageOfPage\":{\"@id\":\"https:\\\/\\\/dogandfamily.com\\\/ca\\\/producto\\\/15-combos-dog-family-2\\\/#primaryimage\"},\"image\":{\"@id\":\"https:\\\/\\\/dogandfamily.com\\\/ca\\\/producto\\\/15-combos-dog-family-2\\\/#primaryimage\"},\"thumbnailUrl\":\"https:\\\/\\\/dogandfamily.com\\\/wp-content\\\/uploads\\\/2023\\\/04\\\/Combos-.jpg\",\"datePublished\":\"2023-07-07T17:51:42+00:00\",\"dateModified\":\"2026-04-09T09:19:38+00:00\",\"description\":\"La millor guia online per una escapada d'un dia amb el teu gos! Rutes f\u00e0cils + dinar a un restaurant dog friendly. Desconnecta amb el teu millor amic!\",\"breadcrumb\":{\"@id\":\"https:\\\/\\\/dogandfamily.com\\\/ca\\\/producto\\\/15-combos-dog-family-2\\\/#breadcrumb\"},\"inLanguage\":\"ca\",\"potentialAction\":[{\"@type\":\"ReadAction\",\"target\":[\"https:\\\/\\\/dogandfamily.com\\\/ca\\\/producto\\\/15-combos-dog-family-2\\\/\"]}]},{\"@type\":\"ImageObject\",\"inLanguage\":\"ca\",\"@id\":\"https:\\\/\\\/dogandfamily.com\\\/ca\\\/producto\\\/15-combos-dog-family-2\\\/#primaryimage\",\"url\":\"https:\\\/\\\/dogandfamily.com\\\/wp-content\\\/uploads\\\/2023\\\/04\\\/Combos-.jpg\",\"contentUrl\":\"https:\\\/\\\/dogandfamily.com\\\/wp-content\\\/uploads\\\/2023\\\/04\\\/Combos-.jpg\",\"width\":1357,\"height\":1920},{\"@type\":\"BreadcrumbList\",\"@id\":\"https:\\\/\\\/dogandfamily.com\\\/ca\\\/producto\\\/15-combos-dog-family-2\\\/#breadcrumb\",\"itemListElement\":[{\"@type\":\"ListItem\",\"position\":1,\"name\":\"Portada\",\"item\":\"https:\\\/\\\/dogandfamily.com\\\/ca\\\/\"},{\"@type\":\"ListItem\",\"position\":2,\"name\":\"Botiga\",\"item\":\"https:\\\/\\\/dogandfamily.com\\\/tienda\\\/\"},{\"@type\":\"ListItem\",\"position\":3,\"name\":\"15 COMBOS DOG &#038; FAMILY, guia digital rutes f\u00e0cils + restaurants (Primer volum)\"}]},{\"@type\":\"WebSite\",\"@id\":\"https:\\\/\\\/dogandfamily.com\\\/ca\\\/#website\",\"url\":\"https:\\\/\\\/dogandfamily.com\\\/ca\\\/\",\"name\":\"Dog &amp; Family\",\"description\":\"Alojamientos en la naturaleza para disfrutar con tu perro\",\"publisher\":{\"@id\":\"https:\\\/\\\/dogandfamily.com\\\/ca\\\/#organization\"},\"potentialAction\":[{\"@type\":\"SearchAction\",\"target\":{\"@type\":\"EntryPoint\",\"urlTemplate\":\"https:\\\/\\\/dogandfamily.com\\\/ca\\\/?s={search_term_string}\"},\"query-input\":{\"@type\":\"PropertyValueSpecification\",\"valueRequired\":true,\"valueName\":\"search_term_string\"}}],\"inLanguage\":\"ca\"},{\"@type\":\"Organization\",\"@id\":\"https:\\\/\\\/dogandfamily.com\\\/ca\\\/#organization\",\"name\":\"Dog &amp; Family\",\"url\":\"https:\\\/\\\/dogandfamily.com\\\/ca\\\/\",\"logo\":{\"@type\":\"ImageObject\",\"inLanguage\":\"ca\",\"@id\":\"https:\\\/\\\/dogandfamily.com\\\/ca\\\/#\\\/schema\\\/logo\\\/image\\\/\",\"url\":\"https:\\\/\\\/dogandfamily.com\\\/wp-content\\\/uploads\\\/2022\\\/04\\\/Gos-family-logo-51a01eb83678f53ac09cf9dc5d7ec805.webp\",\"contentUrl\":\"https:\\\/\\\/dogandfamily.com\\\/wp-content\\\/uploads\\\/2022\\\/04\\\/Gos-family-logo-51a01eb83678f53ac09cf9dc5d7ec805.webp\",\"width\":313,\"height\":313,\"caption\":\"Dog &amp; Family\"},\"image\":{\"@id\":\"https:\\\/\\\/dogandfamily.com\\\/ca\\\/#\\\/schema\\\/logo\\\/image\\\/\"}}]}<\/script>\n<!-- \/ Yoast SEO plugin. -->","yoast_head_json":{"title":"15 COMBOS DOG & FAMILY, guia digital rutes f\u00e0cils + restaurants (Primer volum) - Dog &amp; Family","description":"La millor guia online per una escapada d'un dia amb el teu gos! Rutes f\u00e0cils + dinar a un restaurant dog friendly. Desconnecta amb el teu millor amic!","robots":{"index":"index","follow":"follow","max-snippet":"max-snippet:-1","max-image-preview":"max-image-preview:large","max-video-preview":"max-video-preview:-1"},"canonical":"https:\/\/dogandfamily.com\/ca\/producto\/15-combos-dog-family-2\/","og_locale":"ca_ES","og_type":"article","og_title":"15 COMBOS DOG & FAMILY, guia digital rutes f\u00e0cils + restaurants (Primer volum) - Dog &amp; Family","og_description":"La millor guia online per una escapada d'un dia amb el teu gos! Rutes f\u00e0cils + dinar a un restaurant dog friendly. Desconnecta amb el teu millor amic!","og_url":"https:\/\/dogandfamily.com\/ca\/producto\/15-combos-dog-family-2\/","og_site_name":"Dog &amp; Family","article_modified_time":"2026-04-09T09:19:38+00:00","og_image":[{"width":1357,"height":1920,"url":"https:\/\/dogandfamily.com\/wp-content\/uploads\/2023\/04\/Combos-.jpg","type":"image\/jpeg"}],"twitter_card":"summary_large_image","twitter_misc":{"Temps estimat de lectura":"1 minut"},"schema":{"@context":"https:\/\/schema.org","@graph":[{"@type":"WebPage","@id":"https:\/\/dogandfamily.com\/ca\/producto\/15-combos-dog-family-2\/","url":"https:\/\/dogandfamily.com\/ca\/producto\/15-combos-dog-family-2\/","name":"15 COMBOS DOG & FAMILY, guia digital rutes f\u00e0cils + restaurants (Primer volum) - Dog &amp; Family","isPartOf":{"@id":"https:\/\/dogandfamily.com\/ca\/#website"},"primaryImageOfPage":{"@id":"https:\/\/dogandfamily.com\/ca\/producto\/15-combos-dog-family-2\/#primaryimage"},"image":{"@id":"https:\/\/dogandfamily.com\/ca\/producto\/15-combos-dog-family-2\/#primaryimage"},"thumbnailUrl":"https:\/\/dogandfamily.com\/wp-content\/uploads\/2023\/04\/Combos-.jpg","datePublished":"2023-07-07T17:51:42+00:00","dateModified":"2026-04-09T09:19:38+00:00","description":"La millor guia online per una escapada d'un dia amb el teu gos! Rutes f\u00e0cils + dinar a un restaurant dog friendly. Desconnecta amb el teu millor amic!","breadcrumb":{"@id":"https:\/\/dogandfamily.com\/ca\/producto\/15-combos-dog-family-2\/#breadcrumb"},"inLanguage":"ca","potentialAction":[{"@type":"ReadAction","target":["https:\/\/dogandfamily.com\/ca\/producto\/15-combos-dog-family-2\/"]}]},{"@type":"ImageObject","inLanguage":"ca","@id":"https:\/\/dogandfamily.com\/ca\/producto\/15-combos-dog-family-2\/#primaryimage","url":"https:\/\/dogandfamily.com\/wp-content\/uploads\/2023\/04\/Combos-.jpg","contentUrl":"https:\/\/dogandfamily.com\/wp-content\/uploads\/2023\/04\/Combos-.jpg","width":1357,"height":1920},{"@type":"BreadcrumbList","@id":"https:\/\/dogandfamily.com\/ca\/producto\/15-combos-dog-family-2\/#breadcrumb","itemListElement":[{"@type":"ListItem","position":1,"name":"Portada","item":"https:\/\/dogandfamily.com\/ca\/"},{"@type":"ListItem","position":2,"name":"Botiga","item":"https:\/\/dogandfamily.com\/tienda\/"},{"@type":"ListItem","position":3,"name":"15 COMBOS DOG &#038; FAMILY, guia digital rutes f\u00e0cils + restaurants (Primer volum)"}]},{"@type":"WebSite","@id":"https:\/\/dogandfamily.com\/ca\/#website","url":"https:\/\/dogandfamily.com\/ca\/","name":"Dog &amp; Family","description":"Alojamientos en la naturaleza para disfrutar con tu perro","publisher":{"@id":"https:\/\/dogandfamily.com\/ca\/#organization"},"potentialAction":[{"@type":"SearchAction","target":{"@type":"EntryPoint","urlTemplate":"https:\/\/dogandfamily.com\/ca\/?s={search_term_string}"},"query-input":{"@type":"PropertyValueSpecification","valueRequired":true,"valueName":"search_term_string"}}],"inLanguage":"ca"},{"@type":"Organization","@id":"https:\/\/dogandfamily.com\/ca\/#organization","name":"Dog &amp; Family","url":"https:\/\/dogandfamily.com\/ca\/","logo":{"@type":"ImageObject","inLanguage":"ca","@id":"https:\/\/dogandfamily.com\/ca\/#\/schema\/logo\/image\/","url":"https:\/\/dogandfamily.com\/wp-content\/uploads\/2022\/04\/Gos-family-logo-51a01eb83678f53ac09cf9dc5d7ec805.webp","contentUrl":"https:\/\/dogandfamily.com\/wp-content\/uploads\/2022\/04\/Gos-family-logo-51a01eb83678f53ac09cf9dc5d7ec805.webp","width":313,"height":313,"caption":"Dog &amp; Family"},"image":{"@id":"https:\/\/dogandfamily.com\/ca\/#\/schema\/logo\/image\/"}}]}},"_links":{"self":[{"href":"https:\/\/dogandfamily.com\/ca\/wp-json\/wp\/v2\/product\/55586","targetHints":{"allow":["GET"]}}],"collection":[{"href":"https:\/\/dogandfamily.com\/ca\/wp-json\/wp\/v2\/product"}],"about":[{"href":"https:\/\/dogandfamily.com\/ca\/wp-json\/wp\/v2\/types\/product"}],"replies":[{"embeddable":true,"href":"https:\/\/dogandfamily.com\/ca\/wp-json\/wp\/v2\/comments?post=55586"}],"wp:featuredmedia":[{"embeddable":true,"href":"https:\/\/dogandfamily.com\/ca\/wp-json\/wp\/v2\/media\/51747"}],"wp:attachment":[{"href":"https:\/\/dogandfamily.com\/ca\/wp-json\/wp\/v2\/media?parent=55586"}],"wp:term":[{"taxonomy":"product_brand","embeddable":true,"href":"https:\/\/dogandfamily.com\/ca\/wp-json\/wp\/v2\/product_brand?post=55586"},{"taxonomy":"product_cat","embeddable":true,"href":"https:\/\/dogandfamily.com\/ca\/wp-json\/wp\/v2\/product_cat?post=55586"},{"taxonomy":"product_tag","embeddable":true,"href":"https:\/\/dogandfamily.com\/ca\/wp-json\/wp\/v2\/product_tag?post=55586"}],"curies":[{"name":"wp","href":"https:\/\/api.w.org\/{rel}","templated":true}]}}