{"id":48599,"date":"2023-01-13T19:09:31","date_gmt":"2023-01-13T18:09:31","guid":{"rendered":"https:\/\/dogandfamily.com\/?page_id=48599"},"modified":"2023-11-06T19:35:59","modified_gmt":"2023-11-06T18:35:59","slug":"politica-de-sostenibilitat","status":"publish","type":"page","link":"https:\/\/dogandfamily.com\/ca\/politica-de-sostenibilitat\/","title":{"rendered":"Pol\u00edtica de sostenibilitat"},"content":{"rendered":"\t\t<div data-elementor-type=\"wp-page\" data-elementor-id=\"48599\" class=\"elementor elementor-48599\" data-elementor-post-type=\"page\">\n\t\t\t\t\t\t<section class=\"elementor-section elementor-top-section elementor-element elementor-element-e3070dc elementor-section-boxed elementor-section-height-default elementor-section-height-default\" data-id=\"e3070dc\" data-element_type=\"section\" data-e-type=\"section\">\n\t\t\t\t\t\t<div class=\"elementor-container elementor-column-gap-default\">\n\t\t\t\t\t<div class=\"elementor-column elementor-col-100 elementor-top-column elementor-element elementor-element-3ec1395d\" data-id=\"3ec1395d\" data-element_type=\"column\" data-e-type=\"column\">\n\t\t\t<div class=\"elementor-widget-wrap\">\n\t\t\t\t\t\t\t<\/div>\n\t\t<\/div>\n\t\t\t\t\t<\/div>\n\t\t<\/section>\n\t\t\t\t<section class=\"elementor-section elementor-top-section elementor-element elementor-element-5dae62be elementor-section-boxed elementor-section-height-default elementor-section-height-default\" data-id=\"5dae62be\" data-element_type=\"section\" data-e-type=\"section\" data-settings=\"{&quot;background_background&quot;:&quot;classic&quot;}\">\n\t\t\t\t\t\t\t<div class=\"elementor-background-overlay\"><\/div>\n\t\t\t\t\t\t\t<div class=\"elementor-container elementor-column-gap-default\">\n\t\t\t\t\t<div class=\"elementor-column elementor-col-100 elementor-top-column elementor-element elementor-element-7153d499\" data-id=\"7153d499\" data-element_type=\"column\" data-e-type=\"column\">\n\t\t\t<div class=\"elementor-widget-wrap elementor-element-populated\">\n\t\t\t\t\t\t<div class=\"elementor-element elementor-element-baf62c3 elementor-widget elementor-widget-heading\" data-id=\"baf62c3\" data-element_type=\"widget\" data-e-type=\"widget\" data-settings=\"{&quot;_animation&quot;:&quot;none&quot;}\" data-widget_type=\"heading.default\">\n\t\t\t\t<div class=\"elementor-widget-container\">\n\t\t\t\t\t<h1 class=\"elementor-heading-title elementor-size-default\">Pol\u00edtica de sostenibilitat<\/h1>\t\t\t\t<\/div>\n\t\t\t\t<\/div>\n\t\t\t\t\t<\/div>\n\t\t<\/div>\n\t\t\t\t\t<\/div>\n\t\t<\/section>\n\t\t\t\t<section class=\"elementor-section elementor-top-section elementor-element elementor-element-785d86d1 elementor-section-boxed elementor-section-height-default elementor-section-height-default\" data-id=\"785d86d1\" data-element_type=\"section\" data-e-type=\"section\">\n\t\t\t\t\t\t<div class=\"elementor-container elementor-column-gap-default\">\n\t\t\t\t\t<div class=\"elementor-column elementor-col-100 elementor-top-column elementor-element elementor-element-429664ac\" data-id=\"429664ac\" data-element_type=\"column\" data-e-type=\"column\">\n\t\t\t<div class=\"elementor-widget-wrap elementor-element-populated\">\n\t\t\t\t\t\t\t<\/div>\n\t\t<\/div>\n\t\t\t\t\t<\/div>\n\t\t<\/section>\n\t\t\t\t<section class=\"elementor-section elementor-top-section elementor-element elementor-element-c15806b elementor-section-boxed elementor-section-height-default elementor-section-height-default\" data-id=\"c15806b\" data-element_type=\"section\" data-e-type=\"section\">\n\t\t\t\t\t\t<div class=\"elementor-container elementor-column-gap-default\">\n\t\t\t\t\t<div class=\"elementor-column elementor-col-100 elementor-top-column elementor-element elementor-element-d11ceaf\" data-id=\"d11ceaf\" data-element_type=\"column\" data-e-type=\"column\">\n\t\t\t<div class=\"elementor-widget-wrap elementor-element-populated\">\n\t\t\t\t\t\t<div class=\"elementor-element elementor-element-660c52c elementor-widget elementor-widget-spacer\" data-id=\"660c52c\" data-element_type=\"widget\" data-e-type=\"widget\" data-widget_type=\"spacer.default\">\n\t\t\t\t<div class=\"elementor-widget-container\">\n\t\t\t\t\t\t\t<div class=\"elementor-spacer\">\n\t\t\t<div class=\"elementor-spacer-inner\"><\/div>\n\t\t<\/div>\n\t\t\t\t\t\t<\/div>\n\t\t\t\t<\/div>\n\t\t\t\t\t<\/div>\n\t\t<\/div>\n\t\t\t\t\t<\/div>\n\t\t<\/section>\n\t\t\t\t<section class=\"elementor-section elementor-top-section elementor-element elementor-element-dee4513 elementor-section-boxed elementor-section-height-default elementor-section-height-default\" data-id=\"dee4513\" data-element_type=\"section\" data-e-type=\"section\">\n\t\t\t\t\t\t<div class=\"elementor-container elementor-column-gap-default\">\n\t\t\t\t\t<div class=\"elementor-column elementor-col-16 elementor-top-column elementor-element elementor-element-f0edfec\" data-id=\"f0edfec\" data-element_type=\"column\" data-e-type=\"column\">\n\t\t\t<div class=\"elementor-widget-wrap\">\n\t\t\t\t\t\t\t<\/div>\n\t\t<\/div>\n\t\t\t\t<div class=\"elementor-column elementor-col-66 elementor-top-column elementor-element elementor-element-5c11e2e\" data-id=\"5c11e2e\" data-element_type=\"column\" data-e-type=\"column\">\n\t\t\t<div class=\"elementor-widget-wrap elementor-element-populated\">\n\t\t\t\t\t\t<div class=\"elementor-element elementor-element-47fb821 elementor-widget elementor-widget-text-editor\" data-id=\"47fb821\" data-element_type=\"widget\" data-e-type=\"widget\" data-widget_type=\"text-editor.default\">\n\t\t\t\t<div class=\"elementor-widget-container\">\n\t\t\t\t\t\t\t\t\t<p style=\"text-align: left;\"><strong>Pol\u00edtica de sostenibilitat<\/strong><\/p><p>Dog &amp; Family, com a empresa sensibilitzada amb el medi ambient, assumeix el comprom\u00eds de treballar per promoure un turisme sostenible i responsable, amb la voluntat de contribuir a un nou model tur\u00edstic, amb valors ambientals, m\u00e9s just i m\u00e9s \u00e8tic. \u00a0<\/p><p>Aix\u00ed, amb l\u2019objectiu de desenvolupar unes bones pr\u00e0ctiques en mat\u00e8ria de sostenibilitat, ens comprometem a:<\/p><ul><li>Utilitzar formats digitals en les nostres comunicacions, eliminant el paper i el pl\u00e0stic del nostre dia a dia, sumant-nos al comprom\u00eds <strong>#plasticzero<\/strong><\/li><li>Difondre iniciatives de turisme rural que tinguin un <strong>impacte positiu sobre les persones<\/strong> de l\u2019entorn<\/li><li>Donar prioritat a les petites empreses locals que creen <strong>valor social<\/strong> i promouen una economia social i solid\u00e0ria<\/li><li><strong>Ser respectuosos amb la natura<\/strong>, vetllant per tenir cura de totes les esp\u00e8cies i els seus h\u00e0bitats<\/li><li><strong>No difondre a les xarxes socials espais naturals fr\u00e0gils<\/strong>, sobreexplotats o massificats, per tal de preservar el seu patrimoni natural<\/li><li><strong>Donar a con\u00e8ixer alternatives a les zones m\u00e9s turistitzades<\/strong>, i a comarques menys visitades\u00a0<\/li><li>Prioritzar aquelles empreses que promouen una alimentaci\u00f3 saludable, amb <strong>productes o prove\u00efdors de proximitat, i lliure d\u2019explotaci\u00f3 animal<\/strong><\/li><li>Publicar\u00a0 anualment una <strong>guia online gratu\u00efta per donar a con\u00e8ixer opcions de vida saludables<\/strong>, com restaurants vegetarians o vegans\u00a0<\/li><li>Tenir com a referents els <strong>17 Objectius de Desenvolupament Sostenible i l&#8217;Agenda 2030 de les Nacions Unides<\/strong><\/li><li>Col\u00b7laborar \u00fanicament amb persones o <strong>empreses que estiguin en sintonia amb aquests valors<\/strong> aqu\u00ed enunciats<\/li><li><strong>Formar-nos<\/strong> per continuar implementant noves mesures i noves accions destinades a millorar el nostre comprom\u00eds amb la sostenibilitat<\/li><\/ul>\t\t\t\t\t\t\t\t<\/div>\n\t\t\t\t<\/div>\n\t\t\t\t\t<\/div>\n\t\t<\/div>\n\t\t\t\t<div class=\"elementor-column elementor-col-16 elementor-top-column elementor-element elementor-element-83c067d\" data-id=\"83c067d\" data-element_type=\"column\" data-e-type=\"column\">\n\t\t\t<div class=\"elementor-widget-wrap\">\n\t\t\t\t\t\t\t<\/div>\n\t\t<\/div>\n\t\t\t\t\t<\/div>\n\t\t<\/section>\n\t\t\t\t<section class=\"elementor-section elementor-top-section elementor-element elementor-element-05ee532 elementor-section-boxed elementor-section-height-default elementor-section-height-default\" data-id=\"05ee532\" data-element_type=\"section\" data-e-type=\"section\">\n\t\t\t\t\t\t<div class=\"elementor-container elementor-column-gap-default\">\n\t\t\t\t\t<div class=\"elementor-column elementor-col-100 elementor-top-column elementor-element elementor-element-675c448\" data-id=\"675c448\" data-element_type=\"column\" data-e-type=\"column\">\n\t\t\t<div class=\"elementor-widget-wrap elementor-element-populated\">\n\t\t\t\t\t\t<div class=\"elementor-element elementor-element-690440a elementor-widget elementor-widget-spacer\" data-id=\"690440a\" data-element_type=\"widget\" data-e-type=\"widget\" data-widget_type=\"spacer.default\">\n\t\t\t\t<div class=\"elementor-widget-container\">\n\t\t\t\t\t\t\t<div class=\"elementor-spacer\">\n\t\t\t<div class=\"elementor-spacer-inner\"><\/div>\n\t\t<\/div>\n\t\t\t\t\t\t<\/div>\n\t\t\t\t<\/div>\n\t\t\t\t\t<\/div>\n\t\t<\/div>\n\t\t\t\t\t<\/div>\n\t\t<\/section>\n\t\t\t\t<\/div>\n\t\t","protected":false},"excerpt":{"rendered":"<p>Pol\u00edtica de sostenibilitat Pol\u00edtica de sostenibilitat Dog &amp; Family, com a empresa sensibilitzada amb el medi ambient, assumeix el comprom\u00eds de treballar per promoure un turisme sostenible i responsable, amb la voluntat de contribuir a un nou model tur\u00edstic, amb valors ambientals, m\u00e9s just i m\u00e9s \u00e8tic. \u00a0 Aix\u00ed, amb l\u2019objectiu de desenvolupar unes bones [&hellip;]<\/p>\n","protected":false},"author":5,"featured_media":0,"parent":0,"menu_order":0,"comment_status":"closed","ping_status":"closed","template":"","meta":{"inline_featured_image":false,"site-sidebar-layout":"no-sidebar","site-content-layout":"page-builder","ast-site-content-layout":"default","site-content-style":"default","site-sidebar-style":"default","ast-global-header-display":"","ast-banner-title-visibility":"","ast-main-header-display":"","ast-hfb-above-header-display":"","ast-hfb-below-header-display":"","ast-hfb-mobile-header-display":"","site-post-title":"disabled","ast-breadcrumbs-content":"","ast-featured-img":"disabled","footer-sml-layout":"","ast-disable-related-posts":"","theme-transparent-header-meta":"","adv-header-id-meta":"","stick-header-meta":"","header-above-stick-meta":"","header-main-stick-meta":"","header-below-stick-meta":"","astra-migrate-meta-layouts":"default","ast-page-background-enabled":"default","ast-page-background-meta":{"desktop":{"background-color":"","background-image":"","background-repeat":"repeat","background-position":"center center","background-size":"auto","background-attachment":"scroll","background-type":"","background-media":"","overlay-type":"","overlay-color":"","overlay-opacity":"","overlay-gradient":""},"tablet":{"background-color":"","background-image":"","background-repeat":"repeat","background-position":"center center","background-size":"auto","background-attachment":"scroll","background-type":"","background-media":"","overlay-type":"","overlay-color":"","overlay-opacity":"","overlay-gradient":""},"mobile":{"background-color":"","background-image":"","background-repeat":"repeat","background-position":"center center","background-size":"auto","background-attachment":"scroll","background-type":"","background-media":"","overlay-type":"","overlay-color":"","overlay-opacity":"","overlay-gradient":""}},"ast-content-background-meta":{"desktop":{"background-color":"var(--ast-global-color-5)","background-image":"","background-repeat":"repeat","background-position":"center center","background-size":"auto","background-attachment":"scroll","background-type":"","background-media":"","overlay-type":"","overlay-color":"","overlay-opacity":"","overlay-gradient":""},"tablet":{"background-color":"var(--ast-global-color-5)","background-image":"","background-repeat":"repeat","background-position":"center center","background-size":"auto","background-attachment":"scroll","background-type":"","background-media":"","overlay-type":"","overlay-color":"","overlay-opacity":"","overlay-gradient":""},"mobile":{"background-color":"var(--ast-global-color-5)","background-image":"","background-repeat":"repeat","background-position":"center center","background-size":"auto","background-attachment":"scroll","background-type":"","background-media":"","overlay-type":"","overlay-color":"","overlay-opacity":"","overlay-gradient":""}},"footnotes":""},"class_list":["post-48599","page","type-page","status-publish","hentry"],"yoast_head":"<!-- This site is optimized with the Yoast SEO plugin v27.3 - https:\/\/yoast.com\/product\/yoast-seo-wordpress\/ -->\n<title>Pol\u00edtica de sostenibilitat<\/title>\n<meta name=\"robots\" content=\"index, follow, max-snippet:-1, max-image-preview:large, max-video-preview:-1\" \/>\n<link rel=\"canonical\" href=\"https:\/\/dogandfamily.com\/ca\/politica-de-sostenibilitat\/\" \/>\n<meta property=\"og:locale\" content=\"ca_ES\" \/>\n<meta property=\"og:type\" content=\"article\" \/>\n<meta property=\"og:title\" content=\"Pol\u00edtica de sostenibilitat\" \/>\n<meta property=\"og:description\" content=\"Pol\u00edtica de sostenibilitat Pol\u00edtica de sostenibilitat Dog &amp; Family, com a empresa sensibilitzada amb el medi ambient, assumeix el comprom\u00eds de treballar per promoure un turisme sostenible i responsable, amb la voluntat de contribuir a un nou model tur\u00edstic, amb valors ambientals, m\u00e9s just i m\u00e9s \u00e8tic. \u00a0 Aix\u00ed, amb l\u2019objectiu de desenvolupar unes bones [&hellip;]\" \/>\n<meta property=\"og:url\" content=\"https:\/\/dogandfamily.com\/ca\/politica-de-sostenibilitat\/\" \/>\n<meta property=\"og:site_name\" content=\"Dog &amp; Family\" \/>\n<meta property=\"article:modified_time\" content=\"2023-11-06T18:35:59+00:00\" \/>\n<meta name=\"twitter:card\" content=\"summary_large_image\" \/>\n<meta name=\"twitter:label1\" content=\"Temps estimat de lectura\" \/>\n\t<meta name=\"twitter:data1\" content=\"2 minuts\" \/>\n<script type=\"application\/ld+json\" class=\"yoast-schema-graph\">{\"@context\":\"https:\\\/\\\/schema.org\",\"@graph\":[{\"@type\":\"WebPage\",\"@id\":\"https:\\\/\\\/dogandfamily.com\\\/ca\\\/politica-de-sostenibilitat\\\/\",\"url\":\"https:\\\/\\\/dogandfamily.com\\\/ca\\\/politica-de-sostenibilitat\\\/\",\"name\":\"Pol\u00edtica de sostenibilitat\",\"isPartOf\":{\"@id\":\"https:\\\/\\\/dogandfamily.com\\\/ca\\\/#website\"},\"datePublished\":\"2023-01-13T18:09:31+00:00\",\"dateModified\":\"2023-11-06T18:35:59+00:00\",\"breadcrumb\":{\"@id\":\"https:\\\/\\\/dogandfamily.com\\\/ca\\\/politica-de-sostenibilitat\\\/#breadcrumb\"},\"inLanguage\":\"ca\",\"potentialAction\":[{\"@type\":\"ReadAction\",\"target\":[\"https:\\\/\\\/dogandfamily.com\\\/ca\\\/politica-de-sostenibilitat\\\/\"]}]},{\"@type\":\"BreadcrumbList\",\"@id\":\"https:\\\/\\\/dogandfamily.com\\\/ca\\\/politica-de-sostenibilitat\\\/#breadcrumb\",\"itemListElement\":[{\"@type\":\"ListItem\",\"position\":1,\"name\":\"Portada\",\"item\":\"https:\\\/\\\/dogandfamily.com\\\/ca\\\/\"},{\"@type\":\"ListItem\",\"position\":2,\"name\":\"Pol\u00edtica de sostenibilitat\"}]},{\"@type\":\"WebSite\",\"@id\":\"https:\\\/\\\/dogandfamily.com\\\/ca\\\/#website\",\"url\":\"https:\\\/\\\/dogandfamily.com\\\/ca\\\/\",\"name\":\"Dog &amp; Family\",\"description\":\"Alojamientos con alma para disfrutar de la naturaleza con tu perro. Los alojamientos DOG &amp; FAMILY son sencillos y peque\u00f1os hoteles y casa rurales con encanto, ideales para personas que quieren hacer senderismo, descubrir nuevos lugares o simplemente desconectar. Y compartir estos buenos momentos con tu perro.\",\"publisher\":{\"@id\":\"https:\\\/\\\/dogandfamily.com\\\/ca\\\/#organization\"},\"potentialAction\":[{\"@type\":\"SearchAction\",\"target\":{\"@type\":\"EntryPoint\",\"urlTemplate\":\"https:\\\/\\\/dogandfamily.com\\\/ca\\\/?s={search_term_string}\"},\"query-input\":{\"@type\":\"PropertyValueSpecification\",\"valueRequired\":true,\"valueName\":\"search_term_string\"}}],\"inLanguage\":\"ca\"},{\"@type\":\"Organization\",\"@id\":\"https:\\\/\\\/dogandfamily.com\\\/ca\\\/#organization\",\"name\":\"Dog &amp; Family\",\"url\":\"https:\\\/\\\/dogandfamily.com\\\/ca\\\/\",\"logo\":{\"@type\":\"ImageObject\",\"inLanguage\":\"ca\",\"@id\":\"https:\\\/\\\/dogandfamily.com\\\/ca\\\/#\\\/schema\\\/logo\\\/image\\\/\",\"url\":\"https:\\\/\\\/ebo7dpuwy2d.exactdn.com\\\/wp-content\\\/uploads\\\/2020\\\/05\\\/Gos-family-logo-51a01eb83678f53ac09cf9dc5d7ec805.png?strip=all\",\"contentUrl\":\"https:\\\/\\\/ebo7dpuwy2d.exactdn.com\\\/wp-content\\\/uploads\\\/2020\\\/05\\\/Gos-family-logo-51a01eb83678f53ac09cf9dc5d7ec805.png?strip=all\",\"width\":313,\"height\":313,\"caption\":\"Dog &amp; Family\"},\"image\":{\"@id\":\"https:\\\/\\\/dogandfamily.com\\\/ca\\\/#\\\/schema\\\/logo\\\/image\\\/\"}}]}<\/script>\n<!-- \/ Yoast SEO plugin. -->","yoast_head_json":{"title":"Pol\u00edtica de sostenibilitat","robots":{"index":"index","follow":"follow","max-snippet":"max-snippet:-1","max-image-preview":"max-image-preview:large","max-video-preview":"max-video-preview:-1"},"canonical":"https:\/\/dogandfamily.com\/ca\/politica-de-sostenibilitat\/","og_locale":"ca_ES","og_type":"article","og_title":"Pol\u00edtica de sostenibilitat","og_description":"Pol\u00edtica de sostenibilitat Pol\u00edtica de sostenibilitat Dog &amp; Family, com a empresa sensibilitzada amb el medi ambient, assumeix el comprom\u00eds de treballar per promoure un turisme sostenible i responsable, amb la voluntat de contribuir a un nou model tur\u00edstic, amb valors ambientals, m\u00e9s just i m\u00e9s \u00e8tic. \u00a0 Aix\u00ed, amb l\u2019objectiu de desenvolupar unes bones [&hellip;]","og_url":"https:\/\/dogandfamily.com\/ca\/politica-de-sostenibilitat\/","og_site_name":"Dog &amp; Family","article_modified_time":"2023-11-06T18:35:59+00:00","twitter_card":"summary_large_image","twitter_misc":{"Temps estimat de lectura":"2 minuts"},"schema":{"@context":"https:\/\/schema.org","@graph":[{"@type":"WebPage","@id":"https:\/\/dogandfamily.com\/ca\/politica-de-sostenibilitat\/","url":"https:\/\/dogandfamily.com\/ca\/politica-de-sostenibilitat\/","name":"Pol\u00edtica de sostenibilitat","isPartOf":{"@id":"https:\/\/dogandfamily.com\/ca\/#website"},"datePublished":"2023-01-13T18:09:31+00:00","dateModified":"2023-11-06T18:35:59+00:00","breadcrumb":{"@id":"https:\/\/dogandfamily.com\/ca\/politica-de-sostenibilitat\/#breadcrumb"},"inLanguage":"ca","potentialAction":[{"@type":"ReadAction","target":["https:\/\/dogandfamily.com\/ca\/politica-de-sostenibilitat\/"]}]},{"@type":"BreadcrumbList","@id":"https:\/\/dogandfamily.com\/ca\/politica-de-sostenibilitat\/#breadcrumb","itemListElement":[{"@type":"ListItem","position":1,"name":"Portada","item":"https:\/\/dogandfamily.com\/ca\/"},{"@type":"ListItem","position":2,"name":"Pol\u00edtica de sostenibilitat"}]},{"@type":"WebSite","@id":"https:\/\/dogandfamily.com\/ca\/#website","url":"https:\/\/dogandfamily.com\/ca\/","name":"Dog &amp; Family","description":"Alojamientos con alma para disfrutar de la naturaleza con tu perro. Los alojamientos DOG &amp; FAMILY son sencillos y peque\u00f1os hoteles y casa rurales con encanto, ideales para personas que quieren hacer senderismo, descubrir nuevos lugares o simplemente desconectar. Y compartir estos buenos momentos con tu perro.","publisher":{"@id":"https:\/\/dogandfamily.com\/ca\/#organization"},"potentialAction":[{"@type":"SearchAction","target":{"@type":"EntryPoint","urlTemplate":"https:\/\/dogandfamily.com\/ca\/?s={search_term_string}"},"query-input":{"@type":"PropertyValueSpecification","valueRequired":true,"valueName":"search_term_string"}}],"inLanguage":"ca"},{"@type":"Organization","@id":"https:\/\/dogandfamily.com\/ca\/#organization","name":"Dog &amp; Family","url":"https:\/\/dogandfamily.com\/ca\/","logo":{"@type":"ImageObject","inLanguage":"ca","@id":"https:\/\/dogandfamily.com\/ca\/#\/schema\/logo\/image\/","url":"https:\/\/ebo7dpuwy2d.exactdn.com\/wp-content\/uploads\/2020\/05\/Gos-family-logo-51a01eb83678f53ac09cf9dc5d7ec805.png?strip=all","contentUrl":"https:\/\/ebo7dpuwy2d.exactdn.com\/wp-content\/uploads\/2020\/05\/Gos-family-logo-51a01eb83678f53ac09cf9dc5d7ec805.png?strip=all","width":313,"height":313,"caption":"Dog &amp; Family"},"image":{"@id":"https:\/\/dogandfamily.com\/ca\/#\/schema\/logo\/image\/"}}]}},"_links":{"self":[{"href":"https:\/\/dogandfamily.com\/ca\/wp-json\/wp\/v2\/pages\/48599","targetHints":{"allow":["GET"]}}],"collection":[{"href":"https:\/\/dogandfamily.com\/ca\/wp-json\/wp\/v2\/pages"}],"about":[{"href":"https:\/\/dogandfamily.com\/ca\/wp-json\/wp\/v2\/types\/page"}],"author":[{"embeddable":true,"href":"https:\/\/dogandfamily.com\/ca\/wp-json\/wp\/v2\/users\/5"}],"replies":[{"embeddable":true,"href":"https:\/\/dogandfamily.com\/ca\/wp-json\/wp\/v2\/comments?post=48599"}],"version-history":[{"count":10,"href":"https:\/\/dogandfamily.com\/ca\/wp-json\/wp\/v2\/pages\/48599\/revisions"}],"predecessor-version":[{"id":58714,"href":"https:\/\/dogandfamily.com\/ca\/wp-json\/wp\/v2\/pages\/48599\/revisions\/58714"}],"wp:attachment":[{"href":"https:\/\/dogandfamily.com\/ca\/wp-json\/wp\/v2\/media?parent=48599"}],"curies":[{"name":"wp","href":"https:\/\/api.w.org\/{rel}","templated":true}]}}