{"id":47502,"date":"2022-11-19T19:43:12","date_gmt":"2022-11-19T18:43:12","guid":{"rendered":"https:\/\/dogandfamily.com\/?page_id=47502"},"modified":"2022-11-19T20:46:13","modified_gmt":"2022-11-19T19:46:13","slug":"rutes-amb-transport-public","status":"publish","type":"page","link":"https:\/\/dogandfamily.com\/ca\/rutes-amb-transport-public\/","title":{"rendered":"Rutes amb transport p\u00fablic"},"content":{"rendered":"\t\t<div data-elementor-type=\"wp-page\" data-elementor-id=\"47502\" class=\"elementor elementor-47502\" data-elementor-post-type=\"page\">\n\t\t\t\t\t\t<section class=\"elementor-section elementor-top-section elementor-element elementor-element-50795c7d elementor-section-boxed elementor-section-height-default elementor-section-height-default\" data-id=\"50795c7d\" data-element_type=\"section\" data-e-type=\"section\">\n\t\t\t\t\t\t<div class=\"elementor-container elementor-column-gap-default\">\n\t\t\t\t\t<div class=\"elementor-column elementor-col-100 elementor-top-column elementor-element elementor-element-2e21d1cf\" data-id=\"2e21d1cf\" data-element_type=\"column\" data-e-type=\"column\">\n\t\t\t<div class=\"elementor-widget-wrap\">\n\t\t\t\t\t\t\t<\/div>\n\t\t<\/div>\n\t\t\t\t\t<\/div>\n\t\t<\/section>\n\t\t\t\t<section class=\"elementor-section elementor-top-section elementor-element elementor-element-7d6f6d93 elementor-section-boxed elementor-section-height-default elementor-section-height-default\" data-id=\"7d6f6d93\" data-element_type=\"section\" data-e-type=\"section\" data-settings=\"{&quot;background_background&quot;:&quot;classic&quot;}\">\n\t\t\t\t\t\t\t<div class=\"elementor-background-overlay\"><\/div>\n\t\t\t\t\t\t\t<div class=\"elementor-container elementor-column-gap-default\">\n\t\t\t\t\t<div class=\"elementor-column elementor-col-100 elementor-top-column elementor-element elementor-element-132e5e82\" data-id=\"132e5e82\" data-element_type=\"column\" data-e-type=\"column\">\n\t\t\t<div class=\"elementor-widget-wrap elementor-element-populated\">\n\t\t\t\t\t\t<div class=\"elementor-element elementor-element-77894224 elementor-widget elementor-widget-heading\" data-id=\"77894224\" data-element_type=\"widget\" data-e-type=\"widget\" data-settings=\"{&quot;_animation&quot;:&quot;none&quot;}\" data-widget_type=\"heading.default\">\n\t\t\t\t<div class=\"elementor-widget-container\">\n\t\t\t\t\t<h1 class=\"elementor-heading-title elementor-size-default\">Rutes amb transport p\u00fablic <\/h1>\t\t\t\t<\/div>\n\t\t\t\t<\/div>\n\t\t\t\t\t<\/div>\n\t\t<\/div>\n\t\t\t\t\t<\/div>\n\t\t<\/section>\n\t\t\t\t<section class=\"elementor-section elementor-top-section elementor-element elementor-element-4d1785e9 elementor-section-boxed elementor-section-height-default elementor-section-height-default\" data-id=\"4d1785e9\" data-element_type=\"section\" data-e-type=\"section\">\n\t\t\t\t\t\t<div class=\"elementor-container elementor-column-gap-default\">\n\t\t\t\t\t<div class=\"elementor-column elementor-col-100 elementor-top-column elementor-element elementor-element-4584b09d\" data-id=\"4584b09d\" data-element_type=\"column\" data-e-type=\"column\">\n\t\t\t<div class=\"elementor-widget-wrap elementor-element-populated\">\n\t\t\t\t\t\t<div class=\"elementor-element elementor-element-1c6ba85c elementor-widget elementor-widget-heading\" data-id=\"1c6ba85c\" data-element_type=\"widget\" data-e-type=\"widget\" data-widget_type=\"heading.default\">\n\t\t\t\t<div class=\"elementor-widget-container\">\n\t\t\t\t\t<h2 class=\"elementor-heading-title elementor-size-default\">Aqu\u00ed anirem proposant interessants rutes que es poden fer amb el gos sense cotxe  (en tren o en metro).  Optar per anar en transport p\u00fablic, a m\u00e9s de ser m\u00e9s econ\u00f2mic que despla\u00e7ar-se en cotxe, \u00e9s tamb\u00e9 m\u00e9s sostenible!<\/h2>\t\t\t\t<\/div>\n\t\t\t\t<\/div>\n\t\t\t\t<div class=\"elementor-element elementor-element-31d6e568 elementor-widget elementor-widget-spacer\" data-id=\"31d6e568\" data-element_type=\"widget\" data-e-type=\"widget\" data-widget_type=\"spacer.default\">\n\t\t\t\t<div class=\"elementor-widget-container\">\n\t\t\t\t\t\t\t<div class=\"elementor-spacer\">\n\t\t\t<div class=\"elementor-spacer-inner\"><\/div>\n\t\t<\/div>\n\t\t\t\t\t\t<\/div>\n\t\t\t\t<\/div>\n\t\t\t\t<div class=\"elementor-element elementor-element-4c87dfb7 elementor-widget elementor-widget-heading\" data-id=\"4c87dfb7\" data-element_type=\"widget\" data-e-type=\"widget\" data-widget_type=\"heading.default\">\n\t\t\t\t<div class=\"elementor-widget-container\">\n\t\t\t\t\t<h2 class=\"elementor-heading-title elementor-size-default\">DESCOBREIX-LES AMB EL TEU GOS!<\/h2>\t\t\t\t<\/div>\n\t\t\t\t<\/div>\n\t\t\t\t<div class=\"elementor-element elementor-element-3c9f1218 elementor-widget elementor-widget-spacer\" data-id=\"3c9f1218\" data-element_type=\"widget\" data-e-type=\"widget\" data-widget_type=\"spacer.default\">\n\t\t\t\t<div class=\"elementor-widget-container\">\n\t\t\t\t\t\t\t<div class=\"elementor-spacer\">\n\t\t\t<div class=\"elementor-spacer-inner\"><\/div>\n\t\t<\/div>\n\t\t\t\t\t\t<\/div>\n\t\t\t\t<\/div>\n\t\t\t\t<div class=\"elementor-element elementor-element-2e42ccbf elementor-posts--align-center elementor-grid-2 elementor-grid-tablet-2 elementor-grid-mobile-1 elementor-posts--thumbnail-top elementor-card-shadow-yes elementor-posts__hover-gradient elementor-widget elementor-widget-posts\" data-id=\"2e42ccbf\" data-element_type=\"widget\" data-e-type=\"widget\" data-settings=\"{&quot;cards_columns&quot;:&quot;2&quot;,&quot;cards_columns_tablet&quot;:&quot;2&quot;,&quot;cards_columns_mobile&quot;:&quot;1&quot;,&quot;cards_row_gap&quot;:{&quot;unit&quot;:&quot;px&quot;,&quot;size&quot;:35,&quot;sizes&quot;:[]},&quot;cards_row_gap_tablet&quot;:{&quot;unit&quot;:&quot;px&quot;,&quot;size&quot;:&quot;&quot;,&quot;sizes&quot;:[]},&quot;cards_row_gap_mobile&quot;:{&quot;unit&quot;:&quot;px&quot;,&quot;size&quot;:&quot;&quot;,&quot;sizes&quot;:[]}}\" data-widget_type=\"posts.cards\">\n\t\t\t\t<div class=\"elementor-widget-container\">\n\t\t\t\t\t\t\t<div class=\"elementor-posts-container elementor-posts elementor-posts--skin-cards elementor-grid\" role=\"list\">\n\t\t\t\t<article class=\"elementor-post elementor-grid-item post-46219 post type-post status-publish format-standard has-post-thumbnail hentry category-rutes tag-cingles-de-berti tag-figaro tag-la-trona\" role=\"listitem\">\n\t\t\t<div class=\"elementor-post__card\">\n\t\t\t\t<a class=\"elementor-post__thumbnail__link\" href=\"https:\/\/dogandfamily.com\/ca\/rutes\/pujant-a-la-trona-des-del-figaro-una-caminada-pels-cingles-de-berti\/\" tabindex=\"-1\" ><div class=\"elementor-post__thumbnail\"><img fetchpriority=\"high\" decoding=\"async\" width=\"768\" height=\"577\" src=\"https:\/\/ebo7dpuwy2d.exactdn.com\/wp-content\/uploads\/2022\/10\/Foto2aw-768x577.jpg?strip=all\" class=\"attachment-medium_large size-medium_large wp-image-46247\" alt=\"\" srcset=\"https:\/\/ebo7dpuwy2d.exactdn.com\/wp-content\/uploads\/2022\/10\/Foto2aw-768x577.jpg?strip=all 768w, https:\/\/ebo7dpuwy2d.exactdn.com\/wp-content\/uploads\/2022\/10\/Foto2aw-600x451.jpg?strip=all 600w, https:\/\/ebo7dpuwy2d.exactdn.com\/wp-content\/uploads\/2022\/10\/Foto2aw-300x225.jpg?strip=all 300w, https:\/\/ebo7dpuwy2d.exactdn.com\/wp-content\/uploads\/2022\/10\/Foto2aw-1024x769.jpg?strip=all 1024w, https:\/\/ebo7dpuwy2d.exactdn.com\/wp-content\/uploads\/2022\/10\/Foto2aw.jpg?strip=all 1200w, https:\/\/ebo7dpuwy2d.exactdn.com\/wp-content\/uploads\/2022\/10\/Foto2aw.jpg?strip=all&amp;w=240 240w, https:\/\/ebo7dpuwy2d.exactdn.com\/wp-content\/uploads\/2022\/10\/Foto2aw.jpg?strip=all&amp;w=480 480w, https:\/\/ebo7dpuwy2d.exactdn.com\/wp-content\/uploads\/2022\/10\/Foto2aw.jpg?strip=all&amp;w=960 960w\" sizes=\"(max-width: 768px) 100vw, 768px\" \/><\/div><\/a>\n\t\t\t\t<div class=\"elementor-post__text\">\n\t\t\t\t<h3 class=\"elementor-post__title\">\n\t\t\t<a href=\"https:\/\/dogandfamily.com\/ca\/rutes\/pujant-a-la-trona-des-del-figaro-una-caminada-pels-cingles-de-berti\/\" >\n\t\t\t\tPujant a la Trona des de l&#8217;estaci\u00f3 de tren del Figar\u00f3, una caminada pels cingles de Bert\u00ed\t\t\t<\/a>\n\t\t<\/h3>\n\t\t\t\t<\/div>\n\t\t\t\t\t<\/div>\n\t\t<\/article>\n\t\t\t\t<article class=\"elementor-post elementor-grid-item post-16507 post type-post status-publish format-standard has-post-thumbnail hentry category-rutes\" role=\"listitem\">\n\t\t\t<div class=\"elementor-post__card\">\n\t\t\t\t<a class=\"elementor-post__thumbnail__link\" href=\"https:\/\/dogandfamily.com\/ca\/rutes\/de-barcelona-al-valles-pel-forat-del-vent\/\" tabindex=\"-1\" ><div class=\"elementor-post__thumbnail\"><img decoding=\"async\" width=\"768\" height=\"576\" src=\"https:\/\/ebo7dpuwy2d.exactdn.com\/wp-content\/uploads\/2020\/12\/20201027_164116w-768x576.jpg?strip=all\" class=\"attachment-medium_large size-medium_large wp-image-16524\" alt=\"\" srcset=\"https:\/\/ebo7dpuwy2d.exactdn.com\/wp-content\/uploads\/2020\/12\/20201027_164116w-768x576.jpg?strip=all 768w, https:\/\/ebo7dpuwy2d.exactdn.com\/wp-content\/uploads\/2020\/12\/20201027_164116w-600x450.jpg?strip=all 600w, https:\/\/ebo7dpuwy2d.exactdn.com\/wp-content\/uploads\/2020\/12\/20201027_164116w-300x225.jpg?strip=all 300w, https:\/\/ebo7dpuwy2d.exactdn.com\/wp-content\/uploads\/2020\/12\/20201027_164116w.jpg?strip=all 1000w, https:\/\/ebo7dpuwy2d.exactdn.com\/wp-content\/uploads\/2020\/12\/20201027_164116w.jpg?strip=all&amp;w=200 200w, https:\/\/ebo7dpuwy2d.exactdn.com\/wp-content\/uploads\/2020\/12\/20201027_164116w.jpg?strip=all&amp;w=400 400w, https:\/\/ebo7dpuwy2d.exactdn.com\/wp-content\/uploads\/2020\/12\/20201027_164116w.jpg?strip=all&amp;w=450 450w\" sizes=\"(max-width: 768px) 100vw, 768px\" \/><\/div><\/a>\n\t\t\t\t<div class=\"elementor-post__text\">\n\t\t\t\t<h3 class=\"elementor-post__title\">\n\t\t\t<a href=\"https:\/\/dogandfamily.com\/ca\/rutes\/de-barcelona-al-valles-pel-forat-del-vent\/\" >\n\t\t\t\tCaminant per Collserola des del metro, de Barcelona al Vall\u00e8s pel Forat del Vent\t\t\t<\/a>\n\t\t<\/h3>\n\t\t\t\t<\/div>\n\t\t\t\t\t<\/div>\n\t\t<\/article>\n\t\t\t\t<\/div>\n\t\t\n\t\t\t\t\t\t<\/div>\n\t\t\t\t<\/div>\n\t\t\t\t<div class=\"elementor-element elementor-element-492995f1 elementor-widget elementor-widget-spacer\" data-id=\"492995f1\" data-element_type=\"widget\" data-e-type=\"widget\" data-widget_type=\"spacer.default\">\n\t\t\t\t<div class=\"elementor-widget-container\">\n\t\t\t\t\t\t\t<div class=\"elementor-spacer\">\n\t\t\t<div class=\"elementor-spacer-inner\"><\/div>\n\t\t<\/div>\n\t\t\t\t\t\t<\/div>\n\t\t\t\t<\/div>\n\t\t\t\t<div class=\"elementor-element elementor-element-1bc0f931 elementor-widget elementor-widget-heading\" data-id=\"1bc0f931\" data-element_type=\"widget\" data-e-type=\"widget\" data-widget_type=\"heading.default\">\n\t\t\t\t<div class=\"elementor-widget-container\">\n\t\t\t\t\t<h2 class=\"elementor-heading-title elementor-size-default\">Aviat, noves rutes sostenibles!<\/h2>\t\t\t\t<\/div>\n\t\t\t\t<\/div>\n\t\t\t\t<div class=\"elementor-element elementor-element-6efb3b33 elementor-share-buttons--view-icon elementor-share-buttons--shape-circle elementor-share-buttons--color-custom elementor-share-buttons--skin-gradient elementor-grid-0 elementor-widget elementor-widget-share-buttons\" data-id=\"6efb3b33\" data-element_type=\"widget\" data-e-type=\"widget\" data-widget_type=\"share-buttons.default\">\n\t\t\t\t<div class=\"elementor-widget-container\">\n\t\t\t\t\t\t\t<div class=\"elementor-grid\" role=\"list\">\n\t\t\t\t\t\t\t\t<div class=\"elementor-grid-item\" role=\"listitem\">\n\t\t\t\t\t\t<div class=\"elementor-share-btn elementor-share-btn_facebook\" role=\"button\" tabindex=\"0\" aria-label=\"Compartici\u00f3 en facebook\">\n\t\t\t\t\t\t\t\t\t\t\t\t\t\t\t<span class=\"elementor-share-btn__icon\">\n\t\t\t\t\t\t\t\t<i class=\"fab fa-facebook\" aria-hidden=\"true\"><\/i>\t\t\t\t\t\t\t<\/span>\n\t\t\t\t\t\t\t\t\t\t\t\t\t\t\t\t\t\t\t\t<\/div>\n\t\t\t\t\t<\/div>\n\t\t\t\t\t\t\t\t\t<div class=\"elementor-grid-item\" role=\"listitem\">\n\t\t\t\t\t\t<div class=\"elementor-share-btn elementor-share-btn_twitter\" role=\"button\" tabindex=\"0\" aria-label=\"Compartici\u00f3 en twitter\">\n\t\t\t\t\t\t\t\t\t\t\t\t\t\t\t<span class=\"elementor-share-btn__icon\">\n\t\t\t\t\t\t\t\t<i class=\"fab fa-twitter\" aria-hidden=\"true\"><\/i>\t\t\t\t\t\t\t<\/span>\n\t\t\t\t\t\t\t\t\t\t\t\t\t\t\t\t\t\t\t\t<\/div>\n\t\t\t\t\t<\/div>\n\t\t\t\t\t\t\t\t\t<div class=\"elementor-grid-item\" role=\"listitem\">\n\t\t\t\t\t\t<div class=\"elementor-share-btn elementor-share-btn_email\" role=\"button\" tabindex=\"0\" aria-label=\"Compartici\u00f3 en email\">\n\t\t\t\t\t\t\t\t\t\t\t\t\t\t\t<span class=\"elementor-share-btn__icon\">\n\t\t\t\t\t\t\t\t<i class=\"fas fa-envelope\" aria-hidden=\"true\"><\/i>\t\t\t\t\t\t\t<\/span>\n\t\t\t\t\t\t\t\t\t\t\t\t\t\t\t\t\t\t\t\t<\/div>\n\t\t\t\t\t<\/div>\n\t\t\t\t\t\t\t\t\t<div class=\"elementor-grid-item\" role=\"listitem\">\n\t\t\t\t\t\t<div class=\"elementor-share-btn elementor-share-btn_whatsapp\" role=\"button\" tabindex=\"0\" aria-label=\"Compartici\u00f3 en whatsapp\">\n\t\t\t\t\t\t\t\t\t\t\t\t\t\t\t<span class=\"elementor-share-btn__icon\">\n\t\t\t\t\t\t\t\t<i class=\"fab fa-whatsapp\" aria-hidden=\"true\"><\/i>\t\t\t\t\t\t\t<\/span>\n\t\t\t\t\t\t\t\t\t\t\t\t\t\t\t\t\t\t\t\t<\/div>\n\t\t\t\t\t<\/div>\n\t\t\t\t\t\t\t\t\t<div class=\"elementor-grid-item\" role=\"listitem\">\n\t\t\t\t\t\t<div class=\"elementor-share-btn elementor-share-btn_telegram\" role=\"button\" tabindex=\"0\" aria-label=\"Compartici\u00f3 en telegram\">\n\t\t\t\t\t\t\t\t\t\t\t\t\t\t\t<span class=\"elementor-share-btn__icon\">\n\t\t\t\t\t\t\t\t<i class=\"fab fa-telegram\" aria-hidden=\"true\"><\/i>\t\t\t\t\t\t\t<\/span>\n\t\t\t\t\t\t\t\t\t\t\t\t\t\t\t\t\t\t\t\t<\/div>\n\t\t\t\t\t<\/div>\n\t\t\t\t\t\t<\/div>\n\t\t\t\t\t\t<\/div>\n\t\t\t\t<\/div>\n\t\t\t\t\t<\/div>\n\t\t<\/div>\n\t\t\t\t\t<\/div>\n\t\t<\/section>\n\t\t\t\t<section class=\"elementor-section elementor-top-section elementor-element elementor-element-26572fae elementor-section-boxed elementor-section-height-default elementor-section-height-default\" data-id=\"26572fae\" data-element_type=\"section\" data-e-type=\"section\">\n\t\t\t\t\t\t<div class=\"elementor-container elementor-column-gap-default\">\n\t\t\t\t\t<div class=\"elementor-column elementor-col-100 elementor-top-column elementor-element elementor-element-37248998\" data-id=\"37248998\" data-element_type=\"column\" data-e-type=\"column\">\n\t\t\t<div class=\"elementor-widget-wrap elementor-element-populated\">\n\t\t\t\t\t\t\t<\/div>\n\t\t<\/div>\n\t\t\t\t\t<\/div>\n\t\t<\/section>\n\t\t\t\t<\/div>\n\t\t","protected":false},"excerpt":{"rendered":"<p>Rutes amb transport p\u00fablic Aqu\u00ed anirem proposant interessants rutes que es poden fer amb el gos sense cotxe (en tren o en metro). Optar per anar en transport p\u00fablic, a m\u00e9s de ser m\u00e9s econ\u00f2mic que despla\u00e7ar-se en cotxe, \u00e9s tamb\u00e9 m\u00e9s sostenible! DESCOBREIX-LES AMB EL TEU GOS! Aviat, noves rutes sostenibles!<\/p>\n","protected":false},"author":5,"featured_media":0,"parent":0,"menu_order":0,"comment_status":"closed","ping_status":"closed","template":"","meta":{"inline_featured_image":false,"site-sidebar-layout":"no-sidebar","site-content-layout":"page-builder","ast-site-content-layout":"default","site-content-style":"default","site-sidebar-style":"default","ast-global-header-display":"","ast-banner-title-visibility":"","ast-main-header-display":"","ast-hfb-above-header-display":"","ast-hfb-below-header-display":"","ast-hfb-mobile-header-display":"","site-post-title":"disabled","ast-breadcrumbs-content":"","ast-featured-img":"disabled","footer-sml-layout":"","ast-disable-related-posts":"","theme-transparent-header-meta":"","adv-header-id-meta":"","stick-header-meta":"","header-above-stick-meta":"","header-main-stick-meta":"","header-below-stick-meta":"","astra-migrate-meta-layouts":"default","ast-page-background-enabled":"default","ast-page-background-meta":{"desktop":{"background-color":"","background-image":"","background-repeat":"repeat","background-position":"center center","background-size":"auto","background-attachment":"scroll","background-type":"","background-media":"","overlay-type":"","overlay-color":"","overlay-opacity":"","overlay-gradient":""},"tablet":{"background-color":"","background-image":"","background-repeat":"repeat","background-position":"center center","background-size":"auto","background-attachment":"scroll","background-type":"","background-media":"","overlay-type":"","overlay-color":"","overlay-opacity":"","overlay-gradient":""},"mobile":{"background-color":"","background-image":"","background-repeat":"repeat","background-position":"center center","background-size":"auto","background-attachment":"scroll","background-type":"","background-media":"","overlay-type":"","overlay-color":"","overlay-opacity":"","overlay-gradient":""}},"ast-content-background-meta":{"desktop":{"background-color":"var(--ast-global-color-5)","background-image":"","background-repeat":"repeat","background-position":"center center","background-size":"auto","background-attachment":"scroll","background-type":"","background-media":"","overlay-type":"","overlay-color":"","overlay-opacity":"","overlay-gradient":""},"tablet":{"background-color":"var(--ast-global-color-5)","background-image":"","background-repeat":"repeat","background-position":"center center","background-size":"auto","background-attachment":"scroll","background-type":"","background-media":"","overlay-type":"","overlay-color":"","overlay-opacity":"","overlay-gradient":""},"mobile":{"background-color":"var(--ast-global-color-5)","background-image":"","background-repeat":"repeat","background-position":"center center","background-size":"auto","background-attachment":"scroll","background-type":"","background-media":"","overlay-type":"","overlay-color":"","overlay-opacity":"","overlay-gradient":""}},"footnotes":""},"class_list":["post-47502","page","type-page","status-publish","hentry"],"yoast_head":"<!-- This site is optimized with the Yoast SEO plugin v27.3 - https:\/\/yoast.com\/product\/yoast-seo-wordpress\/ -->\n<title>Rutes amb transport p\u00fablic<\/title>\n<meta name=\"robots\" content=\"index, follow, max-snippet:-1, max-image-preview:large, max-video-preview:-1\" \/>\n<link rel=\"canonical\" href=\"https:\/\/dogandfamily.com\/ca\/rutes-amb-transport-public\/\" \/>\n<meta property=\"og:locale\" content=\"ca_ES\" \/>\n<meta property=\"og:type\" content=\"article\" \/>\n<meta property=\"og:title\" content=\"Rutes amb transport p\u00fablic\" \/>\n<meta property=\"og:description\" content=\"Rutes amb transport p\u00fablic Aqu\u00ed anirem proposant interessants rutes que es poden fer amb el gos sense cotxe (en tren o en metro). Optar per anar en transport p\u00fablic, a m\u00e9s de ser m\u00e9s econ\u00f2mic que despla\u00e7ar-se en cotxe, \u00e9s tamb\u00e9 m\u00e9s sostenible! DESCOBREIX-LES AMB EL TEU GOS! Aviat, noves rutes sostenibles!\" \/>\n<meta property=\"og:url\" content=\"https:\/\/dogandfamily.com\/ca\/rutes-amb-transport-public\/\" \/>\n<meta property=\"og:site_name\" content=\"Dog &amp; Family\" \/>\n<meta property=\"article:modified_time\" content=\"2022-11-19T19:46:13+00:00\" \/>\n<meta name=\"twitter:card\" content=\"summary_large_image\" \/>\n<meta name=\"twitter:label1\" content=\"Temps estimat de lectura\" \/>\n\t<meta name=\"twitter:data1\" content=\"1 minut\" \/>\n<script type=\"application\/ld+json\" class=\"yoast-schema-graph\">{\"@context\":\"https:\\\/\\\/schema.org\",\"@graph\":[{\"@type\":\"WebPage\",\"@id\":\"https:\\\/\\\/dogandfamily.com\\\/ca\\\/rutes-amb-transport-public\\\/\",\"url\":\"https:\\\/\\\/dogandfamily.com\\\/ca\\\/rutes-amb-transport-public\\\/\",\"name\":\"Rutes amb transport p\u00fablic\",\"isPartOf\":{\"@id\":\"https:\\\/\\\/dogandfamily.com\\\/ca\\\/#website\"},\"datePublished\":\"2022-11-19T18:43:12+00:00\",\"dateModified\":\"2022-11-19T19:46:13+00:00\",\"breadcrumb\":{\"@id\":\"https:\\\/\\\/dogandfamily.com\\\/ca\\\/rutes-amb-transport-public\\\/#breadcrumb\"},\"inLanguage\":\"ca\",\"potentialAction\":[{\"@type\":\"ReadAction\",\"target\":[\"https:\\\/\\\/dogandfamily.com\\\/ca\\\/rutes-amb-transport-public\\\/\"]}]},{\"@type\":\"BreadcrumbList\",\"@id\":\"https:\\\/\\\/dogandfamily.com\\\/ca\\\/rutes-amb-transport-public\\\/#breadcrumb\",\"itemListElement\":[{\"@type\":\"ListItem\",\"position\":1,\"name\":\"Portada\",\"item\":\"https:\\\/\\\/dogandfamily.com\\\/ca\\\/\"},{\"@type\":\"ListItem\",\"position\":2,\"name\":\"Rutes amb transport p\u00fablic\"}]},{\"@type\":\"WebSite\",\"@id\":\"https:\\\/\\\/dogandfamily.com\\\/ca\\\/#website\",\"url\":\"https:\\\/\\\/dogandfamily.com\\\/ca\\\/\",\"name\":\"Dog &amp; Family\",\"description\":\"Alojamientos con alma para disfrutar de la naturaleza con tu perro. Los alojamientos DOG &amp; FAMILY son sencillos y peque\u00f1os hoteles y casa rurales con encanto, ideales para personas que quieren hacer senderismo, descubrir nuevos lugares o simplemente desconectar. Y compartir estos buenos momentos con tu perro.\",\"publisher\":{\"@id\":\"https:\\\/\\\/dogandfamily.com\\\/ca\\\/#organization\"},\"potentialAction\":[{\"@type\":\"SearchAction\",\"target\":{\"@type\":\"EntryPoint\",\"urlTemplate\":\"https:\\\/\\\/dogandfamily.com\\\/ca\\\/?s={search_term_string}\"},\"query-input\":{\"@type\":\"PropertyValueSpecification\",\"valueRequired\":true,\"valueName\":\"search_term_string\"}}],\"inLanguage\":\"ca\"},{\"@type\":\"Organization\",\"@id\":\"https:\\\/\\\/dogandfamily.com\\\/ca\\\/#organization\",\"name\":\"Dog &amp; Family\",\"url\":\"https:\\\/\\\/dogandfamily.com\\\/ca\\\/\",\"logo\":{\"@type\":\"ImageObject\",\"inLanguage\":\"ca\",\"@id\":\"https:\\\/\\\/dogandfamily.com\\\/ca\\\/#\\\/schema\\\/logo\\\/image\\\/\",\"url\":\"https:\\\/\\\/ebo7dpuwy2d.exactdn.com\\\/wp-content\\\/uploads\\\/2020\\\/05\\\/Gos-family-logo-51a01eb83678f53ac09cf9dc5d7ec805.png?strip=all\",\"contentUrl\":\"https:\\\/\\\/ebo7dpuwy2d.exactdn.com\\\/wp-content\\\/uploads\\\/2020\\\/05\\\/Gos-family-logo-51a01eb83678f53ac09cf9dc5d7ec805.png?strip=all\",\"width\":313,\"height\":313,\"caption\":\"Dog &amp; Family\"},\"image\":{\"@id\":\"https:\\\/\\\/dogandfamily.com\\\/ca\\\/#\\\/schema\\\/logo\\\/image\\\/\"}}]}<\/script>\n<!-- \/ Yoast SEO plugin. -->","yoast_head_json":{"title":"Rutes amb transport p\u00fablic","robots":{"index":"index","follow":"follow","max-snippet":"max-snippet:-1","max-image-preview":"max-image-preview:large","max-video-preview":"max-video-preview:-1"},"canonical":"https:\/\/dogandfamily.com\/ca\/rutes-amb-transport-public\/","og_locale":"ca_ES","og_type":"article","og_title":"Rutes amb transport p\u00fablic","og_description":"Rutes amb transport p\u00fablic Aqu\u00ed anirem proposant interessants rutes que es poden fer amb el gos sense cotxe (en tren o en metro). Optar per anar en transport p\u00fablic, a m\u00e9s de ser m\u00e9s econ\u00f2mic que despla\u00e7ar-se en cotxe, \u00e9s tamb\u00e9 m\u00e9s sostenible! DESCOBREIX-LES AMB EL TEU GOS! Aviat, noves rutes sostenibles!","og_url":"https:\/\/dogandfamily.com\/ca\/rutes-amb-transport-public\/","og_site_name":"Dog &amp; Family","article_modified_time":"2022-11-19T19:46:13+00:00","twitter_card":"summary_large_image","twitter_misc":{"Temps estimat de lectura":"1 minut"},"schema":{"@context":"https:\/\/schema.org","@graph":[{"@type":"WebPage","@id":"https:\/\/dogandfamily.com\/ca\/rutes-amb-transport-public\/","url":"https:\/\/dogandfamily.com\/ca\/rutes-amb-transport-public\/","name":"Rutes amb transport p\u00fablic","isPartOf":{"@id":"https:\/\/dogandfamily.com\/ca\/#website"},"datePublished":"2022-11-19T18:43:12+00:00","dateModified":"2022-11-19T19:46:13+00:00","breadcrumb":{"@id":"https:\/\/dogandfamily.com\/ca\/rutes-amb-transport-public\/#breadcrumb"},"inLanguage":"ca","potentialAction":[{"@type":"ReadAction","target":["https:\/\/dogandfamily.com\/ca\/rutes-amb-transport-public\/"]}]},{"@type":"BreadcrumbList","@id":"https:\/\/dogandfamily.com\/ca\/rutes-amb-transport-public\/#breadcrumb","itemListElement":[{"@type":"ListItem","position":1,"name":"Portada","item":"https:\/\/dogandfamily.com\/ca\/"},{"@type":"ListItem","position":2,"name":"Rutes amb transport p\u00fablic"}]},{"@type":"WebSite","@id":"https:\/\/dogandfamily.com\/ca\/#website","url":"https:\/\/dogandfamily.com\/ca\/","name":"Dog &amp; Family","description":"Alojamientos con alma para disfrutar de la naturaleza con tu perro. Los alojamientos DOG &amp; FAMILY son sencillos y peque\u00f1os hoteles y casa rurales con encanto, ideales para personas que quieren hacer senderismo, descubrir nuevos lugares o simplemente desconectar. Y compartir estos buenos momentos con tu perro.","publisher":{"@id":"https:\/\/dogandfamily.com\/ca\/#organization"},"potentialAction":[{"@type":"SearchAction","target":{"@type":"EntryPoint","urlTemplate":"https:\/\/dogandfamily.com\/ca\/?s={search_term_string}"},"query-input":{"@type":"PropertyValueSpecification","valueRequired":true,"valueName":"search_term_string"}}],"inLanguage":"ca"},{"@type":"Organization","@id":"https:\/\/dogandfamily.com\/ca\/#organization","name":"Dog &amp; Family","url":"https:\/\/dogandfamily.com\/ca\/","logo":{"@type":"ImageObject","inLanguage":"ca","@id":"https:\/\/dogandfamily.com\/ca\/#\/schema\/logo\/image\/","url":"https:\/\/ebo7dpuwy2d.exactdn.com\/wp-content\/uploads\/2020\/05\/Gos-family-logo-51a01eb83678f53ac09cf9dc5d7ec805.png?strip=all","contentUrl":"https:\/\/ebo7dpuwy2d.exactdn.com\/wp-content\/uploads\/2020\/05\/Gos-family-logo-51a01eb83678f53ac09cf9dc5d7ec805.png?strip=all","width":313,"height":313,"caption":"Dog &amp; Family"},"image":{"@id":"https:\/\/dogandfamily.com\/ca\/#\/schema\/logo\/image\/"}}]}},"_links":{"self":[{"href":"https:\/\/dogandfamily.com\/ca\/wp-json\/wp\/v2\/pages\/47502","targetHints":{"allow":["GET"]}}],"collection":[{"href":"https:\/\/dogandfamily.com\/ca\/wp-json\/wp\/v2\/pages"}],"about":[{"href":"https:\/\/dogandfamily.com\/ca\/wp-json\/wp\/v2\/types\/page"}],"author":[{"embeddable":true,"href":"https:\/\/dogandfamily.com\/ca\/wp-json\/wp\/v2\/users\/5"}],"replies":[{"embeddable":true,"href":"https:\/\/dogandfamily.com\/ca\/wp-json\/wp\/v2\/comments?post=47502"}],"version-history":[{"count":10,"href":"https:\/\/dogandfamily.com\/ca\/wp-json\/wp\/v2\/pages\/47502\/revisions"}],"predecessor-version":[{"id":47552,"href":"https:\/\/dogandfamily.com\/ca\/wp-json\/wp\/v2\/pages\/47502\/revisions\/47552"}],"wp:attachment":[{"href":"https:\/\/dogandfamily.com\/ca\/wp-json\/wp\/v2\/media?parent=47502"}],"curies":[{"name":"wp","href":"https:\/\/api.w.org\/{rel}","templated":true}]}}