{"id":3869,"date":"2019-02-15T20:46:13","date_gmt":"2019-02-15T18:46:13","guid":{"rendered":"https:\/\/dogandfamily.com\/?page_id=3869"},"modified":"2020-10-21T19:34:08","modified_gmt":"2020-10-21T17:34:08","slug":"avis-legal","status":"publish","type":"page","link":"https:\/\/dogandfamily.com\/ca\/avis-legal\/","title":{"rendered":"Av\u00eds legal"},"content":{"rendered":"\t\t<div data-elementor-type=\"wp-page\" data-elementor-id=\"3869\" class=\"elementor elementor-3869\" data-elementor-post-type=\"page\">\n\t\t\t\t\t\t<section class=\"elementor-section elementor-top-section elementor-element elementor-element-94e1dcb elementor-section-boxed elementor-section-height-default elementor-section-height-default\" data-id=\"94e1dcb\" data-element_type=\"section\" data-e-type=\"section\">\n\t\t\t\t\t\t<div class=\"elementor-container elementor-column-gap-default\">\n\t\t\t\t\t<div class=\"elementor-column elementor-col-100 elementor-top-column elementor-element elementor-element-fa1508e\" data-id=\"fa1508e\" data-element_type=\"column\" data-e-type=\"column\">\n\t\t\t<div class=\"elementor-widget-wrap elementor-element-populated\">\n\t\t\t\t\t\t<div class=\"elementor-element elementor-element-ef75630 elementor-widget elementor-widget-text-editor\" data-id=\"ef75630\" data-element_type=\"widget\" data-e-type=\"widget\" data-widget_type=\"text-editor.default\">\n\t\t\t\t<div class=\"elementor-widget-container\">\n\t\t\t\t\t\t\t\t\t<h2>Av\u00eds legal<\/h2><p><strong>Identificaci\u00f3.\u00a0<\/strong>En compliment amb el deure d\u2019informaci\u00f3 recollit en l\u2019article 10 de la Llei 34\/2020, d\u201911 de Juliol, de Serveis de la Societat de la informaci\u00f3 i del Comer\u00e7 Electr\u00f2nic, les dades aqu\u00ed consignades corresponen al titular de la web\u00a0<a href=\"mailto:info@gosandfamily.com\">www.dogandfamily.com<\/a>\u00a0 .<\/p><p><strong>Denominaci\u00f3<\/strong>: MARGARITA OLIVER CAMA<\/p><p><strong>Domicili<\/strong>: CL. Corsega, 474 08025-Barcelona<\/p><p><strong>Tel\u00e8fon<\/strong>: 606.907.450<\/p><p><strong>Email<\/strong>: hola@dogandfamily.com<\/p><p><strong>CIF<\/strong>: 37747118R<\/p><p><strong>Propietat Intel.lectual e industrial.\u00a0<\/strong>Tots els drets de Propietat Industrial i Intel\u00b7lectual de la totalitat d\u2019elements continguts en aquest lloc web, inclosos els formats, dissenys gr\u00e0fics, texts, imatges i documents, pertanyen a MARGARITA OLIVER CAMA o a la persona f\u00edsica, jur\u00eddica, organisme o entitat que n\u2019ostenta la titularitat i estan protegits per les Lleis espanyoles i internacionals sobre propietat Intel\u00b7lectual i Industrial. Tanmateix totes les marques i noms comercials contingudes en aquest lloc web pertanyen a MARGARITA OLIVER CAMA, o a la persona f\u00edsica, jur\u00eddica, organisme o entitat que n\u2019ostenti la titularitat del signe distintiu i es troben igualment protegides per les lleis espanyoles i internacionals sobre propietat Intel\u00b7lectual i Industrial. Est\u00e0 expressament prohibida la reproducci\u00f3 total o parcial d\u2019aquest lloc Web i de qualsevol dels seus continguts sense comptar amb l\u2019autoritzaci\u00f3 expressa i per escrit de MARGARITA OLIVER CAMA o del titular d\u2019aquestes.<\/p><p>L\u2019acc\u00e9s al lloc web no implica cap mena de ren\u00fancia, transmissi\u00f3, llic\u00e8ncia o cessi\u00f3 d\u2019aquests drets per part de MARGARITA OLIVER CAMA o dels titulars que ostenten els drets de propietat intel\u00b7lectual o industrial, excepte que s\u2019estableixi el contrari de forma expressa.<\/p><p><strong>Condicions d\u2019\u00fas.\u00a0<\/strong>L\u2019acc\u00e9s a aquest lloc Web implica l\u2019acceptaci\u00f3 sense reserves d\u2019aquestes condicions d\u2019\u00fas que regulen el seu acc\u00e9s i utilitzaci\u00f3 amb la finalitat de posar a disposici\u00f3 dels usuaris informaci\u00f3 sobre els nostres allotjaments i serveis.<\/p><p>Est\u00e0 expressament prohibit l\u2019\u00fas dels continguts d\u2019aquest lloc Web per a finalitats comercials o per a la seva distribuci\u00f3, transformaci\u00f3 o comunicaci\u00f3, sense tenir el consentiment previ de MARGARITA OLIVER CAMA.<\/p><p>MARGARITA OLIVER CAMA no respondr\u00e0 de les possibles conseq\u00fc\u00e8ncies, danys o perjudicis que se\u2019n puguin derivar d\u2019aquesta utilitzaci\u00f3 o \u00fas de la informaci\u00f3..<\/p><p>Tant l\u2019acc\u00e9s a aquesta web com l\u2019\u00fas que es pugui fer de la informaci\u00f3 continguda en aquesta, \u00e9s de l\u2019exclusiva responsabilitat de qui el realitza.<\/p><p>L\u2019usuari s\u2019obliga a no fer servir la informaci\u00f3 publicada en aquesta Web amb finalitat o efectes il\u00b7l\u00edcits o lesius, a no danyar o inutilitzar la informaci\u00f3 i a no realitzar qualsevol altra acci\u00f3 que pugui \u00e9sser contr\u00e0ria al contingut d\u2019aquest Av\u00eds Legal.<\/p><p>MARGARITA OLIVER CAMA \u00e9s reserva el dret a modificar el contingut de l\u2019oferta comercial dels seus serveis quan ho consideri oport\u00fa i a mantenir el seu contingut actualitzat.<\/p><p>MARGARITA OLIVER CAMA no pot assegurar la inexist\u00e8ncia d\u2019interrupcions o errades a l\u2019acc\u00e9s a aquest lloc Web, tot i que far\u00e0 els esfor\u00e7os possibles per tal d\u2019evitar-los.<\/p><p><strong>\u00a0Enlla\u00e7os a altres webs.\u00a0<\/strong>Els enlla\u00e7os (links) que pugui trobar en aquest lloc Web s\u00f3n un servei als usuaris. Aquestes p\u00e0gines no s\u00f3n gestionades ni controlades per MARGARITA OLIVER CAMA, per aquest motiu, no es fa responsable dels continguts d\u2019aquests llocs Web ni aquests estan regulats pel present Av\u00eds Legal. Si accedeix a aquestes p\u00e0gines Web, haur\u00e0 de tenir en compte que les seves pol\u00edtiques de privacitat poden ser diferents de la nostra.<\/p><p><strong>Legislaci\u00f3 aplicable i compet\u00e8ncia jurisdiccional.\u00a0<\/strong>El present Av\u00eds Legal es regeix per la normativa espanyola vigent que li \u00e9s aplicable.<\/p><p>Per a la resoluci\u00f3 de les controv\u00e8rsies que poguessin derivar-se com a conseq\u00fc\u00e8ncia del que es disposa en les presents disposicions i sobre la seva interpretaci\u00f3, aplicaci\u00f3 i compliment, l\u2019usuari, en virtut de l\u2019acceptaci\u00f3 de les condicions recollides en aquest Av\u00eds legal, renuncia expressament a qualsevol altre fur que pogu\u00e9s correspondre-li.<\/p><p>En qualsevol cas, dins de la jurisdicci\u00f3 espanyola, si la legislaci\u00f3 permet\u00e9s sotmetre\u2019s a un fur en concret, l\u2019usuari renuncia expressament al fur que li pogu\u00e9s correspondre i se sotmet volunt\u00e0riament a la jurisdicci\u00f3 dels Jutjats i Tribunals de BARCELONA.<\/p><div class=\"scriptlesssocialsharing\"><div class=\"scriptlesssocialsharing__buttons\"><span class=\"screen-reader-text\">WHAT<\/span><\/div><\/div>\t\t\t\t\t\t\t\t<\/div>\n\t\t\t\t<\/div>\n\t\t\t\t\t<\/div>\n\t\t<\/div>\n\t\t\t\t\t<\/div>\n\t\t<\/section>\n\t\t\t\t<\/div>\n\t\t","protected":false},"excerpt":{"rendered":"<p>Av\u00eds legal Identificaci\u00f3.&nbsp;En compliment amb el deure d\u2019informaci\u00f3 recollit en l\u2019article 10 de la Llei 34\/2020, d\u201911 de Juliol, de Serveis de la Societat de la informaci\u00f3 i del Comer\u00e7 Electr\u00f2nic, les dades aqu\u00ed consignades corresponen al titular de la web&nbsp;www.dogandfamily.com&nbsp; . Denominaci\u00f3: MARGARITA OLIVER CAMA Domicili: CL. Corsega, 474 08025-Barcelona Tel\u00e8fon: 606.907.450 Email: hola@dogandfamily.com [&hellip;]<\/p>\n","protected":false},"author":5,"featured_media":0,"parent":0,"menu_order":0,"comment_status":"closed","ping_status":"closed","template":"","meta":{"inline_featured_image":false,"site-sidebar-layout":"right-sidebar","site-content-layout":"default","ast-site-content-layout":"default","site-content-style":"default","site-sidebar-style":"default","ast-global-header-display":"","ast-banner-title-visibility":"","ast-main-header-display":"","ast-hfb-above-header-display":"","ast-hfb-below-header-display":"","ast-hfb-mobile-header-display":"","site-post-title":"disabled","ast-breadcrumbs-content":"disabled","ast-featured-img":"disabled","footer-sml-layout":"","ast-disable-related-posts":"","theme-transparent-header-meta":"default","adv-header-id-meta":"","stick-header-meta":"","header-above-stick-meta":"","header-main-stick-meta":"","header-below-stick-meta":"","astra-migrate-meta-layouts":"default","ast-page-background-enabled":"default","ast-page-background-meta":{"desktop":{"background-color":"","background-image":"","background-repeat":"repeat","background-position":"center center","background-size":"auto","background-attachment":"scroll","background-type":"","background-media":"","overlay-type":"","overlay-color":"","overlay-opacity":"","overlay-gradient":""},"tablet":{"background-color":"","background-image":"","background-repeat":"repeat","background-position":"center center","background-size":"auto","background-attachment":"scroll","background-type":"","background-media":"","overlay-type":"","overlay-color":"","overlay-opacity":"","overlay-gradient":""},"mobile":{"background-color":"","background-image":"","background-repeat":"repeat","background-position":"center center","background-size":"auto","background-attachment":"scroll","background-type":"","background-media":"","overlay-type":"","overlay-color":"","overlay-opacity":"","overlay-gradient":""}},"ast-content-background-meta":{"desktop":{"background-color":"var(--ast-global-color-5)","background-image":"","background-repeat":"repeat","background-position":"center center","background-size":"auto","background-attachment":"scroll","background-type":"","background-media":"","overlay-type":"","overlay-color":"","overlay-opacity":"","overlay-gradient":""},"tablet":{"background-color":"var(--ast-global-color-5)","background-image":"","background-repeat":"repeat","background-position":"center center","background-size":"auto","background-attachment":"scroll","background-type":"","background-media":"","overlay-type":"","overlay-color":"","overlay-opacity":"","overlay-gradient":""},"mobile":{"background-color":"var(--ast-global-color-5)","background-image":"","background-repeat":"repeat","background-position":"center center","background-size":"auto","background-attachment":"scroll","background-type":"","background-media":"","overlay-type":"","overlay-color":"","overlay-opacity":"","overlay-gradient":""}},"footnotes":""},"class_list":["post-3869","page","type-page","status-publish","hentry"],"yoast_head":"<!-- This site is optimized with the Yoast SEO plugin v27.3 - https:\/\/yoast.com\/product\/yoast-seo-wordpress\/ -->\n<title>Av\u00eds legal<\/title>\n<meta name=\"robots\" content=\"index, follow, max-snippet:-1, max-image-preview:large, max-video-preview:-1\" \/>\n<link rel=\"canonical\" href=\"https:\/\/dogandfamily.com\/ca\/avis-legal\/\" \/>\n<meta property=\"og:locale\" content=\"ca_ES\" \/>\n<meta property=\"og:type\" content=\"article\" \/>\n<meta property=\"og:title\" content=\"Av\u00eds legal\" \/>\n<meta property=\"og:description\" content=\"Av\u00eds legal Identificaci\u00f3.&nbsp;En compliment amb el deure d\u2019informaci\u00f3 recollit en l\u2019article 10 de la Llei 34\/2020, d\u201911 de Juliol, de Serveis de la Societat de la informaci\u00f3 i del Comer\u00e7 Electr\u00f2nic, les dades aqu\u00ed consignades corresponen al titular de la web&nbsp;www.dogandfamily.com&nbsp; . Denominaci\u00f3: MARGARITA OLIVER CAMA Domicili: CL. Corsega, 474 08025-Barcelona Tel\u00e8fon: 606.907.450 Email: hola@dogandfamily.com [&hellip;]\" \/>\n<meta property=\"og:url\" content=\"https:\/\/dogandfamily.com\/ca\/avis-legal\/\" \/>\n<meta property=\"og:site_name\" content=\"Dog &amp; Family\" \/>\n<meta property=\"article:modified_time\" content=\"2020-10-21T17:34:08+00:00\" \/>\n<meta name=\"twitter:card\" content=\"summary_large_image\" \/>\n<meta name=\"twitter:label1\" content=\"Temps estimat de lectura\" \/>\n\t<meta name=\"twitter:data1\" content=\"4 minuts\" \/>\n<script type=\"application\/ld+json\" class=\"yoast-schema-graph\">{\"@context\":\"https:\\\/\\\/schema.org\",\"@graph\":[{\"@type\":\"WebPage\",\"@id\":\"https:\\\/\\\/dogandfamily.com\\\/ca\\\/avis-legal\\\/\",\"url\":\"https:\\\/\\\/dogandfamily.com\\\/ca\\\/avis-legal\\\/\",\"name\":\"Av\u00eds legal\",\"isPartOf\":{\"@id\":\"https:\\\/\\\/dogandfamily.com\\\/ca\\\/#website\"},\"datePublished\":\"2019-02-15T18:46:13+00:00\",\"dateModified\":\"2020-10-21T17:34:08+00:00\",\"breadcrumb\":{\"@id\":\"https:\\\/\\\/dogandfamily.com\\\/ca\\\/avis-legal\\\/#breadcrumb\"},\"inLanguage\":\"ca\",\"potentialAction\":[{\"@type\":\"ReadAction\",\"target\":[\"https:\\\/\\\/dogandfamily.com\\\/ca\\\/avis-legal\\\/\"]}]},{\"@type\":\"BreadcrumbList\",\"@id\":\"https:\\\/\\\/dogandfamily.com\\\/ca\\\/avis-legal\\\/#breadcrumb\",\"itemListElement\":[{\"@type\":\"ListItem\",\"position\":1,\"name\":\"Portada\",\"item\":\"https:\\\/\\\/dogandfamily.com\\\/ca\\\/\"},{\"@type\":\"ListItem\",\"position\":2,\"name\":\"Av\u00eds legal\"}]},{\"@type\":\"WebSite\",\"@id\":\"https:\\\/\\\/dogandfamily.com\\\/ca\\\/#website\",\"url\":\"https:\\\/\\\/dogandfamily.com\\\/ca\\\/\",\"name\":\"Dog &amp; Family\",\"description\":\"Alojamientos con alma para disfrutar de la naturaleza con tu perro. Los alojamientos DOG &amp; FAMILY son sencillos y peque\u00f1os hoteles y casa rurales con encanto, ideales para personas que quieren hacer senderismo, descubrir nuevos lugares o simplemente desconectar. Y compartir estos buenos momentos con tu perro.\",\"publisher\":{\"@id\":\"https:\\\/\\\/dogandfamily.com\\\/ca\\\/#organization\"},\"potentialAction\":[{\"@type\":\"SearchAction\",\"target\":{\"@type\":\"EntryPoint\",\"urlTemplate\":\"https:\\\/\\\/dogandfamily.com\\\/ca\\\/?s={search_term_string}\"},\"query-input\":{\"@type\":\"PropertyValueSpecification\",\"valueRequired\":true,\"valueName\":\"search_term_string\"}}],\"inLanguage\":\"ca\"},{\"@type\":\"Organization\",\"@id\":\"https:\\\/\\\/dogandfamily.com\\\/ca\\\/#organization\",\"name\":\"Dog &amp; Family\",\"url\":\"https:\\\/\\\/dogandfamily.com\\\/ca\\\/\",\"logo\":{\"@type\":\"ImageObject\",\"inLanguage\":\"ca\",\"@id\":\"https:\\\/\\\/dogandfamily.com\\\/ca\\\/#\\\/schema\\\/logo\\\/image\\\/\",\"url\":\"https:\\\/\\\/ebo7dpuwy2d.exactdn.com\\\/wp-content\\\/uploads\\\/2020\\\/05\\\/Gos-family-logo-51a01eb83678f53ac09cf9dc5d7ec805.png?strip=all\",\"contentUrl\":\"https:\\\/\\\/ebo7dpuwy2d.exactdn.com\\\/wp-content\\\/uploads\\\/2020\\\/05\\\/Gos-family-logo-51a01eb83678f53ac09cf9dc5d7ec805.png?strip=all\",\"width\":313,\"height\":313,\"caption\":\"Dog &amp; Family\"},\"image\":{\"@id\":\"https:\\\/\\\/dogandfamily.com\\\/ca\\\/#\\\/schema\\\/logo\\\/image\\\/\"}}]}<\/script>\n<!-- \/ Yoast SEO plugin. -->","yoast_head_json":{"title":"Av\u00eds legal","robots":{"index":"index","follow":"follow","max-snippet":"max-snippet:-1","max-image-preview":"max-image-preview:large","max-video-preview":"max-video-preview:-1"},"canonical":"https:\/\/dogandfamily.com\/ca\/avis-legal\/","og_locale":"ca_ES","og_type":"article","og_title":"Av\u00eds legal","og_description":"Av\u00eds legal Identificaci\u00f3.&nbsp;En compliment amb el deure d\u2019informaci\u00f3 recollit en l\u2019article 10 de la Llei 34\/2020, d\u201911 de Juliol, de Serveis de la Societat de la informaci\u00f3 i del Comer\u00e7 Electr\u00f2nic, les dades aqu\u00ed consignades corresponen al titular de la web&nbsp;www.dogandfamily.com&nbsp; . Denominaci\u00f3: MARGARITA OLIVER CAMA Domicili: CL. Corsega, 474 08025-Barcelona Tel\u00e8fon: 606.907.450 Email: hola@dogandfamily.com [&hellip;]","og_url":"https:\/\/dogandfamily.com\/ca\/avis-legal\/","og_site_name":"Dog &amp; Family","article_modified_time":"2020-10-21T17:34:08+00:00","twitter_card":"summary_large_image","twitter_misc":{"Temps estimat de lectura":"4 minuts"},"schema":{"@context":"https:\/\/schema.org","@graph":[{"@type":"WebPage","@id":"https:\/\/dogandfamily.com\/ca\/avis-legal\/","url":"https:\/\/dogandfamily.com\/ca\/avis-legal\/","name":"Av\u00eds legal","isPartOf":{"@id":"https:\/\/dogandfamily.com\/ca\/#website"},"datePublished":"2019-02-15T18:46:13+00:00","dateModified":"2020-10-21T17:34:08+00:00","breadcrumb":{"@id":"https:\/\/dogandfamily.com\/ca\/avis-legal\/#breadcrumb"},"inLanguage":"ca","potentialAction":[{"@type":"ReadAction","target":["https:\/\/dogandfamily.com\/ca\/avis-legal\/"]}]},{"@type":"BreadcrumbList","@id":"https:\/\/dogandfamily.com\/ca\/avis-legal\/#breadcrumb","itemListElement":[{"@type":"ListItem","position":1,"name":"Portada","item":"https:\/\/dogandfamily.com\/ca\/"},{"@type":"ListItem","position":2,"name":"Av\u00eds legal"}]},{"@type":"WebSite","@id":"https:\/\/dogandfamily.com\/ca\/#website","url":"https:\/\/dogandfamily.com\/ca\/","name":"Dog &amp; Family","description":"Alojamientos con alma para disfrutar de la naturaleza con tu perro. Los alojamientos DOG &amp; FAMILY son sencillos y peque\u00f1os hoteles y casa rurales con encanto, ideales para personas que quieren hacer senderismo, descubrir nuevos lugares o simplemente desconectar. Y compartir estos buenos momentos con tu perro.","publisher":{"@id":"https:\/\/dogandfamily.com\/ca\/#organization"},"potentialAction":[{"@type":"SearchAction","target":{"@type":"EntryPoint","urlTemplate":"https:\/\/dogandfamily.com\/ca\/?s={search_term_string}"},"query-input":{"@type":"PropertyValueSpecification","valueRequired":true,"valueName":"search_term_string"}}],"inLanguage":"ca"},{"@type":"Organization","@id":"https:\/\/dogandfamily.com\/ca\/#organization","name":"Dog &amp; Family","url":"https:\/\/dogandfamily.com\/ca\/","logo":{"@type":"ImageObject","inLanguage":"ca","@id":"https:\/\/dogandfamily.com\/ca\/#\/schema\/logo\/image\/","url":"https:\/\/ebo7dpuwy2d.exactdn.com\/wp-content\/uploads\/2020\/05\/Gos-family-logo-51a01eb83678f53ac09cf9dc5d7ec805.png?strip=all","contentUrl":"https:\/\/ebo7dpuwy2d.exactdn.com\/wp-content\/uploads\/2020\/05\/Gos-family-logo-51a01eb83678f53ac09cf9dc5d7ec805.png?strip=all","width":313,"height":313,"caption":"Dog &amp; Family"},"image":{"@id":"https:\/\/dogandfamily.com\/ca\/#\/schema\/logo\/image\/"}}]}},"_links":{"self":[{"href":"https:\/\/dogandfamily.com\/ca\/wp-json\/wp\/v2\/pages\/3869","targetHints":{"allow":["GET"]}}],"collection":[{"href":"https:\/\/dogandfamily.com\/ca\/wp-json\/wp\/v2\/pages"}],"about":[{"href":"https:\/\/dogandfamily.com\/ca\/wp-json\/wp\/v2\/types\/page"}],"author":[{"embeddable":true,"href":"https:\/\/dogandfamily.com\/ca\/wp-json\/wp\/v2\/users\/5"}],"replies":[{"embeddable":true,"href":"https:\/\/dogandfamily.com\/ca\/wp-json\/wp\/v2\/comments?post=3869"}],"version-history":[{"count":5,"href":"https:\/\/dogandfamily.com\/ca\/wp-json\/wp\/v2\/pages\/3869\/revisions"}],"predecessor-version":[{"id":14296,"href":"https:\/\/dogandfamily.com\/ca\/wp-json\/wp\/v2\/pages\/3869\/revisions\/14296"}],"wp:attachment":[{"href":"https:\/\/dogandfamily.com\/ca\/wp-json\/wp\/v2\/media?parent=3869"}],"curies":[{"name":"wp","href":"https:\/\/api.w.org\/{rel}","templated":true}]}}