{"id":14311,"date":"2020-10-21T20:47:24","date_gmt":"2020-10-21T18:47:24","guid":{"rendered":"https:\/\/dogandfamily.com\/?page_id=14311"},"modified":"2025-01-27T20:30:14","modified_gmt":"2025-01-27T19:30:14","slug":"termes-i-condicions","status":"publish","type":"page","link":"https:\/\/dogandfamily.com\/ca\/termes-i-condicions\/","title":{"rendered":"Termes i condicions"},"content":{"rendered":"\t\t<div data-elementor-type=\"wp-page\" data-elementor-id=\"14311\" class=\"elementor elementor-14311 elementor-14231\" data-elementor-post-type=\"page\">\n\t\t\t\t\t\t<section class=\"elementor-section elementor-top-section elementor-element elementor-element-2b62682a elementor-section-boxed elementor-section-height-default elementor-section-height-default\" data-id=\"2b62682a\" data-element_type=\"section\" data-e-type=\"section\">\n\t\t\t\t\t\t<div class=\"elementor-container elementor-column-gap-default\">\n\t\t\t\t\t<div class=\"elementor-column elementor-col-100 elementor-top-column elementor-element elementor-element-7c54adfc\" data-id=\"7c54adfc\" data-element_type=\"column\" data-e-type=\"column\">\n\t\t\t<div class=\"elementor-widget-wrap elementor-element-populated\">\n\t\t\t\t\t\t<div class=\"elementor-element elementor-element-743fcc97 elementor-widget elementor-widget-text-editor\" data-id=\"743fcc97\" data-element_type=\"widget\" data-e-type=\"widget\" data-widget_type=\"text-editor.default\">\n\t\t\t\t<div class=\"elementor-widget-container\">\n\t\t\t\t\t\t\t\t\t<h4>TERMES I CONDICIONS DE LES RESERVES<\/h4><p><strong>Identificaci\u00f3:<\/strong><br \/>En compliment amb el deure d&#8217;informaci\u00f3 recollit en l&#8217;article 10 de la Llei 34\/2020, de 11 de juliol, de Serveis de la Societat de la Informaci\u00f3 i de Comer\u00e7 Electr\u00f2nic, les dades aqu\u00ed consignades corresponen a la titular del web www. dogandfamily.com, Margarita Oliver Cama, amb domicili al carrer C\u00f2rsega 474 de Barcelona, \u200b\u200bamb NIF 37.747.118-R i correu electr\u00f2nic hola@dogandfamily.com<\/p><p><strong>Descripci\u00f3 del servei:<\/strong><br \/>Difusi\u00f3 i recomanaci\u00f3 al web de Dog &amp; Family, i les seves xarxes socials, d&#8217;allotjaments rurals que admeten gos. Amb la possibilitat de contactar directament amb el\/la propietari\/a de l&#8217;allotjament i sol\u00b7licitar fer una reserva mitjan\u00e7ant un formulari de contacte.<\/p><p><strong>Condicions:<\/strong><br \/>Dog &amp; Family actua, \u00fanicament com a intermediari, per facilitar les reserves entre els usuaris de la web i els allotjaments recomanats. Per a aix\u00f2, facilita informaci\u00f3 dels serveis que ofereix cada establiment i un formulari de contacte.<br \/>Els continguts del web i la informaci\u00f3 dels serveis de cada allotjament (incl\u00f2s tarifes, extres, etc.) estan basats en la informaci\u00f3 proporcionada per cada establiment i s&#8217;ha revisat (tant per part de Dog &amp; Family com de l&#8217;allotjament corresponent ) perqu\u00e8 no hi hagi errors. Tot i que intentem que la informaci\u00f3 que apareix a la web sigui la m\u00e9s precisa possible i estigui actualitzada, Dog &amp; Family no pot garantir que no hi hagi errades i no es fa responsable de qualsevol variaci\u00f3 o error en aquesta informaci\u00f3. Per a aix\u00f2, \u00e9s responsabilitat de cada allotjament verificar, quan hi hagi una sol\u00b7licitud de reserva, que els preus finals siguin els correctes. Tamb\u00e9 \u00e9s responsabilitat de l&#8217;allotjament, en cas d&#8217;alguna inexactitud, informar el client de tal error.<\/p><p>Per tant, Dog &amp; Family no es fa responsable d&#8217;incorreccions o errors tipogr\u00e0fics, interrupcions de sistema o fallades nostres o dels nostres prove\u00efdors (a causa de caigudes temporals i\/o parcials, reparacions, actualitzacions i manteniment del web, virus o altres motius), informaci\u00f3 inexacta o falta d&#8217;informaci\u00f3. L&#8217;allotjament \u00e9s responsable en tot moment de l&#8217;exactitud i la correcci\u00f3 d&#8217;aquesta informaci\u00f3 (tant en la part descriptiva com en la referent a tarifes i disponibilitat) que apareix a la nostra p\u00e0gina web.<\/p><p><strong>Gesti\u00f3 de reserves en l\u00ednia. Condicions d&#8217;\u00fas:<\/strong><br \/>Dog &amp; Family posa a disposici\u00f3 dels seus usuaris un formulari de contacte per sol\u00b7licitar informaci\u00f3 i disponibilitat als responsables de cada allotjament. Dog &amp; Family actuar\u00e0 \u00fanicament com a intermediari entre l&#8217;usuari i l&#8217;allotjament. \u00c9s aquest qui haur\u00e0 de confirmar la reserva a el client i informar de les condicions de la seva estada i de la forma de pagament. A partir d&#8217;aquest moment, el client haur\u00e0 de gestionar qualsevol consulta, gesti\u00f3 o problema, i la relaci\u00f3 contractual, amb l&#8217;allotjament.<\/p><p><strong>Gesti\u00f3 de vals regal. Condicions d&#8217;\u00fas:<\/strong><\/p><p>Dog &amp;\u00a0<span class=\"hiddenSpellError\">Family<\/span>\u00a0ofereix durant les festes de Nadal un val regal digital que es pot comprar a la web mitjan\u00e7ant un formulari de contacte o b\u00e9 a trav\u00e9s del correu electr\u00f2nic. Les condicions de Dog &amp;\u00a0<span class=\"hiddenSpellError\">Family<\/span>\u00a0amb els allotjaments s\u00f3n les mateixes que a les reserves, actuant \u00fanicament com a intermediari entre el client i l&#8217;allotjament. Un cop comprat el val regal, el client ha d&#8217;acordar una data amb l&#8217;allotjament escollit. Dog &amp;\u00a0<span class=\"hiddenSpellError\">Family<\/span> no es fa responsable de l&#8217;\u00fas inadequat, de problemes relacionats amb la disponibilitat de l&#8217;allotjament o derivats d&#8217;altres motius aliens a la seva voluntat.<\/p><p>Dog &amp;\u00a0<span class=\"hiddenSpellError\">Family<\/span> es compromet aix\u00ed mateix a aportar per cada val regal venut a trav\u00e9s de la seva p\u00e0gina web l&#8217;import de 20 \u20ac a FAADA, i al seu projecte &#8220;Millors Amics&#8221;, amb qui ha signat un acord de col\u00b7laboraci\u00f3. La gesti\u00f3 d&#8217;aquesta col\u00b7laboraci\u00f3 per part de Dog &amp; <span class=\"hiddenSpellError\">Family<\/span> \u00e9s actuar \u00fanicament com a intermediari entre el comprador del val regal i la Fundaci\u00f3 FAADA.<\/p><p>Per a informaci\u00f3 sobre la pol\u00edtica de privacitat de Dog &amp; Family, consulteu aquesta <a href=\"https:\/\/dogandfamily.com\/ca\/politica-de-privacitat\/\">p\u00e0gina<\/a>.<\/p>\t\t\t\t\t\t\t\t<\/div>\n\t\t\t\t<\/div>\n\t\t\t\t\t<\/div>\n\t\t<\/div>\n\t\t\t\t\t<\/div>\n\t\t<\/section>\n\t\t\t\t<\/div>\n\t\t","protected":false},"excerpt":{"rendered":"<p>TERMES I CONDICIONS DE LES RESERVES Identificaci\u00f3:En compliment amb el deure d&#8217;informaci\u00f3 recollit en l&#8217;article 10 de la Llei 34\/2020, de 11 de juliol, de Serveis de la Societat de la Informaci\u00f3 i de Comer\u00e7 Electr\u00f2nic, les dades aqu\u00ed consignades corresponen a la titular del web www. dogandfamily.com, Margarita Oliver Cama, amb domicili al carrer [&hellip;]<\/p>\n","protected":false},"author":5,"featured_media":0,"parent":0,"menu_order":0,"comment_status":"closed","ping_status":"closed","template":"","meta":{"inline_featured_image":false,"site-sidebar-layout":"right-sidebar","site-content-layout":"default","ast-site-content-layout":"default","site-content-style":"default","site-sidebar-style":"default","ast-global-header-display":"","ast-banner-title-visibility":"","ast-main-header-display":"","ast-hfb-above-header-display":"","ast-hfb-below-header-display":"","ast-hfb-mobile-header-display":"","site-post-title":"","ast-breadcrumbs-content":"","ast-featured-img":"","footer-sml-layout":"","ast-disable-related-posts":"","theme-transparent-header-meta":"default","adv-header-id-meta":"","stick-header-meta":"","header-above-stick-meta":"","header-main-stick-meta":"","header-below-stick-meta":"","astra-migrate-meta-layouts":"default","ast-page-background-enabled":"default","ast-page-background-meta":{"desktop":{"background-color":"","background-image":"","background-repeat":"repeat","background-position":"center center","background-size":"auto","background-attachment":"scroll","background-type":"","background-media":"","overlay-type":"","overlay-color":"","overlay-opacity":"","overlay-gradient":""},"tablet":{"background-color":"","background-image":"","background-repeat":"repeat","background-position":"center center","background-size":"auto","background-attachment":"scroll","background-type":"","background-media":"","overlay-type":"","overlay-color":"","overlay-opacity":"","overlay-gradient":""},"mobile":{"background-color":"","background-image":"","background-repeat":"repeat","background-position":"center center","background-size":"auto","background-attachment":"scroll","background-type":"","background-media":"","overlay-type":"","overlay-color":"","overlay-opacity":"","overlay-gradient":""}},"ast-content-background-meta":{"desktop":{"background-color":"var(--ast-global-color-5)","background-image":"","background-repeat":"repeat","background-position":"center center","background-size":"auto","background-attachment":"scroll","background-type":"","background-media":"","overlay-type":"","overlay-color":"","overlay-opacity":"","overlay-gradient":""},"tablet":{"background-color":"var(--ast-global-color-5)","background-image":"","background-repeat":"repeat","background-position":"center center","background-size":"auto","background-attachment":"scroll","background-type":"","background-media":"","overlay-type":"","overlay-color":"","overlay-opacity":"","overlay-gradient":""},"mobile":{"background-color":"var(--ast-global-color-5)","background-image":"","background-repeat":"repeat","background-position":"center center","background-size":"auto","background-attachment":"scroll","background-type":"","background-media":"","overlay-type":"","overlay-color":"","overlay-opacity":"","overlay-gradient":""}},"footnotes":""},"class_list":["post-14311","page","type-page","status-publish","hentry"],"yoast_head":"<!-- This site is optimized with the Yoast SEO plugin v27.3 - https:\/\/yoast.com\/product\/yoast-seo-wordpress\/ -->\n<title>Termes i condicions<\/title>\n<meta name=\"robots\" content=\"index, follow, max-snippet:-1, max-image-preview:large, max-video-preview:-1\" \/>\n<link rel=\"canonical\" href=\"https:\/\/dogandfamily.com\/ca\/termes-i-condicions\/\" \/>\n<meta property=\"og:locale\" content=\"ca_ES\" \/>\n<meta property=\"og:type\" content=\"article\" \/>\n<meta property=\"og:title\" content=\"Termes i condicions\" \/>\n<meta property=\"og:description\" content=\"TERMES I CONDICIONS DE LES RESERVES Identificaci\u00f3:En compliment amb el deure d&#8217;informaci\u00f3 recollit en l&#8217;article 10 de la Llei 34\/2020, de 11 de juliol, de Serveis de la Societat de la Informaci\u00f3 i de Comer\u00e7 Electr\u00f2nic, les dades aqu\u00ed consignades corresponen a la titular del web www. dogandfamily.com, Margarita Oliver Cama, amb domicili al carrer [&hellip;]\" \/>\n<meta property=\"og:url\" content=\"https:\/\/dogandfamily.com\/ca\/termes-i-condicions\/\" \/>\n<meta property=\"og:site_name\" content=\"Dog &amp; Family\" \/>\n<meta property=\"article:modified_time\" content=\"2025-01-27T19:30:14+00:00\" \/>\n<meta name=\"twitter:card\" content=\"summary_large_image\" \/>\n<meta name=\"twitter:label1\" content=\"Temps estimat de lectura\" \/>\n\t<meta name=\"twitter:data1\" content=\"4 minuts\" \/>\n<script type=\"application\/ld+json\" class=\"yoast-schema-graph\">{\"@context\":\"https:\\\/\\\/schema.org\",\"@graph\":[{\"@type\":\"WebPage\",\"@id\":\"https:\\\/\\\/dogandfamily.com\\\/ca\\\/termes-i-condicions\\\/\",\"url\":\"https:\\\/\\\/dogandfamily.com\\\/ca\\\/termes-i-condicions\\\/\",\"name\":\"Termes i condicions\",\"isPartOf\":{\"@id\":\"https:\\\/\\\/dogandfamily.com\\\/ca\\\/#website\"},\"datePublished\":\"2020-10-21T18:47:24+00:00\",\"dateModified\":\"2025-01-27T19:30:14+00:00\",\"breadcrumb\":{\"@id\":\"https:\\\/\\\/dogandfamily.com\\\/ca\\\/termes-i-condicions\\\/#breadcrumb\"},\"inLanguage\":\"ca\",\"potentialAction\":[{\"@type\":\"ReadAction\",\"target\":[\"https:\\\/\\\/dogandfamily.com\\\/ca\\\/termes-i-condicions\\\/\"]}]},{\"@type\":\"BreadcrumbList\",\"@id\":\"https:\\\/\\\/dogandfamily.com\\\/ca\\\/termes-i-condicions\\\/#breadcrumb\",\"itemListElement\":[{\"@type\":\"ListItem\",\"position\":1,\"name\":\"Portada\",\"item\":\"https:\\\/\\\/dogandfamily.com\\\/ca\\\/\"},{\"@type\":\"ListItem\",\"position\":2,\"name\":\"Termes i condicions\"}]},{\"@type\":\"WebSite\",\"@id\":\"https:\\\/\\\/dogandfamily.com\\\/ca\\\/#website\",\"url\":\"https:\\\/\\\/dogandfamily.com\\\/ca\\\/\",\"name\":\"Dog &amp; Family\",\"description\":\"Alojamientos con alma para disfrutar de la naturaleza con tu perro. Los alojamientos DOG &amp; FAMILY son sencillos y peque\u00f1os hoteles y casa rurales con encanto, ideales para personas que quieren hacer senderismo, descubrir nuevos lugares o simplemente desconectar. Y compartir estos buenos momentos con tu perro.\",\"publisher\":{\"@id\":\"https:\\\/\\\/dogandfamily.com\\\/ca\\\/#organization\"},\"potentialAction\":[{\"@type\":\"SearchAction\",\"target\":{\"@type\":\"EntryPoint\",\"urlTemplate\":\"https:\\\/\\\/dogandfamily.com\\\/ca\\\/?s={search_term_string}\"},\"query-input\":{\"@type\":\"PropertyValueSpecification\",\"valueRequired\":true,\"valueName\":\"search_term_string\"}}],\"inLanguage\":\"ca\"},{\"@type\":\"Organization\",\"@id\":\"https:\\\/\\\/dogandfamily.com\\\/ca\\\/#organization\",\"name\":\"Dog &amp; Family\",\"url\":\"https:\\\/\\\/dogandfamily.com\\\/ca\\\/\",\"logo\":{\"@type\":\"ImageObject\",\"inLanguage\":\"ca\",\"@id\":\"https:\\\/\\\/dogandfamily.com\\\/ca\\\/#\\\/schema\\\/logo\\\/image\\\/\",\"url\":\"https:\\\/\\\/ebo7dpuwy2d.exactdn.com\\\/wp-content\\\/uploads\\\/2020\\\/05\\\/Gos-family-logo-51a01eb83678f53ac09cf9dc5d7ec805.png?strip=all\",\"contentUrl\":\"https:\\\/\\\/ebo7dpuwy2d.exactdn.com\\\/wp-content\\\/uploads\\\/2020\\\/05\\\/Gos-family-logo-51a01eb83678f53ac09cf9dc5d7ec805.png?strip=all\",\"width\":313,\"height\":313,\"caption\":\"Dog &amp; Family\"},\"image\":{\"@id\":\"https:\\\/\\\/dogandfamily.com\\\/ca\\\/#\\\/schema\\\/logo\\\/image\\\/\"}}]}<\/script>\n<!-- \/ Yoast SEO plugin. -->","yoast_head_json":{"title":"Termes i condicions","robots":{"index":"index","follow":"follow","max-snippet":"max-snippet:-1","max-image-preview":"max-image-preview:large","max-video-preview":"max-video-preview:-1"},"canonical":"https:\/\/dogandfamily.com\/ca\/termes-i-condicions\/","og_locale":"ca_ES","og_type":"article","og_title":"Termes i condicions","og_description":"TERMES I CONDICIONS DE LES RESERVES Identificaci\u00f3:En compliment amb el deure d&#8217;informaci\u00f3 recollit en l&#8217;article 10 de la Llei 34\/2020, de 11 de juliol, de Serveis de la Societat de la Informaci\u00f3 i de Comer\u00e7 Electr\u00f2nic, les dades aqu\u00ed consignades corresponen a la titular del web www. dogandfamily.com, Margarita Oliver Cama, amb domicili al carrer [&hellip;]","og_url":"https:\/\/dogandfamily.com\/ca\/termes-i-condicions\/","og_site_name":"Dog &amp; Family","article_modified_time":"2025-01-27T19:30:14+00:00","twitter_card":"summary_large_image","twitter_misc":{"Temps estimat de lectura":"4 minuts"},"schema":{"@context":"https:\/\/schema.org","@graph":[{"@type":"WebPage","@id":"https:\/\/dogandfamily.com\/ca\/termes-i-condicions\/","url":"https:\/\/dogandfamily.com\/ca\/termes-i-condicions\/","name":"Termes i condicions","isPartOf":{"@id":"https:\/\/dogandfamily.com\/ca\/#website"},"datePublished":"2020-10-21T18:47:24+00:00","dateModified":"2025-01-27T19:30:14+00:00","breadcrumb":{"@id":"https:\/\/dogandfamily.com\/ca\/termes-i-condicions\/#breadcrumb"},"inLanguage":"ca","potentialAction":[{"@type":"ReadAction","target":["https:\/\/dogandfamily.com\/ca\/termes-i-condicions\/"]}]},{"@type":"BreadcrumbList","@id":"https:\/\/dogandfamily.com\/ca\/termes-i-condicions\/#breadcrumb","itemListElement":[{"@type":"ListItem","position":1,"name":"Portada","item":"https:\/\/dogandfamily.com\/ca\/"},{"@type":"ListItem","position":2,"name":"Termes i condicions"}]},{"@type":"WebSite","@id":"https:\/\/dogandfamily.com\/ca\/#website","url":"https:\/\/dogandfamily.com\/ca\/","name":"Dog &amp; Family","description":"Alojamientos con alma para disfrutar de la naturaleza con tu perro. Los alojamientos DOG &amp; FAMILY son sencillos y peque\u00f1os hoteles y casa rurales con encanto, ideales para personas que quieren hacer senderismo, descubrir nuevos lugares o simplemente desconectar. Y compartir estos buenos momentos con tu perro.","publisher":{"@id":"https:\/\/dogandfamily.com\/ca\/#organization"},"potentialAction":[{"@type":"SearchAction","target":{"@type":"EntryPoint","urlTemplate":"https:\/\/dogandfamily.com\/ca\/?s={search_term_string}"},"query-input":{"@type":"PropertyValueSpecification","valueRequired":true,"valueName":"search_term_string"}}],"inLanguage":"ca"},{"@type":"Organization","@id":"https:\/\/dogandfamily.com\/ca\/#organization","name":"Dog &amp; Family","url":"https:\/\/dogandfamily.com\/ca\/","logo":{"@type":"ImageObject","inLanguage":"ca","@id":"https:\/\/dogandfamily.com\/ca\/#\/schema\/logo\/image\/","url":"https:\/\/ebo7dpuwy2d.exactdn.com\/wp-content\/uploads\/2020\/05\/Gos-family-logo-51a01eb83678f53ac09cf9dc5d7ec805.png?strip=all","contentUrl":"https:\/\/ebo7dpuwy2d.exactdn.com\/wp-content\/uploads\/2020\/05\/Gos-family-logo-51a01eb83678f53ac09cf9dc5d7ec805.png?strip=all","width":313,"height":313,"caption":"Dog &amp; Family"},"image":{"@id":"https:\/\/dogandfamily.com\/ca\/#\/schema\/logo\/image\/"}}]}},"_links":{"self":[{"href":"https:\/\/dogandfamily.com\/ca\/wp-json\/wp\/v2\/pages\/14311","targetHints":{"allow":["GET"]}}],"collection":[{"href":"https:\/\/dogandfamily.com\/ca\/wp-json\/wp\/v2\/pages"}],"about":[{"href":"https:\/\/dogandfamily.com\/ca\/wp-json\/wp\/v2\/types\/page"}],"author":[{"embeddable":true,"href":"https:\/\/dogandfamily.com\/ca\/wp-json\/wp\/v2\/users\/5"}],"replies":[{"embeddable":true,"href":"https:\/\/dogandfamily.com\/ca\/wp-json\/wp\/v2\/comments?post=14311"}],"version-history":[{"count":10,"href":"https:\/\/dogandfamily.com\/ca\/wp-json\/wp\/v2\/pages\/14311\/revisions"}],"predecessor-version":[{"id":65510,"href":"https:\/\/dogandfamily.com\/ca\/wp-json\/wp\/v2\/pages\/14311\/revisions\/65510"}],"wp:attachment":[{"href":"https:\/\/dogandfamily.com\/ca\/wp-json\/wp\/v2\/media?parent=14311"}],"curies":[{"name":"wp","href":"https:\/\/api.w.org\/{rel}","templated":true}]}}