{"id":14297,"date":"2020-10-21T20:10:43","date_gmt":"2020-10-21T18:10:43","guid":{"rendered":"https:\/\/dogandfamily.com\/?page_id=14297"},"modified":"2020-10-21T20:38:01","modified_gmt":"2020-10-21T18:38:01","slug":"politica-de-cookies","status":"publish","type":"page","link":"https:\/\/dogandfamily.com\/ca\/politica-de-cookies\/","title":{"rendered":""},"content":{"rendered":"\t\t<div data-elementor-type=\"wp-page\" data-elementor-id=\"14297\" class=\"elementor elementor-14297 elementor-345\" data-elementor-post-type=\"page\">\n\t\t\t\t\t\t<section class=\"elementor-section elementor-top-section elementor-element elementor-element-eaccedd elementor-section-boxed elementor-section-height-default elementor-section-height-default\" data-id=\"eaccedd\" data-element_type=\"section\" data-e-type=\"section\">\n\t\t\t\t\t\t<div class=\"elementor-container elementor-column-gap-default\">\n\t\t\t\t\t<div class=\"elementor-column elementor-col-100 elementor-top-column elementor-element elementor-element-5f7a864\" data-id=\"5f7a864\" data-element_type=\"column\" data-e-type=\"column\">\n\t\t\t<div class=\"elementor-widget-wrap elementor-element-populated\">\n\t\t\t\t\t\t<div class=\"elementor-element elementor-element-cbe912f elementor-widget elementor-widget-text-editor\" data-id=\"cbe912f\" data-element_type=\"widget\" data-e-type=\"widget\" data-widget_type=\"text-editor.default\">\n\t\t\t\t<div class=\"elementor-widget-container\">\n\t\t\t\t\t\t\t\t\t<h2>Pol\u00edtica de Cookies<\/h2><p>Al web https:\/\/dogandfamily.com utilitzem cookies per a facilitar la relaci\u00f3 dels visitants amb el nostre contingut i per permetre elaborar estad\u00edstiques sobre les visitants que rebem.<br \/>En compliment de la Directiva 2009\/136 \/ CE, desenvolupada en el nostre ordenament per l&#8217;apartat segon de l&#8217;article 22 de la Llei de Serveis de Societat de la Informaci\u00f3, seguint les directrius de l&#8217;Ag\u00e8ncia Espanyola de Protecci\u00f3 de Dades, procedim a informar-detalladament de l&#8217; \u00fas que es realitza al nostre web.<\/p><p>Es denominen galetes a uns petits arxius que es graven en el navegador utilitzat per cada visitant del nostre web perqu\u00e8 el servidor pugui recordar la visita d&#8217;aquest usuari amb posterioritat quan torni a accedir als nostres continguts. Aquesta informaci\u00f3 no revela la seva identitat, ni dada personal, ni accedeix a el contingut emmagatzemat en el seu pc, per\u00f2 s\u00ed que permet al nostre sistema identificar a vost\u00e8 com un usuari determinat que ja va visitar la web amb anterioritat, va visualitzar determinades p\u00e0gines, etc. ia m\u00e9s permet guardar les seves prefer\u00e8ncies personals i informaci\u00f3 t\u00e8cnica com ara les visites realitzades o p\u00e0gines concretes que visiti.<\/p><p>La finalitat de les cookies \u00e9s la de facilitar a l&#8217;Usuari un acc\u00e9s m\u00e9s r\u00e0pid als Serveis seleccionats.<\/p><p>Si no desitja que es guardin cookies o prefereix rebre una informaci\u00f3 cada vegada que una galeta sol\u00b7liciti instal\u00b7lar-se, per configurar els vostres opcions de navegaci\u00f3 perqu\u00e8 es faci d&#8217;aquesta forma. La major part dels navegadors permeten la gesti\u00f3 de les cookies de 3 formes diferents:<\/p><ul><li>Les cookies s\u00f3n sempre rebutjades;<\/li><li>El navegador pregunta si l&#8217;usuari vol instal\u00b7lar cada galeta;<\/li><li>Les cookies sempre s\u00f3n acceptades;<span style=\"font-size: 16px;\">\u00a0\u00a0<\/span><\/li><\/ul><p><span style=\"font-size: 16px;\">El seu navegador tamb\u00e9 pot incloure la possibilitat de seleccionar amb detall les galetes que desitja que s&#8217;instal\u00b7lin al seu ordinador. En concret, l&#8217;usuari pot normalment acceptar alguna de les seg\u00fcents opcions:<\/span><\/p><ul><li>rebutjar les cookies de determinats dominis;<\/li><li>rebutjar les galetes de tercers;<\/li><li>acceptar cookies com no persistents (s&#8217;eliminen quan el navegador es tanca);<\/li><li><span style=\"font-size: 16px;\">permetre a l&#8217;servidor crear cookies per un domini diferent.<\/span><\/li><\/ul><p><strong>Per permetre, con\u00e8ixer, bloquejar o eliminar les cookies instal\u00b7lades en el seu equip pot fer-ho mitjan\u00e7ant la configuraci\u00f3 de les opcions de el navegador en el vostre ordinador.<\/strong><\/p><p>Podeu trobar informaci\u00f3 sobre com configurar els navegadors m\u00e9s usats en les seg\u00fcents ubicacions:<\/p><ul><li><strong>Internet Explorer:<\/strong> Eines -&gt; Opcions d&#8217;Internet -&gt; Privacitat -&gt; Configuraci\u00f3. Per a m\u00e9s informaci\u00f3, pot consultar el suport de Microsoft o l&#8217;Ajuda de el navegador.<\/li><li><strong>Firefox:<\/strong> Eines -&gt; Opcions -&gt; Privadesa -&gt; Hist\u00f2ric -&gt; Configuraci\u00f3 Personalitzada. Per a m\u00e9s informaci\u00f3, podeu consultar el suport de Mozilla o l&#8217;Ajuda de el navegador.<\/li><li><strong>Chrome:<\/strong> Configuraci\u00f3 -&gt; Mostra opcions avan\u00e7ades -&gt; Privadesa -&gt; Configuraci\u00f3 de contingut. Per a m\u00e9s informaci\u00f3, podeu consultar el suport de Google o l&#8217;Ajuda de el navegador.<\/li><li><strong>Safari:<\/strong> Prefer\u00e8ncies -&gt; Seguretat. Per a m\u00e9s informaci\u00f3, pot consultar el suport d&#8217;Apple o l&#8217;Ajuda de el navegador.<br \/>Respecte de les galetes de tercers, \u00e9s a dir aquelles que s\u00f3n alienes al nostre lloc web, no podem fer-nos responsables de el contingut i veracitat de les pol\u00edtiques de privacitat que ells inclouen de manera que la informaci\u00f3 que li oferim \u00e9s sempre amb refer\u00e8ncia a la font.<\/li><\/ul><p>A continuaci\u00f3 us informem detalladament de les galetes que poden instal\u00b7lar-se des del nostre lloc web. En funci\u00f3 de la seva navegaci\u00f3 podran instal\u00b7lar-se totes o nom\u00e9s algunes d&#8217;elles.<\/p><table><tbody><tr align=\"center\"><td>Nom<\/td><td>Categoria<\/td><td>Descripci\u00f3<\/td><td>Propietat<\/td><td>Durada<\/td><\/tr><tr id=\"PHPSESSID\" align=\"center\"><td>PHPSESSID<\/td><td>Funcionalitat<\/td><td>Aquesta galeta \u00e9s usada pel llenguatge de encriptat PHP per permetre que les variables de sessi\u00f3 siguin guardades al servidor web.<\/td><td>Pr\u00f2pia<\/td><td>Finalitzaci\u00f3 de la sessi\u00f3<\/td><\/tr><tr id=\"wordpress_\" align=\"center\"><td>wordpress_<\/td><td>Funcionalitat<\/td><td>S&#8217;activa durant el login i guarda els detalls d&#8217;autentificaci\u00f3.<\/td><td>Pr\u00f2pia<\/td><td>1 any<\/td><\/tr><tr id=\"wordpress_logged_in_\" align=\"center\"><td>wordpress_logged_in_<\/td><td>Funcionalitat<\/td><td>S&#8217;activa durant el login i guarda els detalles d&#8217;autentificaci\u00f3.<\/td><td>Pr\u00f2pia<\/td><td>1 any<\/td><\/tr><tr id=\"wordpress_test_cookie\" align=\"center\"><td>wordpress_test_cookie<\/td><td>Funcionalitat<\/td><td>S&#8217;activa durant el login i guarda els detalles d&#8217;autentificaci\u00f3.<\/td><td>Pr\u00f2pia<\/td><td>1 any<\/td><\/tr><tr id=\"wp-settings-\" align=\"center\"><td>wp-settings-<\/td><td>Funcionalitat<\/td><td>Serveix per a personalitzar la interf\u00edcie d&#8217;usuari.<\/td><td>Pr\u00f2pia<\/td><td>1 any<\/td><\/tr><tr id=\"wp-settings-time-\" align=\"center\"><td>wp-settings-time-<\/td><td>Funcionalitat<\/td><td>Serveix per a personalitzar la interf\u00edcie d&#8217;usuari.<\/td><td>Pr\u00f2pia<\/td><td>Finalitzaci\u00f3 de la sessi\u00f3<\/td><\/tr><tr id=\"catAccCookies\" align=\"center\"><td>catAccCookies<\/td><td>Funcionalitat<\/td><td>Cont\u00e9 un codi per a verificar que la pol\u00edtica de cookies ha estat acceptada.<\/td><td>Pr\u00f2pia<\/td><td>1 dia<\/td><\/tr><tr id=\"mk_jupiter_love_1457\" align=\"center\"><td>mk_jupiter_love_1457<\/td><td>An\u00e0lisi<\/td><td>Desconeixem\u00a0 l&#8217;origen de la cookie<\/td><td>Tercers<\/td><td>Desconeixem\u00a0 l&#8217;origen de la cookie<\/td><\/tr><tr id=\"cookie_notice_accepted\" align=\"center\"><td>cookie_notice_accepted<\/td><td>Funcionalitat<\/td><td>Desconeixem l&#8217;origen de la cookie<\/td><td>Tercers<\/td><td>Desconeixem\u00a0 l&#8217;origen de la cookie<\/td><\/tr><\/tbody><\/table>\t\t\t\t\t\t\t\t<\/div>\n\t\t\t\t<\/div>\n\t\t\t\t\t<\/div>\n\t\t<\/div>\n\t\t\t\t\t<\/div>\n\t\t<\/section>\n\t\t\t\t<\/div>\n\t\t","protected":false},"excerpt":{"rendered":"<p>Pol\u00edtica de Cookies Al web https:\/\/dogandfamily.com utilitzem cookies per a facilitar la relaci\u00f3 dels visitants amb el nostre contingut i per permetre elaborar estad\u00edstiques sobre les visitants que rebem. En compliment de la Directiva 2009\/136 \/ CE, desenvolupada en el nostre ordenament per l&#8217;apartat segon de l&#8217;article 22 de la Llei de Serveis de Societat [&hellip;]<\/p>\n","protected":false},"author":5,"featured_media":0,"parent":0,"menu_order":0,"comment_status":"closed","ping_status":"closed","template":"","meta":{"inline_featured_image":false,"site-sidebar-layout":"right-sidebar","site-content-layout":"default","ast-site-content-layout":"default","site-content-style":"default","site-sidebar-style":"default","ast-global-header-display":"","ast-banner-title-visibility":"","ast-main-header-display":"","ast-hfb-above-header-display":"","ast-hfb-below-header-display":"","ast-hfb-mobile-header-display":"","site-post-title":"","ast-breadcrumbs-content":"","ast-featured-img":"","footer-sml-layout":"","ast-disable-related-posts":"","theme-transparent-header-meta":"default","adv-header-id-meta":"","stick-header-meta":"","header-above-stick-meta":"","header-main-stick-meta":"","header-below-stick-meta":"","astra-migrate-meta-layouts":"default","ast-page-background-enabled":"default","ast-page-background-meta":{"desktop":{"background-color":"","background-image":"","background-repeat":"repeat","background-position":"center center","background-size":"auto","background-attachment":"scroll","background-type":"","background-media":"","overlay-type":"","overlay-color":"","overlay-opacity":"","overlay-gradient":""},"tablet":{"background-color":"","background-image":"","background-repeat":"repeat","background-position":"center center","background-size":"auto","background-attachment":"scroll","background-type":"","background-media":"","overlay-type":"","overlay-color":"","overlay-opacity":"","overlay-gradient":""},"mobile":{"background-color":"","background-image":"","background-repeat":"repeat","background-position":"center center","background-size":"auto","background-attachment":"scroll","background-type":"","background-media":"","overlay-type":"","overlay-color":"","overlay-opacity":"","overlay-gradient":""}},"ast-content-background-meta":{"desktop":{"background-color":"var(--ast-global-color-5)","background-image":"","background-repeat":"repeat","background-position":"center center","background-size":"auto","background-attachment":"scroll","background-type":"","background-media":"","overlay-type":"","overlay-color":"","overlay-opacity":"","overlay-gradient":""},"tablet":{"background-color":"var(--ast-global-color-5)","background-image":"","background-repeat":"repeat","background-position":"center center","background-size":"auto","background-attachment":"scroll","background-type":"","background-media":"","overlay-type":"","overlay-color":"","overlay-opacity":"","overlay-gradient":""},"mobile":{"background-color":"var(--ast-global-color-5)","background-image":"","background-repeat":"repeat","background-position":"center center","background-size":"auto","background-attachment":"scroll","background-type":"","background-media":"","overlay-type":"","overlay-color":"","overlay-opacity":"","overlay-gradient":""}},"footnotes":""},"class_list":["post-14297","page","type-page","status-publish","hentry"],"yoast_head":"<!-- This site is optimized with the Yoast SEO plugin v27.3 - https:\/\/yoast.com\/product\/yoast-seo-wordpress\/ -->\n<title>Dog &amp; Family<\/title>\n<meta name=\"robots\" content=\"noindex, nofollow\" \/>\n<meta property=\"og:locale\" content=\"ca_ES\" \/>\n<meta property=\"og:type\" content=\"article\" \/>\n<meta property=\"og:description\" content=\"Pol\u00edtica de Cookies Al web https:\/\/dogandfamily.com utilitzem cookies per a facilitar la relaci\u00f3 dels visitants amb el nostre contingut i per permetre elaborar estad\u00edstiques sobre les visitants que rebem. En compliment de la Directiva 2009\/136 \/ CE, desenvolupada en el nostre ordenament per l&#8217;apartat segon de l&#8217;article 22 de la Llei de Serveis de Societat [&hellip;]\" \/>\n<meta property=\"og:url\" content=\"https:\/\/dogandfamily.com\/ca\/politica-de-cookies\/\" \/>\n<meta property=\"og:site_name\" content=\"Dog &amp; Family\" \/>\n<meta property=\"article:modified_time\" content=\"2020-10-21T18:38:01+00:00\" \/>\n<meta name=\"twitter:card\" content=\"summary_large_image\" \/>\n<meta name=\"twitter:label1\" content=\"Temps estimat de lectura\" \/>\n\t<meta name=\"twitter:data1\" content=\"4 minuts\" \/>\n<script type=\"application\/ld+json\" class=\"yoast-schema-graph\">{\"@context\":\"https:\\\/\\\/schema.org\",\"@graph\":[{\"@type\":\"WebPage\",\"@id\":\"https:\\\/\\\/dogandfamily.com\\\/ca\\\/politica-de-cookies\\\/\",\"url\":\"https:\\\/\\\/dogandfamily.com\\\/ca\\\/politica-de-cookies\\\/\",\"name\":\"\",\"isPartOf\":{\"@id\":\"https:\\\/\\\/dogandfamily.com\\\/ca\\\/#website\"},\"datePublished\":\"2020-10-21T18:10:43+00:00\",\"dateModified\":\"2020-10-21T18:38:01+00:00\",\"inLanguage\":\"ca\",\"potentialAction\":[{\"@type\":\"ReadAction\",\"target\":[\"https:\\\/\\\/dogandfamily.com\\\/ca\\\/politica-de-cookies\\\/\"]}]},{\"@type\":\"WebSite\",\"@id\":\"https:\\\/\\\/dogandfamily.com\\\/ca\\\/#website\",\"url\":\"https:\\\/\\\/dogandfamily.com\\\/ca\\\/\",\"name\":\"Dog &amp; Family\",\"description\":\"Alojamientos con alma para disfrutar de la naturaleza con tu perro. Los alojamientos DOG &amp; FAMILY son sencillos y peque\u00f1os hoteles y casa rurales con encanto, ideales para personas que quieren hacer senderismo, descubrir nuevos lugares o simplemente desconectar. Y compartir estos buenos momentos con tu perro.\",\"publisher\":{\"@id\":\"https:\\\/\\\/dogandfamily.com\\\/ca\\\/#organization\"},\"potentialAction\":[{\"@type\":\"SearchAction\",\"target\":{\"@type\":\"EntryPoint\",\"urlTemplate\":\"https:\\\/\\\/dogandfamily.com\\\/ca\\\/?s={search_term_string}\"},\"query-input\":{\"@type\":\"PropertyValueSpecification\",\"valueRequired\":true,\"valueName\":\"search_term_string\"}}],\"inLanguage\":\"ca\"},{\"@type\":\"Organization\",\"@id\":\"https:\\\/\\\/dogandfamily.com\\\/ca\\\/#organization\",\"name\":\"Dog &amp; Family\",\"url\":\"https:\\\/\\\/dogandfamily.com\\\/ca\\\/\",\"logo\":{\"@type\":\"ImageObject\",\"inLanguage\":\"ca\",\"@id\":\"https:\\\/\\\/dogandfamily.com\\\/ca\\\/#\\\/schema\\\/logo\\\/image\\\/\",\"url\":\"https:\\\/\\\/ebo7dpuwy2d.exactdn.com\\\/wp-content\\\/uploads\\\/2020\\\/05\\\/Gos-family-logo-51a01eb83678f53ac09cf9dc5d7ec805.png?strip=all\",\"contentUrl\":\"https:\\\/\\\/ebo7dpuwy2d.exactdn.com\\\/wp-content\\\/uploads\\\/2020\\\/05\\\/Gos-family-logo-51a01eb83678f53ac09cf9dc5d7ec805.png?strip=all\",\"width\":313,\"height\":313,\"caption\":\"Dog &amp; Family\"},\"image\":{\"@id\":\"https:\\\/\\\/dogandfamily.com\\\/ca\\\/#\\\/schema\\\/logo\\\/image\\\/\"}}]}<\/script>\n<!-- \/ Yoast SEO plugin. -->","yoast_head_json":{"title":"Dog &amp; Family","robots":{"index":"noindex","follow":"nofollow"},"og_locale":"ca_ES","og_type":"article","og_description":"Pol\u00edtica de Cookies Al web https:\/\/dogandfamily.com utilitzem cookies per a facilitar la relaci\u00f3 dels visitants amb el nostre contingut i per permetre elaborar estad\u00edstiques sobre les visitants que rebem. En compliment de la Directiva 2009\/136 \/ CE, desenvolupada en el nostre ordenament per l&#8217;apartat segon de l&#8217;article 22 de la Llei de Serveis de Societat [&hellip;]","og_url":"https:\/\/dogandfamily.com\/ca\/politica-de-cookies\/","og_site_name":"Dog &amp; Family","article_modified_time":"2020-10-21T18:38:01+00:00","twitter_card":"summary_large_image","twitter_misc":{"Temps estimat de lectura":"4 minuts"},"schema":{"@context":"https:\/\/schema.org","@graph":[{"@type":"WebPage","@id":"https:\/\/dogandfamily.com\/ca\/politica-de-cookies\/","url":"https:\/\/dogandfamily.com\/ca\/politica-de-cookies\/","name":"","isPartOf":{"@id":"https:\/\/dogandfamily.com\/ca\/#website"},"datePublished":"2020-10-21T18:10:43+00:00","dateModified":"2020-10-21T18:38:01+00:00","inLanguage":"ca","potentialAction":[{"@type":"ReadAction","target":["https:\/\/dogandfamily.com\/ca\/politica-de-cookies\/"]}]},{"@type":"WebSite","@id":"https:\/\/dogandfamily.com\/ca\/#website","url":"https:\/\/dogandfamily.com\/ca\/","name":"Dog &amp; Family","description":"Alojamientos con alma para disfrutar de la naturaleza con tu perro. Los alojamientos DOG &amp; FAMILY son sencillos y peque\u00f1os hoteles y casa rurales con encanto, ideales para personas que quieren hacer senderismo, descubrir nuevos lugares o simplemente desconectar. Y compartir estos buenos momentos con tu perro.","publisher":{"@id":"https:\/\/dogandfamily.com\/ca\/#organization"},"potentialAction":[{"@type":"SearchAction","target":{"@type":"EntryPoint","urlTemplate":"https:\/\/dogandfamily.com\/ca\/?s={search_term_string}"},"query-input":{"@type":"PropertyValueSpecification","valueRequired":true,"valueName":"search_term_string"}}],"inLanguage":"ca"},{"@type":"Organization","@id":"https:\/\/dogandfamily.com\/ca\/#organization","name":"Dog &amp; Family","url":"https:\/\/dogandfamily.com\/ca\/","logo":{"@type":"ImageObject","inLanguage":"ca","@id":"https:\/\/dogandfamily.com\/ca\/#\/schema\/logo\/image\/","url":"https:\/\/ebo7dpuwy2d.exactdn.com\/wp-content\/uploads\/2020\/05\/Gos-family-logo-51a01eb83678f53ac09cf9dc5d7ec805.png?strip=all","contentUrl":"https:\/\/ebo7dpuwy2d.exactdn.com\/wp-content\/uploads\/2020\/05\/Gos-family-logo-51a01eb83678f53ac09cf9dc5d7ec805.png?strip=all","width":313,"height":313,"caption":"Dog &amp; Family"},"image":{"@id":"https:\/\/dogandfamily.com\/ca\/#\/schema\/logo\/image\/"}}]}},"_links":{"self":[{"href":"https:\/\/dogandfamily.com\/ca\/wp-json\/wp\/v2\/pages\/14297","targetHints":{"allow":["GET"]}}],"collection":[{"href":"https:\/\/dogandfamily.com\/ca\/wp-json\/wp\/v2\/pages"}],"about":[{"href":"https:\/\/dogandfamily.com\/ca\/wp-json\/wp\/v2\/types\/page"}],"author":[{"embeddable":true,"href":"https:\/\/dogandfamily.com\/ca\/wp-json\/wp\/v2\/users\/5"}],"replies":[{"embeddable":true,"href":"https:\/\/dogandfamily.com\/ca\/wp-json\/wp\/v2\/comments?post=14297"}],"version-history":[{"count":5,"href":"https:\/\/dogandfamily.com\/ca\/wp-json\/wp\/v2\/pages\/14297\/revisions"}],"predecessor-version":[{"id":14307,"href":"https:\/\/dogandfamily.com\/ca\/wp-json\/wp\/v2\/pages\/14297\/revisions\/14307"}],"wp:attachment":[{"href":"https:\/\/dogandfamily.com\/ca\/wp-json\/wp\/v2\/media?parent=14297"}],"curies":[{"name":"wp","href":"https:\/\/api.w.org\/{rel}","templated":true}]}}