{"id":14268,"date":"2018-11-26T17:14:36","date_gmt":"2018-11-26T16:14:36","guid":{"rendered":"https:\/\/dogandfamily.com\/politica-de-privacidad\/"},"modified":"2023-07-02T19:40:57","modified_gmt":"2023-07-02T17:40:57","slug":"politica-de-privacitat","status":"publish","type":"page","link":"https:\/\/dogandfamily.com\/ca\/politica-de-privacitat\/","title":{"rendered":"Pol\u00edtica de privacitat"},"content":{"rendered":"\t\t<div data-elementor-type=\"wp-page\" data-elementor-id=\"14268\" class=\"elementor elementor-14268 elementor-347\" data-elementor-post-type=\"page\">\n\t\t\t\t\t\t<section class=\"elementor-section elementor-top-section elementor-element elementor-element-39d1d2b elementor-section-boxed elementor-section-height-default elementor-section-height-default\" data-id=\"39d1d2b\" data-element_type=\"section\" data-e-type=\"section\">\n\t\t\t\t\t\t<div class=\"elementor-container elementor-column-gap-default\">\n\t\t\t\t\t<div class=\"elementor-column elementor-col-100 elementor-top-column elementor-element elementor-element-ffab2cc\" data-id=\"ffab2cc\" data-element_type=\"column\" data-e-type=\"column\">\n\t\t\t<div class=\"elementor-widget-wrap elementor-element-populated\">\n\t\t\t\t\t\t<div class=\"elementor-element elementor-element-bcf1dcf elementor-widget elementor-widget-text-editor\" data-id=\"bcf1dcf\" data-element_type=\"widget\" data-e-type=\"widget\" data-widget_type=\"text-editor.default\">\n\t\t\t\t<div class=\"elementor-widget-container\">\n\t\t\t\t\t\t\t\t\t<h2>Pol\u00edtica de privacitat<\/h2><p>En compliment del REGLAMENT (UE) 2016\/679 DEL PARLAMENT EUROPEU I DEL CONSELL de 27 d\u2019abril de 2016, relatiu a la protecci\u00f3 de les persones f\u00edsiques pel que fa al tractament de dades personals i a la lliure circulaci\u00f3 d\u2019aquestes dades i a Llei org\u00e0nica 3\/2018, de 5 de desembre, de Protecci\u00f3 de Dades Personals i garantia dels drets digitals, l\u2019informem que les dades personals proporcionades per vost\u00e8 a trav\u00e9s del lloc web\u00a0<a href=\"http:\/\/www.dogandfamily.com\/\">www.dogandfamily.com<\/a>, seran tractades per les seg\u00fcents finalitats, sempre que vost\u00e8 hagi donat el seu consentiment:<\/p><ul><li>Atendre les consultes que ens pugui fer arribar a trav\u00e9s del nostre formulari de contacte o mitjan\u00e7ant altres sistemes de reserves dels allotjaments col\u00b7laboradors<\/li><\/ul><p>Base legitimadora per al tractament: Consentiment de l\u2019interessat.<\/p><ul><li>Gestionar la seva sol\u00b7licitud de reserva dels allotjaments recomanats a la nostra web.<\/li><\/ul><p>Base legitimadora per al tractament: Execuci\u00f3 d\u2019un contracte o precontracte.<\/p><ul><li>Informar-lo sobre les nostres Novetats, i allotjaments, quan aix\u00ed ho sol\u00b7liciti.<\/li><\/ul><p>Base legitimadora pera al tractament: Consentiment de l\u2019interessat.<\/p><ul><li>Obtenir informaci\u00f3\u00a0sobre l\u2019\u00fas\u00a0del lloc web, analitzant el nombre de p\u00e0gines visitades, el nombre de visites, aix\u00ed com\u00a0l\u2019activitat\u00a0dels visitants i la seva freq\u00fc\u00e8ncia\u00a0d\u2019\u00fas. A aquest efecte, el RESPONSABLE utilitza informaci\u00f3\u00a0estad\u00edstica elaborada pel Prove\u00efdor de Serveis d\u2019Internet que no permet la identificaci\u00f3 de l\u2019interessat\u00a0en cap moment.<\/li><\/ul><p>Base legitimadora per al tractament: Inter\u00e8s leg\u00edtim del responsable.<\/p><p>En cap cas MARGARITA OLIVER CAMA utilitzar\u00e0 les dades personals dels interessats per a finalitats diferents de les anteriorment especificades.<\/p><p>MARGARITA OLIVER CAMA, es compromet a guardar el secret professional i a establir les mesures t\u00e8cniques i organitzatives necess\u00e0ries per a salvaguardar la informaci\u00f3 segons els requeriments que estableix l\u2019esmentat Reglament i la LOPDGDD. Les dades obtingudes a trav\u00e9s del lloc web no seran comunicades a tercers excepte obligaci\u00f3 legal.<\/p><p>Les dades es conservaran mentre siguin necess\u00e0ries per atendre la seva petici\u00f3 de servei i no sol\u00b7liciti la seva cancel\u00b7laci\u00f3, excepte obligaci\u00f3 legal de conservaci\u00f3, o retiri el seu consentiment.<\/p><p>L\u2019interessat pot exercir els drets d\u2019acc\u00e9s, rectificaci\u00f3, supressi\u00f3, oposici\u00f3, limitar el tractament, o exercir el dret a la portabilitat, mitjan\u00e7ant escrit dirigit a MARGARITA OLIVER CAMA. En cas de disconformitat amb el tractament, tamb\u00e9 t\u00e9 dret a presentar una reclamaci\u00f3 davant l\u2019Ag\u00e8ncia Espanyola de Protecci\u00f3 de Dades (aepd.es).<\/p><p>Identitat del responsable: Margarita Oliver Cama \u2013 C. C\u00f2rsega, 474 08025-Barcelona\u2013 hola@dogandfamily.com<\/p><p><strong>Pol\u00edtica de protecci\u00f3 de menors.\u00a0<\/strong>Qui facilita les dades a trav\u00e9s dels formularis d\u2019aquest web i accepta el seu tractament declara formalment ser major de 18 anys. Queda prohibit l\u2019acc\u00e9s i \u00fas de la p\u00e0gina als menors de 18 anys.<\/p><p>MARGARITA OLIVER CAMA recorda a les persones majors d\u2019edat que tinguin a c\u00e0rrec seu menors, que ser\u00e0 de la seva exclusiva responsabilitat si algun menor incorpora les seves dades per a sol\u00b7licitar algun servei.<\/p><p>Tamb\u00e9 els informa que existeixen programes inform\u00e0tics per acotar la navegaci\u00f3 mitjan\u00e7ant el filtre o bloqueig a determinats continguts.<\/p><p><strong>Xarxes socials.\u00a0<\/strong>En seguir el nostre perfil a les xarxes socials consent expressament el tractament de les seves dades personals conforme a la seva pol\u00edtica de privacitat. Tamb\u00e9 consent expressament l\u2019acc\u00e9s de MARGARITA OLIVER CAMA al tractament de les seves dades contingudes en la llista d\u2019amics i al fet que les not\u00edcies publicades sobre allotjaments associats apareguin en el seu mur.<\/p><p>De conformitat amb el Reglament (UE) 2016\/679 del Parlamento Europeo i la Llei Org\u00e0nica 3\/2018, LOPDGDD, l\u2019informem que les dades personals dels seguidors de MARGARITA OLIVER CAMA en les xarxes socials, seran tractades amb la finalitat de mantenir-los\u00a0 informat de la nostra activitat, promocions i Novetats en allotjaments i serveis.<\/p><p>La seva petici\u00f3 per connectar, implica necess\u00e0riament el seu consentiment pels tractaments assenyalats.<\/p><p>La publicaci\u00f3 de comentaris i continguts a les xarxes socials es convertiran en informaci\u00f3 p\u00fablica, de manera que els usuaris hauran de tenir especial cautela quan decideixin compartir la seva informaci\u00f3 personal. MARGARITA OLIVER CAMA no es fa responsable per la informaci\u00f3 que els usuaris incorporin a la p\u00e0gina. No obstant aix\u00f2, les persones les dades personals estiguin publicats o estiguin inclosos en comentaris, podran sol\u00b7licitar a MARGARITA OLIVER CAMA la cancel\u00b7laci\u00f3 dels mateixos<\/p><p>En qualsevol moment, vost\u00e8 pot exercir els drets d\u2019acc\u00e9s, rectificaci\u00f3, supressi\u00f3, oposici\u00f3, limitaci\u00f3 o portabilitat , mitjan\u00e7ant escrit dirigit a MARGARITA OLIVER CAMA.<\/p><p>En cas de disconformitat amb el tractament, tamb\u00e9 t\u00e9 dret a presentar una reclamaci\u00f3 davant l\u2019Ag\u00e8ncia Espanyola de Protecci\u00f3 de Dades (aepd.es).<\/p><p>Identitat del responsable: Margarita Oliver Cama \u2013 C. C\u00f2rsega, 474, 08025-Barcelona\u2013 <a href=\"mailto:hola@gosandfamily.com\">hola@dogandfamily.com<\/a><\/p>\t\t\t\t\t\t\t\t<\/div>\n\t\t\t\t<\/div>\n\t\t\t\t\t<\/div>\n\t\t<\/div>\n\t\t\t\t\t<\/div>\n\t\t<\/section>\n\t\t\t\t<\/div>\n\t\t","protected":false},"excerpt":{"rendered":"<p>Pol\u00edtica de privacitat En compliment del REGLAMENT (UE) 2016\/679 DEL PARLAMENT EUROPEU I DEL CONSELL de 27 d\u2019abril de 2016, relatiu a la protecci\u00f3 de les persones f\u00edsiques pel que fa al tractament de dades personals i a la lliure circulaci\u00f3 d\u2019aquestes dades i a Llei org\u00e0nica 3\/2018, de 5 de desembre, de Protecci\u00f3 de [&hellip;]<\/p>\n","protected":false},"author":4,"featured_media":0,"parent":0,"menu_order":0,"comment_status":"closed","ping_status":"closed","template":"","meta":{"inline_featured_image":false,"site-sidebar-layout":"right-sidebar","site-content-layout":"default","ast-site-content-layout":"default","site-content-style":"default","site-sidebar-style":"default","ast-global-header-display":"","ast-banner-title-visibility":"","ast-main-header-display":"","ast-hfb-above-header-display":"","ast-hfb-below-header-display":"","ast-hfb-mobile-header-display":"","site-post-title":"disabled","ast-breadcrumbs-content":"disabled","ast-featured-img":"disabled","footer-sml-layout":"","ast-disable-related-posts":"","theme-transparent-header-meta":"default","adv-header-id-meta":"","stick-header-meta":"","header-above-stick-meta":"","header-main-stick-meta":"","header-below-stick-meta":"","astra-migrate-meta-layouts":"default","ast-page-background-enabled":"default","ast-page-background-meta":{"desktop":{"background-color":"","background-image":"","background-repeat":"repeat","background-position":"center center","background-size":"auto","background-attachment":"scroll","background-type":"","background-media":"","overlay-type":"","overlay-color":"","overlay-opacity":"","overlay-gradient":""},"tablet":{"background-color":"","background-image":"","background-repeat":"repeat","background-position":"center center","background-size":"auto","background-attachment":"scroll","background-type":"","background-media":"","overlay-type":"","overlay-color":"","overlay-opacity":"","overlay-gradient":""},"mobile":{"background-color":"","background-image":"","background-repeat":"repeat","background-position":"center center","background-size":"auto","background-attachment":"scroll","background-type":"","background-media":"","overlay-type":"","overlay-color":"","overlay-opacity":"","overlay-gradient":""}},"ast-content-background-meta":{"desktop":{"background-color":"var(--ast-global-color-5)","background-image":"","background-repeat":"repeat","background-position":"center center","background-size":"auto","background-attachment":"scroll","background-type":"","background-media":"","overlay-type":"","overlay-color":"","overlay-opacity":"","overlay-gradient":""},"tablet":{"background-color":"var(--ast-global-color-5)","background-image":"","background-repeat":"repeat","background-position":"center center","background-size":"auto","background-attachment":"scroll","background-type":"","background-media":"","overlay-type":"","overlay-color":"","overlay-opacity":"","overlay-gradient":""},"mobile":{"background-color":"var(--ast-global-color-5)","background-image":"","background-repeat":"repeat","background-position":"center center","background-size":"auto","background-attachment":"scroll","background-type":"","background-media":"","overlay-type":"","overlay-color":"","overlay-opacity":"","overlay-gradient":""}},"footnotes":""},"class_list":["post-14268","page","type-page","status-publish","hentry"],"yoast_head":"<!-- This site is optimized with the Yoast SEO plugin v27.4 - https:\/\/yoast.com\/product\/yoast-seo-wordpress\/ -->\n<title>Pol\u00edtica de privacitat<\/title>\n<meta name=\"robots\" content=\"noindex, nofollow\" \/>\n<meta property=\"og:locale\" content=\"ca_ES\" \/>\n<meta property=\"og:type\" content=\"article\" \/>\n<meta property=\"og:title\" content=\"Pol\u00edtica de privacitat\" \/>\n<meta property=\"og:description\" content=\"Pol\u00edtica de privacitat En compliment del REGLAMENT (UE) 2016\/679 DEL PARLAMENT EUROPEU I DEL CONSELL de 27 d\u2019abril de 2016, relatiu a la protecci\u00f3 de les persones f\u00edsiques pel que fa al tractament de dades personals i a la lliure circulaci\u00f3 d\u2019aquestes dades i a Llei org\u00e0nica 3\/2018, de 5 de desembre, de Protecci\u00f3 de [&hellip;]\" \/>\n<meta property=\"og:url\" content=\"https:\/\/dogandfamily.com\/ca\/politica-de-privacitat\/\" \/>\n<meta property=\"og:site_name\" content=\"Dog &amp; Family\" \/>\n<meta property=\"article:modified_time\" content=\"2023-07-02T17:40:57+00:00\" \/>\n<meta name=\"twitter:card\" content=\"summary_large_image\" \/>\n<meta name=\"twitter:label1\" content=\"Temps estimat de lectura\" \/>\n\t<meta name=\"twitter:data1\" content=\"4 minuts\" \/>\n<script type=\"application\/ld+json\" class=\"yoast-schema-graph\">{\"@context\":\"https:\\\/\\\/schema.org\",\"@graph\":[{\"@type\":\"WebPage\",\"@id\":\"https:\\\/\\\/dogandfamily.com\\\/ca\\\/politica-de-privacitat\\\/\",\"url\":\"https:\\\/\\\/dogandfamily.com\\\/ca\\\/politica-de-privacitat\\\/\",\"name\":\"Pol\u00edtica de privacitat\",\"isPartOf\":{\"@id\":\"https:\\\/\\\/dogandfamily.com\\\/ca\\\/#website\"},\"datePublished\":\"2018-11-26T16:14:36+00:00\",\"dateModified\":\"2023-07-02T17:40:57+00:00\",\"breadcrumb\":{\"@id\":\"https:\\\/\\\/dogandfamily.com\\\/ca\\\/politica-de-privacitat\\\/#breadcrumb\"},\"inLanguage\":\"ca\",\"potentialAction\":[{\"@type\":\"ReadAction\",\"target\":[\"https:\\\/\\\/dogandfamily.com\\\/ca\\\/politica-de-privacitat\\\/\"]}]},{\"@type\":\"BreadcrumbList\",\"@id\":\"https:\\\/\\\/dogandfamily.com\\\/ca\\\/politica-de-privacitat\\\/#breadcrumb\",\"itemListElement\":[{\"@type\":\"ListItem\",\"position\":1,\"name\":\"Portada\",\"item\":\"https:\\\/\\\/dogandfamily.com\\\/ca\\\/\"},{\"@type\":\"ListItem\",\"position\":2,\"name\":\"Pol\u00edtica de privacitat\"}]},{\"@type\":\"WebSite\",\"@id\":\"https:\\\/\\\/dogandfamily.com\\\/ca\\\/#website\",\"url\":\"https:\\\/\\\/dogandfamily.com\\\/ca\\\/\",\"name\":\"Dog &amp; Family\",\"description\":\"Alojamientos con alma para disfrutar de la naturaleza con tu perro. Los alojamientos DOG &amp; FAMILY son sencillos y peque\u00f1os hoteles y casa rurales con encanto, ideales para personas que quieren hacer senderismo, descubrir nuevos lugares o simplemente desconectar. Y compartir estos buenos momentos con tu perro.\",\"publisher\":{\"@id\":\"https:\\\/\\\/dogandfamily.com\\\/ca\\\/#organization\"},\"potentialAction\":[{\"@type\":\"SearchAction\",\"target\":{\"@type\":\"EntryPoint\",\"urlTemplate\":\"https:\\\/\\\/dogandfamily.com\\\/ca\\\/?s={search_term_string}\"},\"query-input\":{\"@type\":\"PropertyValueSpecification\",\"valueRequired\":true,\"valueName\":\"search_term_string\"}}],\"inLanguage\":\"ca\"},{\"@type\":\"Organization\",\"@id\":\"https:\\\/\\\/dogandfamily.com\\\/ca\\\/#organization\",\"name\":\"Dog &amp; Family\",\"url\":\"https:\\\/\\\/dogandfamily.com\\\/ca\\\/\",\"logo\":{\"@type\":\"ImageObject\",\"inLanguage\":\"ca\",\"@id\":\"https:\\\/\\\/dogandfamily.com\\\/ca\\\/#\\\/schema\\\/logo\\\/image\\\/\",\"url\":\"https:\\\/\\\/ebo7dpuwy2d.exactdn.com\\\/wp-content\\\/uploads\\\/2020\\\/05\\\/Gos-family-logo-51a01eb83678f53ac09cf9dc5d7ec805.png?strip=all\",\"contentUrl\":\"https:\\\/\\\/ebo7dpuwy2d.exactdn.com\\\/wp-content\\\/uploads\\\/2020\\\/05\\\/Gos-family-logo-51a01eb83678f53ac09cf9dc5d7ec805.png?strip=all\",\"width\":313,\"height\":313,\"caption\":\"Dog &amp; Family\"},\"image\":{\"@id\":\"https:\\\/\\\/dogandfamily.com\\\/ca\\\/#\\\/schema\\\/logo\\\/image\\\/\"}}]}<\/script>\n<!-- \/ Yoast SEO plugin. -->","yoast_head_json":{"title":"Pol\u00edtica de privacitat","robots":{"index":"noindex","follow":"nofollow"},"og_locale":"ca_ES","og_type":"article","og_title":"Pol\u00edtica de privacitat","og_description":"Pol\u00edtica de privacitat En compliment del REGLAMENT (UE) 2016\/679 DEL PARLAMENT EUROPEU I DEL CONSELL de 27 d\u2019abril de 2016, relatiu a la protecci\u00f3 de les persones f\u00edsiques pel que fa al tractament de dades personals i a la lliure circulaci\u00f3 d\u2019aquestes dades i a Llei org\u00e0nica 3\/2018, de 5 de desembre, de Protecci\u00f3 de [&hellip;]","og_url":"https:\/\/dogandfamily.com\/ca\/politica-de-privacitat\/","og_site_name":"Dog &amp; Family","article_modified_time":"2023-07-02T17:40:57+00:00","twitter_card":"summary_large_image","twitter_misc":{"Temps estimat de lectura":"4 minuts"},"schema":{"@context":"https:\/\/schema.org","@graph":[{"@type":"WebPage","@id":"https:\/\/dogandfamily.com\/ca\/politica-de-privacitat\/","url":"https:\/\/dogandfamily.com\/ca\/politica-de-privacitat\/","name":"Pol\u00edtica de privacitat","isPartOf":{"@id":"https:\/\/dogandfamily.com\/ca\/#website"},"datePublished":"2018-11-26T16:14:36+00:00","dateModified":"2023-07-02T17:40:57+00:00","breadcrumb":{"@id":"https:\/\/dogandfamily.com\/ca\/politica-de-privacitat\/#breadcrumb"},"inLanguage":"ca","potentialAction":[{"@type":"ReadAction","target":["https:\/\/dogandfamily.com\/ca\/politica-de-privacitat\/"]}]},{"@type":"BreadcrumbList","@id":"https:\/\/dogandfamily.com\/ca\/politica-de-privacitat\/#breadcrumb","itemListElement":[{"@type":"ListItem","position":1,"name":"Portada","item":"https:\/\/dogandfamily.com\/ca\/"},{"@type":"ListItem","position":2,"name":"Pol\u00edtica de privacitat"}]},{"@type":"WebSite","@id":"https:\/\/dogandfamily.com\/ca\/#website","url":"https:\/\/dogandfamily.com\/ca\/","name":"Dog &amp; Family","description":"Alojamientos con alma para disfrutar de la naturaleza con tu perro. Los alojamientos DOG &amp; FAMILY son sencillos y peque\u00f1os hoteles y casa rurales con encanto, ideales para personas que quieren hacer senderismo, descubrir nuevos lugares o simplemente desconectar. Y compartir estos buenos momentos con tu perro.","publisher":{"@id":"https:\/\/dogandfamily.com\/ca\/#organization"},"potentialAction":[{"@type":"SearchAction","target":{"@type":"EntryPoint","urlTemplate":"https:\/\/dogandfamily.com\/ca\/?s={search_term_string}"},"query-input":{"@type":"PropertyValueSpecification","valueRequired":true,"valueName":"search_term_string"}}],"inLanguage":"ca"},{"@type":"Organization","@id":"https:\/\/dogandfamily.com\/ca\/#organization","name":"Dog &amp; Family","url":"https:\/\/dogandfamily.com\/ca\/","logo":{"@type":"ImageObject","inLanguage":"ca","@id":"https:\/\/dogandfamily.com\/ca\/#\/schema\/logo\/image\/","url":"https:\/\/ebo7dpuwy2d.exactdn.com\/wp-content\/uploads\/2020\/05\/Gos-family-logo-51a01eb83678f53ac09cf9dc5d7ec805.png?strip=all","contentUrl":"https:\/\/ebo7dpuwy2d.exactdn.com\/wp-content\/uploads\/2020\/05\/Gos-family-logo-51a01eb83678f53ac09cf9dc5d7ec805.png?strip=all","width":313,"height":313,"caption":"Dog &amp; Family"},"image":{"@id":"https:\/\/dogandfamily.com\/ca\/#\/schema\/logo\/image\/"}}]}},"_links":{"self":[{"href":"https:\/\/dogandfamily.com\/ca\/wp-json\/wp\/v2\/pages\/14268","targetHints":{"allow":["GET"]}}],"collection":[{"href":"https:\/\/dogandfamily.com\/ca\/wp-json\/wp\/v2\/pages"}],"about":[{"href":"https:\/\/dogandfamily.com\/ca\/wp-json\/wp\/v2\/types\/page"}],"author":[{"embeddable":true,"href":"https:\/\/dogandfamily.com\/ca\/wp-json\/wp\/v2\/users\/4"}],"replies":[{"embeddable":true,"href":"https:\/\/dogandfamily.com\/ca\/wp-json\/wp\/v2\/comments?post=14268"}],"version-history":[{"count":7,"href":"https:\/\/dogandfamily.com\/ca\/wp-json\/wp\/v2\/pages\/14268\/revisions"}],"predecessor-version":[{"id":55212,"href":"https:\/\/dogandfamily.com\/ca\/wp-json\/wp\/v2\/pages\/14268\/revisions\/55212"}],"wp:attachment":[{"href":"https:\/\/dogandfamily.com\/ca\/wp-json\/wp\/v2\/media?parent=14268"}],"curies":[{"name":"wp","href":"https:\/\/api.w.org\/{rel}","templated":true}]}}